{"id":2275,"date":"2025-05-03T19:00:58","date_gmt":"2025-05-03T19:00:58","guid":{"rendered":"https:\/\/luxuryattics.com\/?page_id=2275"},"modified":"2025-05-03T19:30:04","modified_gmt":"2025-05-03T19:30:04","slug":"aviso-legal","status":"publish","type":"page","link":"https:\/\/luxuryattics.com\/de\/rechtshinweis\/","title":{"rendered":"Rechtlicher Hinweis"},"content":{"rendered":"<div data-elementor-type=\"wp-page\" data-elementor-id=\"2275\" class=\"elementor elementor-2275\" data-elementor-settings=\"{&quot;element_pack_global_tooltip_width&quot;:{&quot;unit&quot;:&quot;px&quot;,&quot;size&quot;:&quot;&quot;,&quot;sizes&quot;:[]},&quot;element_pack_global_tooltip_width_laptop&quot;:{&quot;unit&quot;:&quot;px&quot;,&quot;size&quot;:&quot;&quot;,&quot;sizes&quot;:[]},&quot;element_pack_global_tooltip_width_tablet_extra&quot;:{&quot;unit&quot;:&quot;px&quot;,&quot;size&quot;:&quot;&quot;,&quot;sizes&quot;:[]},&quot;element_pack_global_tooltip_width_tablet&quot;:{&quot;unit&quot;:&quot;px&quot;,&quot;size&quot;:&quot;&quot;,&quot;sizes&quot;:[]},&quot;element_pack_global_tooltip_width_mobile&quot;:{&quot;unit&quot;:&quot;px&quot;,&quot;size&quot;:&quot;&quot;,&quot;sizes&quot;:[]},&quot;element_pack_global_tooltip_padding&quot;:{&quot;unit&quot;:&quot;px&quot;,&quot;top&quot;:&quot;&quot;,&quot;right&quot;:&quot;&quot;,&quot;bottom&quot;:&quot;&quot;,&quot;left&quot;:&quot;&quot;,&quot;isLinked&quot;:true},&quot;element_pack_global_tooltip_padding_laptop&quot;:{&quot;unit&quot;:&quot;px&quot;,&quot;top&quot;:&quot;&quot;,&quot;right&quot;:&quot;&quot;,&quot;bottom&quot;:&quot;&quot;,&quot;left&quot;:&quot;&quot;,&quot;isLinked&quot;:true},&quot;element_pack_global_tooltip_padding_tablet_extra&quot;:{&quot;unit&quot;:&quot;px&quot;,&quot;top&quot;:&quot;&quot;,&quot;right&quot;:&quot;&quot;,&quot;bottom&quot;:&quot;&quot;,&quot;left&quot;:&quot;&quot;,&quot;isLinked&quot;:true},&quot;element_pack_global_tooltip_padding_tablet&quot;:{&quot;unit&quot;:&quot;px&quot;,&quot;top&quot;:&quot;&quot;,&quot;right&quot;:&quot;&quot;,&quot;bottom&quot;:&quot;&quot;,&quot;left&quot;:&quot;&quot;,&quot;isLinked&quot;:true},&quot;element_pack_global_tooltip_padding_mobile&quot;:{&quot;unit&quot;:&quot;px&quot;,&quot;top&quot;:&quot;&quot;,&quot;right&quot;:&quot;&quot;,&quot;bottom&quot;:&quot;&quot;,&quot;left&quot;:&quot;&quot;,&quot;isLinked&quot;:true},&quot;element_pack_global_tooltip_border_radius&quot;:{&quot;unit&quot;:&quot;px&quot;,&quot;top&quot;:&quot;&quot;,&quot;right&quot;:&quot;&quot;,&quot;bottom&quot;:&quot;&quot;,&quot;left&quot;:&quot;&quot;,&quot;isLinked&quot;:true},&quot;element_pack_global_tooltip_border_radius_laptop&quot;:{&quot;unit&quot;:&quot;px&quot;,&quot;top&quot;:&quot;&quot;,&quot;right&quot;:&quot;&quot;,&quot;bottom&quot;:&quot;&quot;,&quot;left&quot;:&quot;&quot;,&quot;isLinked&quot;:true},&quot;element_pack_global_tooltip_border_radius_tablet_extra&quot;:{&quot;unit&quot;:&quot;px&quot;,&quot;top&quot;:&quot;&quot;,&quot;right&quot;:&quot;&quot;,&quot;bottom&quot;:&quot;&quot;,&quot;left&quot;:&quot;&quot;,&quot;isLinked&quot;:true},&quot;element_pack_global_tooltip_border_radius_tablet&quot;:{&quot;unit&quot;:&quot;px&quot;,&quot;top&quot;:&quot;&quot;,&quot;right&quot;:&quot;&quot;,&quot;bottom&quot;:&quot;&quot;,&quot;left&quot;:&quot;&quot;,&quot;isLinked&quot;:true},&quot;element_pack_global_tooltip_border_radius_mobile&quot;:{&quot;unit&quot;:&quot;px&quot;,&quot;top&quot;:&quot;&quot;,&quot;right&quot;:&quot;&quot;,&quot;bottom&quot;:&quot;&quot;,&quot;left&quot;:&quot;&quot;,&quot;isLinked&quot;:true}}\" data-elementor-post-type=\"page\">\n\t\t\t\t<div class=\"elementor-element elementor-element-ea91f27 e-con-full e-flex e-con e-parent\" data-id=\"ea91f27\" data-element_type=\"container\">\n\t\t\t\t<div class=\"elementor-element elementor-element-a7cceed elementor-widget elementor-widget-image\" data-id=\"a7cceed\" data-element_type=\"widget\" data-widget_type=\"image.default\">\n\t\t\t\t<div class=\"elementor-widget-container\">\n\t\t\t\t\t\t\t\t\t\t\t\t\t\t\t<img fetchpriority=\"high\" decoding=\"async\" width=\"1920\" height=\"260\" src=\"https:\/\/luxuryattics.com\/wp-content\/uploads\/2025\/03\/contacto-luxury-attics.webp\" class=\"attachment-full size-full wp-image-1035\" alt=\"\" srcset=\"https:\/\/luxuryattics.com\/wp-content\/uploads\/2025\/03\/contacto-luxury-attics.webp 1920w, https:\/\/luxuryattics.com\/wp-content\/uploads\/2025\/03\/contacto-luxury-attics-600x81.webp 600w, https:\/\/luxuryattics.com\/wp-content\/uploads\/2025\/03\/contacto-luxury-attics-300x41.webp 300w, https:\/\/luxuryattics.com\/wp-content\/uploads\/2025\/03\/contacto-luxury-attics-1024x139.webp 1024w, https:\/\/luxuryattics.com\/wp-content\/uploads\/2025\/03\/contacto-luxury-attics-768x104.webp 768w, https:\/\/luxuryattics.com\/wp-content\/uploads\/2025\/03\/contacto-luxury-attics-18x2.webp 18w, https:\/\/luxuryattics.com\/wp-content\/uploads\/2025\/03\/contacto-luxury-attics-1536x208.webp 1536w, https:\/\/luxuryattics.com\/wp-content\/uploads\/2025\/03\/contacto-luxury-attics-170x23.webp 170w\" sizes=\"(max-width: 1920px) 100vw, 1920px\" \/>\t\t\t\t\t\t\t\t\t\t\t\t\t\t\t<\/div>\n\t\t\t\t<\/div>\n\t\t\t\t<\/div>\n\t\t<div class=\"elementor-element elementor-element-65af668 e-flex e-con-boxed e-con e-parent\" data-id=\"65af668\" data-element_type=\"container\" data-settings=\"{&quot;background_background&quot;:&quot;classic&quot;}\">\n\t\t\t\t\t<div class=\"e-con-inner\">\n\t\t<div class=\"elementor-element elementor-element-cddb744 e-con-full e-flex e-con e-child\" data-id=\"cddb744\" data-element_type=\"container\">\n\t\t\t\t<div class=\"elementor-element elementor-element-ec10e68 elementor-widget elementor-widget-heading\" data-id=\"ec10e68\" data-element_type=\"widget\" data-widget_type=\"heading.default\">\n\t\t\t\t<div class=\"elementor-widget-container\">\n\t\t\t\t\t<h2 class=\"elementor-heading-title elementor-size-default\">Rechtlicher Hinweis<\/h2>\t\t\t\t<\/div>\n\t\t\t\t<\/div>\n\t\t\t\t<div class=\"elementor-element elementor-element-e40e4d8 elementor-widget elementor-widget-text-editor\" data-id=\"e40e4d8\" data-element_type=\"widget\" data-widget_type=\"text-editor.default\">\n\t\t\t\t<div class=\"elementor-widget-container\">\n\t\t\t\t\t\t\t\t\t<p>In \u00dcbereinstimmung mit dem Gesetz 34\/2002 vom 11. Juli \u00fcber die Dienste der Informationsgesellschaft und den elektronischen Handel (LSSI CE) stellen wir den Nutzern die Daten unseres Unternehmens als Eigent\u00fcmer dieser Website zur Verf\u00fcgung:<\/p><p><strong>Eigent\u00fcmer der Website:<\/strong><\/p><p>-Firmenname: Rodrigo Delgado Diez<\/p><p>-NIF: 44216020S<\/p><p>-Handelsname: Rodrigo Delgado Diez<\/p><p>-Eingetragener Sitz: Av. Italia n\u00ba7, Huelva, 21001<\/p><p>-Leiter der Sicherheitsabteilung: Rodrigo Delgado Diez<\/p><p><strong>Kontaktinformationen:<\/strong><\/p><p>- Telefon: +34 658 66 08 53<\/p><p>- E-Mail:\u00a0<a href=\"mailto:juancarlos.marquez@soypecha.es\"><span class=\"elementor-icon-list-text\">info@luxuryattics.com<\/span><\/a><\/p><p>- Kontaktformular: https:\/\/luxuryattics.com\/contacto<\/p><p>Anmeldungen:<\/p><p>-Registrierung der Verarbeitung in \u00dcbereinstimmung mit der GDPR: Kunden, Lieferanten, Mitarbeiter und Webnutzer.<\/p><p>-Dom\u00e4nenname (Website): https:\/\/luxuryattics.com<\/p><p><strong>OBJEKT<\/strong><\/p><p>Rodrigo Delgado Diez , Verantwortlicher f\u00fcr die Website, stellt den Nutzern dieses Dokument zur Verf\u00fcgung, mit dem er die im Gesetz 34\/2002 \u00fcber die Dienste der Informationsgesellschaft und den elektronischen Handel (LSSI-CE) festgelegten Verpflichtungen erf\u00fcllen und alle Nutzer der Website \u00fcber die Nutzungsbedingungen der Website informieren m\u00f6chte.<\/p><p>Jede Person, die auf diese Website zugreift, \u00fcbernimmt die Rolle des Nutzers und verpflichtet sich zur Einhaltung und strikten Befolgung der hierin enthaltenen Bestimmungen sowie aller anderen m\u00f6glicherweise anwendbaren gesetzlichen Bestimmungen.<\/p><p>Rodrigo Delgado Diez beh\u00e4lt sich das Recht vor, jede Art von Information, die auf der Website erscheinen kann, zu \u00e4ndern, ohne dass eine Verpflichtung zur vorherigen Ank\u00fcndigung oder Information der Nutzer besteht, wobei die Ver\u00f6ffentlichung auf der Website als ausreichend angesehen wird.<\/p><p><strong>Bedingungen f\u00fcr die Nutzung<\/strong>.<\/p><p>Diese Website enth\u00e4lt Texte, die zu reinen Informations- oder Aufkl\u00e4rungszwecken erstellt wurden, die m\u00f6glicherweise nicht den aktuellen Stand der Gesetzgebung oder der Rechtsprechung widerspiegeln und die sich auf allgemeine Situationen beziehen, so dass ihr Inhalt vom Nutzer nicht unbedingt auf konkrete F\u00e4lle angewendet werden sollte.<\/p><p>Diese Website beschreibt die von Rodrigo Delgado Diez angebotenen Dienstleistungen. Ihre Nutzung setzt die Annahme der folgenden Bedingungen voraus, wobei auf die Geltendmachung jeglicher Anspr\u00fcche verzichtet wird:<\/p><p>a) Die Nutzung dieser Website ist f\u00fcr vollj\u00e4hrige Personen bestimmt.<\/p><p>b) Rodrigo Delgado Diez kann den Inhalt der Website, ihre Dienstleistungen, Tarife, Garantien usw. jederzeit und ohne vorherige Ank\u00fcndigung \u00e4ndern.<\/p><p>c) Rodrigo Delgado Diez kann dem Nutzer Links oder andere Elemente zur Verf\u00fcgung stellen, die den Zugang zu anderen Websites Dritter erm\u00f6glichen. Rodrigo Delgado Diez vermarktet weder die Produkte und Dienstleistungen dieser verlinkten Seiten, noch \u00fcbernehmen wir irgendeine Art von Verantwortung f\u00fcr diese, noch f\u00fcr die darin enthaltenen Informationen, noch f\u00fcr deren Wahrhaftigkeit oder Rechtm\u00e4\u00dfigkeit, noch f\u00fcr die Auswirkungen, die sich daraus ergeben k\u00f6nnen. In jedem Fall erkl\u00e4rt Rodrigo Delgado Diez, dass es jeden Inhalt, der gegen die nationale oder internationale Gesetzgebung, die Moral oder die \u00f6ffentliche Ordnung versto\u00dfen k\u00f6nnte, unverz\u00fcglich entfernen wird, indem es die Weiterleitung zu der besagten Website sofort zur\u00fcckzieht und die zust\u00e4ndigen Beh\u00f6rden \u00fcber den fraglichen Inhalt informiert.<\/p><p>d) Die auf der Website angegebenen Preise, sofern vorhanden, sind g\u00fcltig, au\u00dfer im Falle von Druckfehlern, und k\u00f6nnen ohne vorherige Ank\u00fcndigung ge\u00e4ndert werden.<\/p><p>e) Es ist nicht erforderlich, sich auf der Website zu registrieren oder pers\u00f6nliche Daten anzugeben, um sie zu besuchen.<\/p><p>f) Rodrigo Delgado Diez kann den ununterbrochenen oder v\u00f6llig fehlerfreien Betrieb dieser Website nicht garantieren. Daher sind wir nicht verantwortlich f\u00fcr Sch\u00e4den, die durch die Nutzung dieser Website verursacht werden.<\/p><p>g) Rodrigo Delgado Diez bietet seine Dienstleistungen und Produkte auf unbestimmte Zeit an, wobei er jedoch die M\u00f6glichkeit hat, die Bereitstellung derselben einseitig und ohne vorherige Ank\u00fcndigung einzustellen.<\/p><p>h) Rodrigo Delgado Diez haftet nicht f\u00fcr Sch\u00e4den, die ihm selbst oder Dritten durch die missbr\u00e4uchliche Nutzung dieser Website durch den Kunden entstehen.<\/p><p>i) Der Nutzer verpflichtet sich, diese Website oder die auf ihr angebotenen Dienste nicht f\u00fcr Aktivit\u00e4ten zu nutzen, die gegen das Gesetz, die \u00f6ffentliche Ordnung oder diese Bedingungen versto\u00dfen.<\/p><p>j) Rodrigo Delgado Diez ist nicht verantwortlich f\u00fcr Viren, die aus einer telematischen \u00dcbertragung stammen, die von Dritten mit dem Ziel eingeschleust wurde, negative Ergebnisse f\u00fcr ein Computersystem zu erzielen.<\/p><p>k) Rodrigo Delgado Diez ist nicht verantwortlich f\u00fcr die Informationen und Inhalte, die in Foren, Chats, Bloggeneratoren, Kommentaren, sozialen Netzwerken oder anderen Medien gespeichert werden, die es Dritten erm\u00f6glichen, Inhalte unabh\u00e4ngig auf der Website des Anbieters zu ver\u00f6ffentlichen. Dennoch steht Rodrigo Delgado Diez gem\u00e4\u00df den Bestimmungen der Art. 11 und 16 des LSSI-CE allen Nutzern, Beh\u00f6rden und Sicherheitskr\u00e4ften zur Verf\u00fcgung und arbeitet aktiv an der Entfernung oder Sperrung aller Inhalte mit, die die nationale oder internationale Gesetzgebung, die Rechte Dritter oder die Moral und die \u00f6ffentliche Ordnung beeintr\u00e4chtigen oder verletzen k\u00f6nnten. Sollte der Nutzer der Ansicht sein, dass sich auf der Website Inhalte befinden, die f\u00fcr diese Einstufung in Frage kommen k\u00f6nnten, bitten wir ihn, dies dem Administrator der Website unverz\u00fcglich mitzuteilen.<\/p><p>l) Diese Website wurde gepr\u00fcft und getestet, um sicherzustellen, dass sie korrekt funktioniert. Im Prinzip kann garantiert werden, dass sie 365 Tage im Jahr, 24 Stunden am Tag korrekt funktioniert. Rodrigo Delgado Diez schlie\u00dft jedoch nicht aus, dass bestimmte Programmierfehler auftreten k\u00f6nnen oder dass h\u00f6here Gewalt, Naturkatastrophen, Streiks oder \u00e4hnliche Umst\u00e4nde den Zugang zur Website unm\u00f6glich machen.<\/p><p>Kurz gesagt, der Nutzer ist allein verantwortlich f\u00fcr die Nutzung der Dienste, Inhalte und Links auf dieser Website.<\/p><p><strong>Geistiges Eigentum<\/strong>.<\/p><p>Die Website, einschlie\u00dflich, aber nicht beschr\u00e4nkt auf ihre Programmierung, Bearbeitung, Zusammenstellung und andere f\u00fcr ihren Betrieb notwendige Elemente, die Entw\u00fcrfe, Logos, Texte und\/oder Grafiken sind Eigentum von Rodrigo Delgado Diez oder verf\u00fcgen gegebenenfalls \u00fcber eine Lizenz oder ausdr\u00fcckliche Genehmigung der Urheber.<\/p><p>Der gesamte Inhalt der Website ist durch die Vorschriften \u00fcber geistiges und gewerbliches Eigentum ordnungsgem\u00e4\u00df gesch\u00fctzt und in den entsprechenden \u00f6ffentlichen Registern eingetragen, und die vollst\u00e4ndige oder teilweise Vervielf\u00e4ltigung und\/oder Ver\u00f6ffentlichung der Website oder ihre elektronische Verarbeitung, Verteilung, Verbreitung, \u00c4nderung oder Umwandlung ist ohne vorherige schriftliche Genehmigung nicht gestattet.<\/p><p>Die Designs, Logos, Texte und\/oder Grafiken, die nicht Rodrigo Delgado Diez geh\u00f6ren und die auf der Website erscheinen k\u00f6nnen, geh\u00f6ren ihren jeweiligen Eigent\u00fcmern, die selbst f\u00fcr eventuelle Streitigkeiten im Zusammenhang mit diesen verantwortlich sind. In jedem Fall hat Rodrigo Delgado Diez die ausdr\u00fcckliche und vorherige Genehmigung dieser Eigent\u00fcmer. Rodrigo Delgado Diez erkennt die entsprechenden gewerblichen und geistigen Eigentumsrechte zugunsten ihrer Eigent\u00fcmer an, und ihre blo\u00dfe Erw\u00e4hnung oder ihr Erscheinen auf der Website impliziert weder das Bestehen irgendwelcher Rechte oder Haftungen des Anbieters in Bezug auf dieselben, noch eine Bef\u00fcrwortung, Unterst\u00fctzung oder Empfehlung durch denselben.<\/p><p>Der Benutzer darf das auf dieser Website erscheinende Material f\u00fcr seinen pers\u00f6nlichen und privaten Gebrauch verwenden, die Verwendung f\u00fcr kommerzielle Zwecke ist verboten. Mar\u00eda Dolores Carrillo Clemente \u00fcberwacht die Einhaltung der oben genannten Bedingungen sowie die korrekte Nutzung der auf ihrer Website pr\u00e4sentierten Inhalte und ergreift die entsprechenden zivil- oder strafrechtlichen Ma\u00dfnahmen im Falle einer Verletzung oder Nichteinhaltung dieser Rechte durch den Nutzer.<\/p><p><strong>Anwendbares Recht und Gerichtsbarkeit<\/strong>.<\/p><p>Die vorliegenden Nutzungsbedingungen der Website unterliegen in allen ihren Aspekten dem spanischen Recht. Die Sprache f\u00fcr die Abfassung und Auslegung dieses rechtlichen Hinweises ist Spanisch. F\u00fcr die Beilegung aller Streitigkeiten oder Fragen im Zusammenhang mit dieser Website oder den darin durchgef\u00fchrten Aktivit\u00e4ten gilt das spanische Recht, dem sich die Parteien ausdr\u00fccklich unterwerfen, und die Gerichte von Huelva sind f\u00fcr die Beilegung aller Streitigkeiten zust\u00e4ndig, die sich aus der Nutzung dieser Website ergeben oder damit zusammenh\u00e4ngen.<\/p>\t\t\t\t\t\t\t\t<\/div>\n\t\t\t\t<\/div>\n\t\t\t\t<\/div>\n\t\t\t\t\t<\/div>\n\t\t\t\t<\/div>\n\t\t\t\t<\/div>","protected":false},"excerpt":{"rendered":"<p>Rechtlicher Hinweis In \u00dcbereinstimmung mit dem Gesetz 34\/2002 vom 11. Juli \u00fcber die Dienste der Informationsgesellschaft [...]<\/p>","protected":false},"author":2,"featured_media":0,"parent":0,"menu_order":0,"comment_status":"closed","ping_status":"closed","template":"elementor_theme","meta":{"site-sidebar-layout":"no-sidebar","site-content-layout":"","ast-site-content-layout":"full-width-container","site-content-style":"default","site-sidebar-style":"default","ast-global-header-display":"","ast-banner-title-visibility":"","ast-main-header-display":"","ast-hfb-above-header-display":"","ast-hfb-below-header-display":"","ast-hfb-mobile-header-display":"","site-post-title":"disabled","ast-breadcrumbs-content":"","ast-featured-img":"disabled","footer-sml-layout":"","theme-transparent-header-meta":"","adv-header-id-meta":"","stick-header-meta":"","header-above-stick-meta":"","header-main-stick-meta":"","header-below-stick-meta":"","astra-migrate-meta-layouts":"default","ast-page-background-enabled":"default","ast-page-background-meta":{"desktop":{"background-color":"var(--ast-global-color-5)","background-image":"","background-repeat":"repeat","background-position":"center center","background-size":"auto","background-attachment":"scroll","background-type":"","background-media":"","overlay-type":"","overlay-color":"","overlay-opacity":"","overlay-gradient":""},"tablet":{"background-color":"","background-image":"","background-repeat":"repeat","background-position":"center center","background-size":"auto","background-attachment":"scroll","background-type":"","background-media":"","overlay-type":"","overlay-color":"","overlay-opacity":"","overlay-gradient":""},"mobile":{"background-color":"","background-image":"","background-repeat":"repeat","background-position":"center center","background-size":"auto","background-attachment":"scroll","background-type":"","background-media":"","overlay-type":"","overlay-color":"","overlay-opacity":"","overlay-gradient":""}},"ast-content-background-meta":{"desktop":{"background-color":"var(--ast-global-color-4)","background-image":"","background-repeat":"repeat","background-position":"center center","background-size":"auto","background-attachment":"scroll","background-type":"","background-media":"","overlay-type":"","overlay-color":"","overlay-opacity":"","overlay-gradient":""},"tablet":{"background-color":"var(--ast-global-color-4)","background-image":"","background-repeat":"repeat","background-position":"center center","background-size":"auto","background-attachment":"scroll","background-type":"","background-media":"","overlay-type":"","overlay-color":"","overlay-opacity":"","overlay-gradient":""},"mobile":{"background-color":"var(--ast-global-color-4)","background-image":"","background-repeat":"repeat","background-position":"center center","background-size":"auto","background-attachment":"scroll","background-type":"","background-media":"","overlay-type":"","overlay-color":"","overlay-opacity":"","overlay-gradient":""}},"footnotes":""},"categories":[],"tags":[],"class_list":["post-2275","page","type-page","status-publish","hentry"],"yoast_head":"<!-- This site is optimized with the Yoast SEO Premium plugin v25.1 (Yoast SEO v25.2) - https:\/\/yoast.com\/wordpress\/plugins\/seo\/ -->\n<title>Aviso legal - LUXURY ATTICS<\/title>\n<meta name=\"robots\" content=\"index, follow, max-snippet:-1, max-image-preview:large, max-video-preview:-1\" \/>\n<link rel=\"canonical\" href=\"https:\/\/luxuryattics.com\/de\/rechtshinweis\/\" \/>\n<meta property=\"og:locale\" content=\"de_DE\" \/>\n<meta property=\"og:type\" content=\"article\" \/>\n<meta property=\"og:title\" content=\"Aviso legal\" \/>\n<meta property=\"og:description\" content=\"Aviso Legal En cumplimiento de la Ley 34\/2002, de 11 de julio, de Servicios de la Sociedad de la Informaci\u00f3n [&hellip;]\" \/>\n<meta property=\"og:url\" content=\"https:\/\/luxuryattics.com\/de\/rechtshinweis\/\" \/>\n<meta property=\"og:site_name\" content=\"LUXURY ATTICS\" \/>\n<meta property=\"article:modified_time\" content=\"2025-05-03T19:30:04+00:00\" \/>\n<meta property=\"og:image\" content=\"https:\/\/luxuryattics.com\/wp-content\/uploads\/2025\/03\/contacto-luxury-attics.webp\" \/>\n\t<meta property=\"og:image:width\" content=\"1920\" \/>\n\t<meta property=\"og:image:height\" content=\"260\" \/>\n\t<meta property=\"og:image:type\" content=\"image\/webp\" \/>\n<meta name=\"twitter:card\" content=\"summary_large_image\" \/>\n<meta name=\"twitter:label1\" content=\"Gesch\u00e4tzte Lesezeit\" \/>\n\t<meta name=\"twitter:data1\" content=\"7\u00a0Minuten\" \/>\n<script type=\"application\/ld+json\" class=\"yoast-schema-graph\">{\"@context\":\"https:\/\/schema.org\",\"@graph\":[{\"@type\":\"WebPage\",\"@id\":\"https:\/\/luxuryattics.com\/aviso-legal\/\",\"url\":\"https:\/\/luxuryattics.com\/aviso-legal\/\",\"name\":\"Aviso legal - LUXURY ATTICS\",\"isPartOf\":{\"@id\":\"https:\/\/luxuryattics.com\/#website\"},\"primaryImageOfPage\":{\"@id\":\"https:\/\/luxuryattics.com\/aviso-legal\/#primaryimage\"},\"image\":{\"@id\":\"https:\/\/luxuryattics.com\/aviso-legal\/#primaryimage\"},\"thumbnailUrl\":\"https:\/\/luxuryattics.com\/wp-content\/uploads\/2025\/03\/contacto-luxury-attics.webp\",\"datePublished\":\"2025-05-03T19:00:58+00:00\",\"dateModified\":\"2025-05-03T19:30:04+00:00\",\"breadcrumb\":{\"@id\":\"https:\/\/luxuryattics.com\/aviso-legal\/#breadcrumb\"},\"inLanguage\":\"de\",\"potentialAction\":[{\"@type\":\"ReadAction\",\"target\":[\"https:\/\/luxuryattics.com\/aviso-legal\/\"]}]},{\"@type\":\"ImageObject\",\"inLanguage\":\"de\",\"@id\":\"https:\/\/luxuryattics.com\/aviso-legal\/#primaryimage\",\"url\":\"https:\/\/luxuryattics.com\/wp-content\/uploads\/2025\/03\/contacto-luxury-attics.webp\",\"contentUrl\":\"https:\/\/luxuryattics.com\/wp-content\/uploads\/2025\/03\/contacto-luxury-attics.webp\"},{\"@type\":\"BreadcrumbList\",\"@id\":\"https:\/\/luxuryattics.com\/aviso-legal\/#breadcrumb\",\"itemListElement\":[{\"@type\":\"ListItem\",\"position\":1,\"name\":\"Portada\",\"item\":\"https:\/\/luxuryattics.com\/\"},{\"@type\":\"ListItem\",\"position\":2,\"name\":\"Aviso legal\"}]},{\"@type\":\"WebSite\",\"@id\":\"https:\/\/luxuryattics.com\/#website\",\"url\":\"https:\/\/luxuryattics.com\/\",\"name\":\"LUXURY ATTICS\",\"description\":\"\",\"publisher\":{\"@id\":\"https:\/\/luxuryattics.com\/#organization\"},\"potentialAction\":[{\"@type\":\"SearchAction\",\"target\":{\"@type\":\"EntryPoint\",\"urlTemplate\":\"https:\/\/luxuryattics.com\/?s={search_term_string}\"},\"query-input\":{\"@type\":\"PropertyValueSpecification\",\"valueRequired\":true,\"valueName\":\"search_term_string\"}}],\"inLanguage\":\"de\"},{\"@type\":\"Organization\",\"@id\":\"https:\/\/luxuryattics.com\/#organization\",\"name\":\"LUXURY ATTICS\",\"url\":\"https:\/\/luxuryattics.com\/\",\"logo\":{\"@type\":\"ImageObject\",\"inLanguage\":\"de\",\"@id\":\"https:\/\/luxuryattics.com\/#\/schema\/logo\/image\/\",\"url\":\"https:\/\/luxuryattics.com\/wp-content\/uploads\/2025\/04\/logotipo2.webp\",\"contentUrl\":\"https:\/\/luxuryattics.com\/wp-content\/uploads\/2025\/04\/logotipo2.webp\",\"width\":600,\"height\":120,\"caption\":\"LUXURY ATTICS\"},\"image\":{\"@id\":\"https:\/\/luxuryattics.com\/#\/schema\/logo\/image\/\"}}]}<\/script>\n<!-- \/ Yoast SEO Premium plugin. -->","yoast_head_json":{"title":"Aviso legal - LUXURY ATTICS","robots":{"index":"index","follow":"follow","max-snippet":"max-snippet:-1","max-image-preview":"max-image-preview:large","max-video-preview":"max-video-preview:-1"},"canonical":"https:\/\/luxuryattics.com\/de\/rechtshinweis\/","og_locale":"de_DE","og_type":"article","og_title":"Aviso legal","og_description":"Aviso Legal En cumplimiento de la Ley 34\/2002, de 11 de julio, de Servicios de la Sociedad de la Informaci\u00f3n [&hellip;]","og_url":"https:\/\/luxuryattics.com\/de\/rechtshinweis\/","og_site_name":"LUXURY ATTICS","article_modified_time":"2025-05-03T19:30:04+00:00","og_image":[{"width":1920,"height":260,"url":"https:\/\/luxuryattics.com\/wp-content\/uploads\/2025\/03\/contacto-luxury-attics.webp","type":"image\/webp"}],"twitter_card":"summary_large_image","twitter_misc":{"Gesch\u00e4tzte Lesezeit":"7\u00a0Minuten"},"schema":{"@context":"https:\/\/schema.org","@graph":[{"@type":"WebPage","@id":"https:\/\/luxuryattics.com\/aviso-legal\/","url":"https:\/\/luxuryattics.com\/aviso-legal\/","name":"Aviso legal - LUXURY ATTICS","isPartOf":{"@id":"https:\/\/luxuryattics.com\/#website"},"primaryImageOfPage":{"@id":"https:\/\/luxuryattics.com\/aviso-legal\/#primaryimage"},"image":{"@id":"https:\/\/luxuryattics.com\/aviso-legal\/#primaryimage"},"thumbnailUrl":"https:\/\/luxuryattics.com\/wp-content\/uploads\/2025\/03\/contacto-luxury-attics.webp","datePublished":"2025-05-03T19:00:58+00:00","dateModified":"2025-05-03T19:30:04+00:00","breadcrumb":{"@id":"https:\/\/luxuryattics.com\/aviso-legal\/#breadcrumb"},"inLanguage":"de","potentialAction":[{"@type":"ReadAction","target":["https:\/\/luxuryattics.com\/aviso-legal\/"]}]},{"@type":"ImageObject","inLanguage":"de","@id":"https:\/\/luxuryattics.com\/aviso-legal\/#primaryimage","url":"https:\/\/luxuryattics.com\/wp-content\/uploads\/2025\/03\/contacto-luxury-attics.webp","contentUrl":"https:\/\/luxuryattics.com\/wp-content\/uploads\/2025\/03\/contacto-luxury-attics.webp"},{"@type":"BreadcrumbList","@id":"https:\/\/luxuryattics.com\/aviso-legal\/#breadcrumb","itemListElement":[{"@type":"ListItem","position":1,"name":"Portada","item":"https:\/\/luxuryattics.com\/"},{"@type":"ListItem","position":2,"name":"Aviso legal"}]},{"@type":"WebSite","@id":"https:\/\/luxuryattics.com\/#website","url":"https:\/\/luxuryattics.com\/","name":"LUXURY ATTICS","description":"","publisher":{"@id":"https:\/\/luxuryattics.com\/#organization"},"potentialAction":[{"@type":"SearchAction","target":{"@type":"EntryPoint","urlTemplate":"https:\/\/luxuryattics.com\/?s={search_term_string}"},"query-input":{"@type":"PropertyValueSpecification","valueRequired":true,"valueName":"search_term_string"}}],"inLanguage":"de"},{"@type":"Organization","@id":"https:\/\/luxuryattics.com\/#organization","name":"LUXURY ATTICS","url":"https:\/\/luxuryattics.com\/","logo":{"@type":"ImageObject","inLanguage":"de","@id":"https:\/\/luxuryattics.com\/#\/schema\/logo\/image\/","url":"https:\/\/luxuryattics.com\/wp-content\/uploads\/2025\/04\/logotipo2.webp","contentUrl":"https:\/\/luxuryattics.com\/wp-content\/uploads\/2025\/04\/logotipo2.webp","width":600,"height":120,"caption":"LUXURY ATTICS"},"image":{"@id":"https:\/\/luxuryattics.com\/#\/schema\/logo\/image\/"}}]}},"_links":{"self":[{"href":"https:\/\/luxuryattics.com\/de\/wp-json\/wp\/v2\/pages\/2275","targetHints":{"allow":["GET"]}}],"collection":[{"href":"https:\/\/luxuryattics.com\/de\/wp-json\/wp\/v2\/pages"}],"about":[{"href":"https:\/\/luxuryattics.com\/de\/wp-json\/wp\/v2\/types\/page"}],"author":[{"embeddable":true,"href":"https:\/\/luxuryattics.com\/de\/wp-json\/wp\/v2\/users\/2"}],"replies":[{"embeddable":true,"href":"https:\/\/luxuryattics.com\/de\/wp-json\/wp\/v2\/comments?post=2275"}],"version-history":[{"count":4,"href":"https:\/\/luxuryattics.com\/de\/wp-json\/wp\/v2\/pages\/2275\/revisions"}],"predecessor-version":[{"id":2297,"href":"https:\/\/luxuryattics.com\/de\/wp-json\/wp\/v2\/pages\/2275\/revisions\/2297"}],"wp:attachment":[{"href":"https:\/\/luxuryattics.com\/de\/wp-json\/wp\/v2\/media?parent=2275"}],"wp:term":[{"taxonomy":"category","embeddable":true,"href":"https:\/\/luxuryattics.com\/de\/wp-json\/wp\/v2\/categories?post=2275"},{"taxonomy":"post_tag","embeddable":true,"href":"https:\/\/luxuryattics.com\/de\/wp-json\/wp\/v2\/tags?post=2275"}],"curies":[{"name":"wp","href":"https:\/\/api.w.org\/{rel}","templated":true}]}}