{"id":2279,"date":"2025-05-03T19:03:27","date_gmt":"2025-05-03T19:03:27","guid":{"rendered":"https:\/\/luxuryattics.com\/?page_id=2279"},"modified":"2025-05-03T20:24:10","modified_gmt":"2025-05-03T20:24:10","slug":"politica-de-cookies","status":"publish","type":"page","link":"https:\/\/luxuryattics.com\/de\/cookie-politik\/","title":{"rendered":"Cookies-Politik"},"content":{"rendered":"<div data-elementor-type=\"wp-page\" data-elementor-id=\"2279\" class=\"elementor elementor-2279\" data-elementor-settings=\"{&quot;element_pack_global_tooltip_width&quot;:{&quot;unit&quot;:&quot;px&quot;,&quot;size&quot;:&quot;&quot;,&quot;sizes&quot;:[]},&quot;element_pack_global_tooltip_width_laptop&quot;:{&quot;unit&quot;:&quot;px&quot;,&quot;size&quot;:&quot;&quot;,&quot;sizes&quot;:[]},&quot;element_pack_global_tooltip_width_tablet_extra&quot;:{&quot;unit&quot;:&quot;px&quot;,&quot;size&quot;:&quot;&quot;,&quot;sizes&quot;:[]},&quot;element_pack_global_tooltip_width_tablet&quot;:{&quot;unit&quot;:&quot;px&quot;,&quot;size&quot;:&quot;&quot;,&quot;sizes&quot;:[]},&quot;element_pack_global_tooltip_width_mobile&quot;:{&quot;unit&quot;:&quot;px&quot;,&quot;size&quot;:&quot;&quot;,&quot;sizes&quot;:[]},&quot;element_pack_global_tooltip_padding&quot;:{&quot;unit&quot;:&quot;px&quot;,&quot;top&quot;:&quot;&quot;,&quot;right&quot;:&quot;&quot;,&quot;bottom&quot;:&quot;&quot;,&quot;left&quot;:&quot;&quot;,&quot;isLinked&quot;:true},&quot;element_pack_global_tooltip_padding_laptop&quot;:{&quot;unit&quot;:&quot;px&quot;,&quot;top&quot;:&quot;&quot;,&quot;right&quot;:&quot;&quot;,&quot;bottom&quot;:&quot;&quot;,&quot;left&quot;:&quot;&quot;,&quot;isLinked&quot;:true},&quot;element_pack_global_tooltip_padding_tablet_extra&quot;:{&quot;unit&quot;:&quot;px&quot;,&quot;top&quot;:&quot;&quot;,&quot;right&quot;:&quot;&quot;,&quot;bottom&quot;:&quot;&quot;,&quot;left&quot;:&quot;&quot;,&quot;isLinked&quot;:true},&quot;element_pack_global_tooltip_padding_tablet&quot;:{&quot;unit&quot;:&quot;px&quot;,&quot;top&quot;:&quot;&quot;,&quot;right&quot;:&quot;&quot;,&quot;bottom&quot;:&quot;&quot;,&quot;left&quot;:&quot;&quot;,&quot;isLinked&quot;:true},&quot;element_pack_global_tooltip_padding_mobile&quot;:{&quot;unit&quot;:&quot;px&quot;,&quot;top&quot;:&quot;&quot;,&quot;right&quot;:&quot;&quot;,&quot;bottom&quot;:&quot;&quot;,&quot;left&quot;:&quot;&quot;,&quot;isLinked&quot;:true},&quot;element_pack_global_tooltip_border_radius&quot;:{&quot;unit&quot;:&quot;px&quot;,&quot;top&quot;:&quot;&quot;,&quot;right&quot;:&quot;&quot;,&quot;bottom&quot;:&quot;&quot;,&quot;left&quot;:&quot;&quot;,&quot;isLinked&quot;:true},&quot;element_pack_global_tooltip_border_radius_laptop&quot;:{&quot;unit&quot;:&quot;px&quot;,&quot;top&quot;:&quot;&quot;,&quot;right&quot;:&quot;&quot;,&quot;bottom&quot;:&quot;&quot;,&quot;left&quot;:&quot;&quot;,&quot;isLinked&quot;:true},&quot;element_pack_global_tooltip_border_radius_tablet_extra&quot;:{&quot;unit&quot;:&quot;px&quot;,&quot;top&quot;:&quot;&quot;,&quot;right&quot;:&quot;&quot;,&quot;bottom&quot;:&quot;&quot;,&quot;left&quot;:&quot;&quot;,&quot;isLinked&quot;:true},&quot;element_pack_global_tooltip_border_radius_tablet&quot;:{&quot;unit&quot;:&quot;px&quot;,&quot;top&quot;:&quot;&quot;,&quot;right&quot;:&quot;&quot;,&quot;bottom&quot;:&quot;&quot;,&quot;left&quot;:&quot;&quot;,&quot;isLinked&quot;:true},&quot;element_pack_global_tooltip_border_radius_mobile&quot;:{&quot;unit&quot;:&quot;px&quot;,&quot;top&quot;:&quot;&quot;,&quot;right&quot;:&quot;&quot;,&quot;bottom&quot;:&quot;&quot;,&quot;left&quot;:&quot;&quot;,&quot;isLinked&quot;:true}}\" data-elementor-post-type=\"page\">\n\t\t\t\t<div class=\"elementor-element elementor-element-ea91f27 e-con-full e-flex e-con e-parent\" data-id=\"ea91f27\" data-element_type=\"container\">\n\t\t\t\t<div class=\"elementor-element elementor-element-a7cceed elementor-widget elementor-widget-image\" data-id=\"a7cceed\" data-element_type=\"widget\" data-widget_type=\"image.default\">\n\t\t\t\t<div class=\"elementor-widget-container\">\n\t\t\t\t\t\t\t\t\t\t\t\t\t\t\t<img fetchpriority=\"high\" decoding=\"async\" width=\"1920\" height=\"260\" src=\"https:\/\/luxuryattics.com\/wp-content\/uploads\/2025\/03\/contacto-luxury-attics.webp\" class=\"attachment-full size-full wp-image-1035\" alt=\"\" srcset=\"https:\/\/luxuryattics.com\/wp-content\/uploads\/2025\/03\/contacto-luxury-attics.webp 1920w, https:\/\/luxuryattics.com\/wp-content\/uploads\/2025\/03\/contacto-luxury-attics-600x81.webp 600w, https:\/\/luxuryattics.com\/wp-content\/uploads\/2025\/03\/contacto-luxury-attics-300x41.webp 300w, https:\/\/luxuryattics.com\/wp-content\/uploads\/2025\/03\/contacto-luxury-attics-1024x139.webp 1024w, https:\/\/luxuryattics.com\/wp-content\/uploads\/2025\/03\/contacto-luxury-attics-768x104.webp 768w, https:\/\/luxuryattics.com\/wp-content\/uploads\/2025\/03\/contacto-luxury-attics-18x2.webp 18w, https:\/\/luxuryattics.com\/wp-content\/uploads\/2025\/03\/contacto-luxury-attics-1536x208.webp 1536w, https:\/\/luxuryattics.com\/wp-content\/uploads\/2025\/03\/contacto-luxury-attics-170x23.webp 170w\" sizes=\"(max-width: 1920px) 100vw, 1920px\" \/>\t\t\t\t\t\t\t\t\t\t\t\t\t\t\t<\/div>\n\t\t\t\t<\/div>\n\t\t\t\t<\/div>\n\t\t<div class=\"elementor-element elementor-element-015c873 e-flex e-con-boxed e-con e-parent\" data-id=\"015c873\" data-element_type=\"container\" data-settings=\"{&quot;background_background&quot;:&quot;classic&quot;}\">\n\t\t\t\t\t<div class=\"e-con-inner\">\n\t\t<div class=\"elementor-element elementor-element-bb3a606 e-con-full e-flex e-con e-child\" data-id=\"bb3a606\" data-element_type=\"container\">\n\t\t\t\t<div class=\"elementor-element elementor-element-28f26a6 elementor-widget elementor-widget-heading\" data-id=\"28f26a6\" data-element_type=\"widget\" data-widget_type=\"heading.default\">\n\t\t\t\t<div class=\"elementor-widget-container\">\n\t\t\t\t\t<h2 class=\"elementor-heading-title elementor-size-default\">Cookies-Politik<\/h2>\t\t\t\t<\/div>\n\t\t\t\t<\/div>\n\t\t\t\t<div class=\"elementor-element elementor-element-7293aef elementor-widget elementor-widget-text-editor\" data-id=\"7293aef\" data-element_type=\"widget\" data-widget_type=\"text-editor.default\">\n\t\t\t\t<div class=\"elementor-widget-container\">\n\t\t\t\t\t\t\t\t\t<p>Diese Website verwendet, wie die meisten Websites im Internet, Cookies, um die Benutzerfreundlichkeit zu verbessern und zu optimieren. Im Folgenden finden Sie ausf\u00fchrliche Informationen dar\u00fcber, was \"Cookies\" sind, welche Art von Cookies diese Website verwendet, wie Sie sie in Ihrem Browser deaktivieren k\u00f6nnen und wie Sie die Installation von Cookies Dritter gezielt blockieren k\u00f6nnen.<\/p><p><strong>Verantwortlich f\u00fcr die Website:<\/strong><\/p><p>-Firmenname: Rodrigo Delgado Diez<\/p><p>-NIF: 44216020S<\/p><p>-Handelsname: Rodrigo Delgado Diez<\/p><p>-Eingetragener Sitz: Av. Italia n\u00ba7, Huelva, 21001<\/p><p>-Leiter der Sicherheitsabteilung: Rodrigo Delgado Diez<\/p><p><strong>Kontaktinformationen:<\/strong><\/p><p>- Telefon: +34 658 66 08 53<\/p><p>- E-Mail:\u00a0<a href=\"mailto:juancarlos.marquez@soypecha.es\"><span class=\"elementor-icon-list-text\">info@luxuryattics.com<\/span><\/a><\/p><p>- Kontaktformular: https:\/\/luxuryattics.com\/contacto<\/p><p>Anmeldungen:<\/p><p>-Registrierung der Verarbeitung in \u00dcbereinstimmung mit der GDPR: Kunden, Lieferanten, Mitarbeiter und Webnutzer.<\/p><p>-Dom\u00e4nenname (Website): https:\/\/luxuryattics.com<\/p><p><strong>Was sind Cookies?<\/strong><\/p><p>Cookies sind Datendateien, die auf Ihren Computer oder Ihr mobiles Ger\u00e4t heruntergeladen werden, wenn Sie eine Website oder Anwendung besuchen. Cookies sind Hilfsmittel, die eine wesentliche Rolle bei der Bereitstellung vieler Dienste der Informationsgesellschaft spielen. Sie erm\u00f6glichen es einer Website unter anderem, Informationen \u00fcber die Surfgewohnheiten eines Nutzers oder seines Ger\u00e4ts zu speichern und abzurufen. Je nach den erhaltenen Informationen k\u00f6nnen sie verwendet werden, um den Nutzer wiederzuerkennen und den angebotenen Dienst zu verbessern.<\/p><p><strong>Welche Arten von Cookies gibt es?<\/strong><\/p><p>Je nach Einrichtung, Zeitraum oder Zweck, zu dem die durch die Cookies erhaltenen Daten verarbeitet werden, kann es sich dabei um folgende handeln:<\/p><p><strong>Dies h\u00e4ngt von der Entit\u00e4t ab, die die Dom\u00e4ne verwaltet:<\/strong><\/p><p><strong>Eigene Cookies<\/strong>Diejenigen, die von einem Computer oder einer Dom\u00e4ne, die vom Herausgeber selbst verwaltet wird und von der aus der vom Benutzer angeforderte Dienst bereitgestellt wird, an das Endger\u00e4t des Benutzers gesendet werden.<\/p><p><strong>Cookies von Dritten<\/strong>Cookies: Cookies, die von einem Computer oder einer Domain an das Endger\u00e4t des Nutzers gesendet werden, der\/die nicht vom Editor verwaltet wird, sondern von einer anderen Einheit, die die durch die Cookies erhaltenen Daten verarbeitet. F\u00fcr den Fall, dass die Cookies von einem Computer oder einer Domain installiert werden, die vom Editor selbst verwaltet werden, aber die durch sie gesammelten Informationen von einer dritten Partei verwaltet werden, k\u00f6nnen sie nicht als eigene Cookies betrachtet werden.<\/p><p><strong>Dies h\u00e4ngt von der Dauer der Lagerung ab:<\/strong><\/p><p><strong>Sitzungs-Cookies<\/strong>Entwickelt, um Daten zu sammeln und zu speichern, w\u00e4hrend der Nutzer auf eine Website zugreift. Sie werden in der Regel verwendet, um Informationen zu speichern, die nur f\u00fcr die Erbringung des vom Nutzer angeforderten Dienstes bei einer einzigen Gelegenheit aufbewahrt werden m\u00fcssen (z. B. eine Liste der gekauften Produkte).<\/p><p><strong>Dauerhafte Cookies<\/strong>Die Daten bleiben auf dem Endger\u00e4t gespeichert und k\u00f6nnen w\u00e4hrend eines vom Cookie-Inhaber festgelegten Zeitraums, der von einigen Minuten bis zu mehreren Jahren reichen kann, abgerufen und verarbeitet werden.<\/p><p><strong>Je nach ihrem Zweck<\/strong>:<\/p><p><strong>Technische Cookies<\/strong>Diejenigen, die es dem Nutzer erm\u00f6glichen, durch eine Website, eine Plattform oder eine Anwendung zu navigieren und die verschiedenen darin vorhandenen Optionen oder Dienste zu nutzen, wie z. B. die Steuerung des Datenverkehrs und der Datenkommunikation, die Identifizierung der Sitzung, den Zugriff auf Teile mit eingeschr\u00e4nktem Zugang, die Erinnerung an die Elemente, aus denen eine Bestellung besteht, die Durchf\u00fchrung des Kaufvorgangs einer Bestellung, die Beantragung der Registrierung oder der Teilnahme an einer Veranstaltung, die Verwendung von Sicherheitselementen w\u00e4hrend der Navigation, die Speicherung von Inhalten f\u00fcr die \u00dcbertragung von Videos oder Ton oder die gemeinsame Nutzung von Inhalten \u00fcber soziale Netzwerke.<\/p><p><strong>Personalisierungs-Cookies<\/strong>Sie erm\u00f6glichen dem Benutzer den Zugang zum Dienst mit einigen allgemeinen Merkmalen, die nach einer Reihe von Kriterien im Endger\u00e4t des Benutzers vordefiniert sind, wie z. B. die Sprache, die Art des Browsers, \u00fcber den der Benutzer auf den Dienst zugreift, die regionale Konfiguration, von der aus der Benutzer auf den Dienst zugreift, usw.<\/p><p><strong>Analyse-Cookies<\/strong>Sie erm\u00f6glichen es der f\u00fcr sie verantwortlichen Partei, das Verhalten der Nutzer der Websites, mit denen sie verkn\u00fcpft sind, zu \u00fcberwachen und zu analysieren. Die durch diese Art von Cookies gesammelten Informationen werden verwendet, um die Aktivit\u00e4t der Websites, Anwendungen oder Plattformen zu messen und um Browsing-Profile der Nutzer dieser Websites, Anwendungen und Plattformen zu erstellen, um Verbesserungen auf der Grundlage der Analyse der Nutzungsdaten der Nutzer des Dienstes einzuf\u00fchren.<\/p><p><strong>Werbung Cookies<\/strong>Sie erm\u00f6glichen die m\u00f6glichst effiziente Verwaltung von Werbefl\u00e4chen. Sie speichern Informationen \u00fcber das Verhalten der Nutzer, die durch die kontinuierliche Beobachtung ihrer Surfgewohnheiten gewonnen werden und die es erm\u00f6glichen, ein spezifisches Profil zu erstellen und darauf basierende Werbung anzuzeigen.<\/p><p><strong>Externe Cookies f\u00fcr soziale Medien<\/strong>Sie werden verwendet, damit die Besucher mit den Inhalten verschiedener sozialer Plattformen (Facebook, Youtube, Twitter, LinkedIn usw.) interagieren k\u00f6nnen, und werden nur f\u00fcr die Nutzer dieser sozialen Netzwerke erzeugt. Die Bedingungen f\u00fcr die Verwendung dieser Cookies und die gesammelten Informationen werden durch die Datenschutzrichtlinien der entsprechenden sozialen Plattform geregelt.<\/p><p>Wie werden sie auf den Websites von Luxury Attics (luxuryattics.com) verwendet?<\/p><p><span style=\"color: rgba(0, 0, 0, 0.7); font-family: 'Source Sans Pro', sans-serif; font-size: 17px;\">wcc_cookies_audit_table] [wcc_cookies_audit_table].<\/span><\/p><p>\u00a0<\/p><p><strong>Deaktivierung und L\u00f6schung von Cookies<\/strong>:<\/p><p>Obwohl unser Cookie-Verwaltungssystem es Ihnen erm\u00f6glicht, alle Cookies von luxuryattics.com zu aktivieren und zu deaktivieren, werden dadurch nicht alle Cookies von anderen Websites verhindert. Um dies zu tun, k\u00f6nnen Sie Ihre Einstellungen in Ihrem Browser \u00e4ndern. Die Art und Weise, wie Sie Cookies deaktivieren k\u00f6nnen, ist von Browser zu Browser unterschiedlich und kann sich von Zeit zu Zeit \u00e4ndern, wenn neue Versionen ver\u00f6ffentlicht werden. Sie k\u00f6nnen auch im Hilfemen\u00fc des Browsers nachsehen, wo Sie Anweisungen finden. Der Nutzer kann jederzeit w\u00e4hlen, welche Cookies er auf dieser Website verwenden m\u00f6chte. Hier sind einige Links zu Anleitungen f\u00fcr die g\u00e4ngigsten Browser:<\/p><p>Microsoft Internet Explorer oder Microsoft Edge: http:\/\/windows.microsoft.com\/es-es\/windows-vista\/Block-or-allow-cookies<\/p><p>Mozilla Firefox: http:\/\/support.mozilla.org\/es\/kb\/impedir-que-los-sitios-web-guarden-sus-preferencia<\/p><p>Chrom: https:\/\/support.google.com\/accounts\/answer\/61416?hl=es<\/p><p>Safari: http:\/\/safari.helpmax.net\/es\/privacidad-y-seguridad\/como-gestionar-las-cookies\/<\/p><p>Oper: http:\/\/help.opera.com\/Linux\/10.60\/es-ES\/cookies.html<\/p><p>Dar\u00fcber hinaus k\u00f6nnen Sie den Cookie-Speicher Ihres Browsers mit Hilfe von Tools wie den folgenden verwalten: Ghostery: www.ghostery.com\/ Your Online Choices: www.youronlinechoices.com\/es\/ Bei anderen Browsern suchen Sie bitte nach \"manage cookies in (browser name)\".<\/p><p><strong>Haben wir unsere Cookie-Richtlinie aktualisiert?<\/strong><\/p><p>Wir k\u00f6nnen die Cookie-Richtlinie auf unserer Website aktualisieren, daher empfehlen wir Ihnen, diese Richtlinie jedes Mal zu \u00fcberpr\u00fcfen, wenn Sie auf unsere Website zugreifen, um genau dar\u00fcber informiert zu sein, wie und wozu wir Cookies verwenden. Die Cookie-Richtlinie wurde zuletzt am [03. Mai 2025] aktualisiert.<\/p>\t\t\t\t\t\t\t\t<\/div>\n\t\t\t\t<\/div>\n\t\t\t\t<\/div>\n\t\t\t\t\t<\/div>\n\t\t\t\t<\/div>\n\t\t\t\t<\/div>","protected":false},"excerpt":{"rendered":"<p>Cookie-Richtlinie Diese Website verwendet, wie die meisten Websites im Internet, Cookies, um Ihr Erlebnis zu verbessern und [...]<\/p>","protected":false},"author":2,"featured_media":0,"parent":0,"menu_order":0,"comment_status":"closed","ping_status":"closed","template":"elementor_theme","meta":{"site-sidebar-layout":"no-sidebar","site-content-layout":"","ast-site-content-layout":"full-width-container","site-content-style":"default","site-sidebar-style":"default","ast-global-header-display":"","ast-banner-title-visibility":"","ast-main-header-display":"","ast-hfb-above-header-display":"","ast-hfb-below-header-display":"","ast-hfb-mobile-header-display":"","site-post-title":"disabled","ast-breadcrumbs-content":"","ast-featured-img":"disabled","footer-sml-layout":"","theme-transparent-header-meta":"","adv-header-id-meta":"","stick-header-meta":"","header-above-stick-meta":"","header-main-stick-meta":"","header-below-stick-meta":"","astra-migrate-meta-layouts":"default","ast-page-background-enabled":"default","ast-page-background-meta":{"desktop":{"background-color":"var(--ast-global-color-5)","background-image":"","background-repeat":"repeat","background-position":"center center","background-size":"auto","background-attachment":"scroll","background-type":"","background-media":"","overlay-type":"","overlay-color":"","overlay-opacity":"","overlay-gradient":""},"tablet":{"background-color":"","background-image":"","background-repeat":"repeat","background-position":"center center","background-size":"auto","background-attachment":"scroll","background-type":"","background-media":"","overlay-type":"","overlay-color":"","overlay-opacity":"","overlay-gradient":""},"mobile":{"background-color":"","background-image":"","background-repeat":"repeat","background-position":"center center","background-size":"auto","background-attachment":"scroll","background-type":"","background-media":"","overlay-type":"","overlay-color":"","overlay-opacity":"","overlay-gradient":""}},"ast-content-background-meta":{"desktop":{"background-color":"var(--ast-global-color-4)","background-image":"","background-repeat":"repeat","background-position":"center center","background-size":"auto","background-attachment":"scroll","background-type":"","background-media":"","overlay-type":"","overlay-color":"","overlay-opacity":"","overlay-gradient":""},"tablet":{"background-color":"var(--ast-global-color-4)","background-image":"","background-repeat":"repeat","background-position":"center center","background-size":"auto","background-attachment":"scroll","background-type":"","background-media":"","overlay-type":"","overlay-color":"","overlay-opacity":"","overlay-gradient":""},"mobile":{"background-color":"var(--ast-global-color-4)","background-image":"","background-repeat":"repeat","background-position":"center center","background-size":"auto","background-attachment":"scroll","background-type":"","background-media":"","overlay-type":"","overlay-color":"","overlay-opacity":"","overlay-gradient":""}},"footnotes":""},"categories":[],"tags":[],"class_list":["post-2279","page","type-page","status-publish","hentry"],"yoast_head":"<!-- This site is optimized with the Yoast SEO Premium plugin v25.1 (Yoast SEO v25.2) - https:\/\/yoast.com\/wordpress\/plugins\/seo\/ -->\n<title>Pol\u00edtica de cookies - LUXURY ATTICS<\/title>\n<meta name=\"robots\" content=\"index, follow, max-snippet:-1, max-image-preview:large, max-video-preview:-1\" \/>\n<link rel=\"canonical\" href=\"https:\/\/luxuryattics.com\/de\/cookie-politik\/\" \/>\n<meta property=\"og:locale\" content=\"de_DE\" \/>\n<meta property=\"og:type\" content=\"article\" \/>\n<meta property=\"og:title\" content=\"Pol\u00edtica de cookies\" \/>\n<meta property=\"og:description\" content=\"Pol\u00edtica de cookies Este sitio web, al igual que la mayor\u00eda de los sitios en Internet, usa Cookies para mejorar [&hellip;]\" \/>\n<meta property=\"og:url\" content=\"https:\/\/luxuryattics.com\/de\/cookie-politik\/\" \/>\n<meta property=\"og:site_name\" content=\"LUXURY ATTICS\" \/>\n<meta property=\"article:modified_time\" content=\"2025-05-03T20:24:10+00:00\" \/>\n<meta property=\"og:image\" content=\"https:\/\/luxuryattics.com\/wp-content\/uploads\/2025\/03\/contacto-luxury-attics.webp\" \/>\n\t<meta property=\"og:image:width\" content=\"1920\" \/>\n\t<meta property=\"og:image:height\" content=\"260\" \/>\n\t<meta property=\"og:image:type\" content=\"image\/webp\" \/>\n<meta name=\"twitter:card\" content=\"summary_large_image\" \/>\n<meta name=\"twitter:label1\" content=\"Gesch\u00e4tzte Lesezeit\" \/>\n\t<meta name=\"twitter:data1\" content=\"5\u00a0Minuten\" \/>\n<script type=\"application\/ld+json\" class=\"yoast-schema-graph\">{\"@context\":\"https:\/\/schema.org\",\"@graph\":[{\"@type\":\"WebPage\",\"@id\":\"https:\/\/luxuryattics.com\/politica-de-cookies\/\",\"url\":\"https:\/\/luxuryattics.com\/politica-de-cookies\/\",\"name\":\"Pol\u00edtica de cookies - LUXURY ATTICS\",\"isPartOf\":{\"@id\":\"https:\/\/luxuryattics.com\/#website\"},\"primaryImageOfPage\":{\"@id\":\"https:\/\/luxuryattics.com\/politica-de-cookies\/#primaryimage\"},\"image\":{\"@id\":\"https:\/\/luxuryattics.com\/politica-de-cookies\/#primaryimage\"},\"thumbnailUrl\":\"https:\/\/luxuryattics.com\/wp-content\/uploads\/2025\/03\/contacto-luxury-attics.webp\",\"datePublished\":\"2025-05-03T19:03:27+00:00\",\"dateModified\":\"2025-05-03T20:24:10+00:00\",\"breadcrumb\":{\"@id\":\"https:\/\/luxuryattics.com\/politica-de-cookies\/#breadcrumb\"},\"inLanguage\":\"de\",\"potentialAction\":[{\"@type\":\"ReadAction\",\"target\":[\"https:\/\/luxuryattics.com\/politica-de-cookies\/\"]}]},{\"@type\":\"ImageObject\",\"inLanguage\":\"de\",\"@id\":\"https:\/\/luxuryattics.com\/politica-de-cookies\/#primaryimage\",\"url\":\"https:\/\/luxuryattics.com\/wp-content\/uploads\/2025\/03\/contacto-luxury-attics.webp\",\"contentUrl\":\"https:\/\/luxuryattics.com\/wp-content\/uploads\/2025\/03\/contacto-luxury-attics.webp\"},{\"@type\":\"BreadcrumbList\",\"@id\":\"https:\/\/luxuryattics.com\/politica-de-cookies\/#breadcrumb\",\"itemListElement\":[{\"@type\":\"ListItem\",\"position\":1,\"name\":\"Portada\",\"item\":\"https:\/\/luxuryattics.com\/\"},{\"@type\":\"ListItem\",\"position\":2,\"name\":\"Pol\u00edtica de cookies\"}]},{\"@type\":\"WebSite\",\"@id\":\"https:\/\/luxuryattics.com\/#website\",\"url\":\"https:\/\/luxuryattics.com\/\",\"name\":\"LUXURY ATTICS\",\"description\":\"\",\"publisher\":{\"@id\":\"https:\/\/luxuryattics.com\/#organization\"},\"potentialAction\":[{\"@type\":\"SearchAction\",\"target\":{\"@type\":\"EntryPoint\",\"urlTemplate\":\"https:\/\/luxuryattics.com\/?s={search_term_string}\"},\"query-input\":{\"@type\":\"PropertyValueSpecification\",\"valueRequired\":true,\"valueName\":\"search_term_string\"}}],\"inLanguage\":\"de\"},{\"@type\":\"Organization\",\"@id\":\"https:\/\/luxuryattics.com\/#organization\",\"name\":\"LUXURY ATTICS\",\"url\":\"https:\/\/luxuryattics.com\/\",\"logo\":{\"@type\":\"ImageObject\",\"inLanguage\":\"de\",\"@id\":\"https:\/\/luxuryattics.com\/#\/schema\/logo\/image\/\",\"url\":\"https:\/\/luxuryattics.com\/wp-content\/uploads\/2025\/04\/logotipo2.webp\",\"contentUrl\":\"https:\/\/luxuryattics.com\/wp-content\/uploads\/2025\/04\/logotipo2.webp\",\"width\":600,\"height\":120,\"caption\":\"LUXURY ATTICS\"},\"image\":{\"@id\":\"https:\/\/luxuryattics.com\/#\/schema\/logo\/image\/\"}}]}<\/script>\n<!-- \/ Yoast SEO Premium plugin. -->","yoast_head_json":{"title":"Pol\u00edtica de cookies - LUXURY ATTICS","robots":{"index":"index","follow":"follow","max-snippet":"max-snippet:-1","max-image-preview":"max-image-preview:large","max-video-preview":"max-video-preview:-1"},"canonical":"https:\/\/luxuryattics.com\/de\/cookie-politik\/","og_locale":"de_DE","og_type":"article","og_title":"Pol\u00edtica de cookies","og_description":"Pol\u00edtica de cookies Este sitio web, al igual que la mayor\u00eda de los sitios en Internet, usa Cookies para mejorar [&hellip;]","og_url":"https:\/\/luxuryattics.com\/de\/cookie-politik\/","og_site_name":"LUXURY ATTICS","article_modified_time":"2025-05-03T20:24:10+00:00","og_image":[{"width":1920,"height":260,"url":"https:\/\/luxuryattics.com\/wp-content\/uploads\/2025\/03\/contacto-luxury-attics.webp","type":"image\/webp"}],"twitter_card":"summary_large_image","twitter_misc":{"Gesch\u00e4tzte Lesezeit":"5\u00a0Minuten"},"schema":{"@context":"https:\/\/schema.org","@graph":[{"@type":"WebPage","@id":"https:\/\/luxuryattics.com\/politica-de-cookies\/","url":"https:\/\/luxuryattics.com\/politica-de-cookies\/","name":"Pol\u00edtica de cookies - LUXURY ATTICS","isPartOf":{"@id":"https:\/\/luxuryattics.com\/#website"},"primaryImageOfPage":{"@id":"https:\/\/luxuryattics.com\/politica-de-cookies\/#primaryimage"},"image":{"@id":"https:\/\/luxuryattics.com\/politica-de-cookies\/#primaryimage"},"thumbnailUrl":"https:\/\/luxuryattics.com\/wp-content\/uploads\/2025\/03\/contacto-luxury-attics.webp","datePublished":"2025-05-03T19:03:27+00:00","dateModified":"2025-05-03T20:24:10+00:00","breadcrumb":{"@id":"https:\/\/luxuryattics.com\/politica-de-cookies\/#breadcrumb"},"inLanguage":"de","potentialAction":[{"@type":"ReadAction","target":["https:\/\/luxuryattics.com\/politica-de-cookies\/"]}]},{"@type":"ImageObject","inLanguage":"de","@id":"https:\/\/luxuryattics.com\/politica-de-cookies\/#primaryimage","url":"https:\/\/luxuryattics.com\/wp-content\/uploads\/2025\/03\/contacto-luxury-attics.webp","contentUrl":"https:\/\/luxuryattics.com\/wp-content\/uploads\/2025\/03\/contacto-luxury-attics.webp"},{"@type":"BreadcrumbList","@id":"https:\/\/luxuryattics.com\/politica-de-cookies\/#breadcrumb","itemListElement":[{"@type":"ListItem","position":1,"name":"Portada","item":"https:\/\/luxuryattics.com\/"},{"@type":"ListItem","position":2,"name":"Pol\u00edtica de cookies"}]},{"@type":"WebSite","@id":"https:\/\/luxuryattics.com\/#website","url":"https:\/\/luxuryattics.com\/","name":"LUXURY ATTICS","description":"","publisher":{"@id":"https:\/\/luxuryattics.com\/#organization"},"potentialAction":[{"@type":"SearchAction","target":{"@type":"EntryPoint","urlTemplate":"https:\/\/luxuryattics.com\/?s={search_term_string}"},"query-input":{"@type":"PropertyValueSpecification","valueRequired":true,"valueName":"search_term_string"}}],"inLanguage":"de"},{"@type":"Organization","@id":"https:\/\/luxuryattics.com\/#organization","name":"LUXURY ATTICS","url":"https:\/\/luxuryattics.com\/","logo":{"@type":"ImageObject","inLanguage":"de","@id":"https:\/\/luxuryattics.com\/#\/schema\/logo\/image\/","url":"https:\/\/luxuryattics.com\/wp-content\/uploads\/2025\/04\/logotipo2.webp","contentUrl":"https:\/\/luxuryattics.com\/wp-content\/uploads\/2025\/04\/logotipo2.webp","width":600,"height":120,"caption":"LUXURY ATTICS"},"image":{"@id":"https:\/\/luxuryattics.com\/#\/schema\/logo\/image\/"}}]}},"_links":{"self":[{"href":"https:\/\/luxuryattics.com\/de\/wp-json\/wp\/v2\/pages\/2279","targetHints":{"allow":["GET"]}}],"collection":[{"href":"https:\/\/luxuryattics.com\/de\/wp-json\/wp\/v2\/pages"}],"about":[{"href":"https:\/\/luxuryattics.com\/de\/wp-json\/wp\/v2\/types\/page"}],"author":[{"embeddable":true,"href":"https:\/\/luxuryattics.com\/de\/wp-json\/wp\/v2\/users\/2"}],"replies":[{"embeddable":true,"href":"https:\/\/luxuryattics.com\/de\/wp-json\/wp\/v2\/comments?post=2279"}],"version-history":[{"count":11,"href":"https:\/\/luxuryattics.com\/de\/wp-json\/wp\/v2\/pages\/2279\/revisions"}],"predecessor-version":[{"id":2627,"href":"https:\/\/luxuryattics.com\/de\/wp-json\/wp\/v2\/pages\/2279\/revisions\/2627"}],"wp:attachment":[{"href":"https:\/\/luxuryattics.com\/de\/wp-json\/wp\/v2\/media?parent=2279"}],"wp:term":[{"taxonomy":"category","embeddable":true,"href":"https:\/\/luxuryattics.com\/de\/wp-json\/wp\/v2\/categories?post=2279"},{"taxonomy":"post_tag","embeddable":true,"href":"https:\/\/luxuryattics.com\/de\/wp-json\/wp\/v2\/tags?post=2279"}],"curies":[{"name":"wp","href":"https:\/\/api.w.org\/{rel}","templated":true}]}}