{"id":2303,"date":"2025-05-03T19:39:22","date_gmt":"2025-05-03T19:39:22","guid":{"rendered":"https:\/\/luxuryattics.com\/?page_id=2303"},"modified":"2025-05-03T20:43:42","modified_gmt":"2025-05-03T20:43:42","slug":"promociones","status":"publish","type":"page","link":"https:\/\/luxuryattics.com\/de\/werbeaktionen\/","title":{"rendered":"Bef\u00f6rderungen!"},"content":{"rendered":"<div data-elementor-type=\"wp-page\" data-elementor-id=\"2303\" class=\"elementor elementor-2303\" data-elementor-settings=\"{&quot;element_pack_global_tooltip_width&quot;:{&quot;unit&quot;:&quot;px&quot;,&quot;size&quot;:&quot;&quot;,&quot;sizes&quot;:[]},&quot;element_pack_global_tooltip_width_laptop&quot;:{&quot;unit&quot;:&quot;px&quot;,&quot;size&quot;:&quot;&quot;,&quot;sizes&quot;:[]},&quot;element_pack_global_tooltip_width_tablet_extra&quot;:{&quot;unit&quot;:&quot;px&quot;,&quot;size&quot;:&quot;&quot;,&quot;sizes&quot;:[]},&quot;element_pack_global_tooltip_width_tablet&quot;:{&quot;unit&quot;:&quot;px&quot;,&quot;size&quot;:&quot;&quot;,&quot;sizes&quot;:[]},&quot;element_pack_global_tooltip_width_mobile&quot;:{&quot;unit&quot;:&quot;px&quot;,&quot;size&quot;:&quot;&quot;,&quot;sizes&quot;:[]},&quot;element_pack_global_tooltip_padding&quot;:{&quot;unit&quot;:&quot;px&quot;,&quot;top&quot;:&quot;&quot;,&quot;right&quot;:&quot;&quot;,&quot;bottom&quot;:&quot;&quot;,&quot;left&quot;:&quot;&quot;,&quot;isLinked&quot;:true},&quot;element_pack_global_tooltip_padding_laptop&quot;:{&quot;unit&quot;:&quot;px&quot;,&quot;top&quot;:&quot;&quot;,&quot;right&quot;:&quot;&quot;,&quot;bottom&quot;:&quot;&quot;,&quot;left&quot;:&quot;&quot;,&quot;isLinked&quot;:true},&quot;element_pack_global_tooltip_padding_tablet_extra&quot;:{&quot;unit&quot;:&quot;px&quot;,&quot;top&quot;:&quot;&quot;,&quot;right&quot;:&quot;&quot;,&quot;bottom&quot;:&quot;&quot;,&quot;left&quot;:&quot;&quot;,&quot;isLinked&quot;:true},&quot;element_pack_global_tooltip_padding_tablet&quot;:{&quot;unit&quot;:&quot;px&quot;,&quot;top&quot;:&quot;&quot;,&quot;right&quot;:&quot;&quot;,&quot;bottom&quot;:&quot;&quot;,&quot;left&quot;:&quot;&quot;,&quot;isLinked&quot;:true},&quot;element_pack_global_tooltip_padding_mobile&quot;:{&quot;unit&quot;:&quot;px&quot;,&quot;top&quot;:&quot;&quot;,&quot;right&quot;:&quot;&quot;,&quot;bottom&quot;:&quot;&quot;,&quot;left&quot;:&quot;&quot;,&quot;isLinked&quot;:true},&quot;element_pack_global_tooltip_border_radius&quot;:{&quot;unit&quot;:&quot;px&quot;,&quot;top&quot;:&quot;&quot;,&quot;right&quot;:&quot;&quot;,&quot;bottom&quot;:&quot;&quot;,&quot;left&quot;:&quot;&quot;,&quot;isLinked&quot;:true},&quot;element_pack_global_tooltip_border_radius_laptop&quot;:{&quot;unit&quot;:&quot;px&quot;,&quot;top&quot;:&quot;&quot;,&quot;right&quot;:&quot;&quot;,&quot;bottom&quot;:&quot;&quot;,&quot;left&quot;:&quot;&quot;,&quot;isLinked&quot;:true},&quot;element_pack_global_tooltip_border_radius_tablet_extra&quot;:{&quot;unit&quot;:&quot;px&quot;,&quot;top&quot;:&quot;&quot;,&quot;right&quot;:&quot;&quot;,&quot;bottom&quot;:&quot;&quot;,&quot;left&quot;:&quot;&quot;,&quot;isLinked&quot;:true},&quot;element_pack_global_tooltip_border_radius_tablet&quot;:{&quot;unit&quot;:&quot;px&quot;,&quot;top&quot;:&quot;&quot;,&quot;right&quot;:&quot;&quot;,&quot;bottom&quot;:&quot;&quot;,&quot;left&quot;:&quot;&quot;,&quot;isLinked&quot;:true},&quot;element_pack_global_tooltip_border_radius_mobile&quot;:{&quot;unit&quot;:&quot;px&quot;,&quot;top&quot;:&quot;&quot;,&quot;right&quot;:&quot;&quot;,&quot;bottom&quot;:&quot;&quot;,&quot;left&quot;:&quot;&quot;,&quot;isLinked&quot;:true}}\" data-elementor-post-type=\"page\">\n\t\t\t\t<div class=\"elementor-element elementor-element-5031ade e-con-full e-flex e-con e-parent\" data-id=\"5031ade\" data-element_type=\"container\">\n\t\t\t\t<div class=\"elementor-element elementor-element-ba1a2c9 elementor-widget elementor-widget-image\" data-id=\"ba1a2c9\" data-element_type=\"widget\" data-widget_type=\"image.default\">\n\t\t\t\t<div class=\"elementor-widget-container\">\n\t\t\t\t\t\t\t\t\t\t\t\t\t\t\t<img fetchpriority=\"high\" decoding=\"async\" width=\"1920\" height=\"531\" src=\"https:\/\/luxuryattics.com\/wp-content\/uploads\/2025\/03\/el-entorno-luxury-attics.webp\" class=\"attachment-full size-full wp-image-1000\" alt=\"\" srcset=\"https:\/\/luxuryattics.com\/wp-content\/uploads\/2025\/03\/el-entorno-luxury-attics.webp 1920w, https:\/\/luxuryattics.com\/wp-content\/uploads\/2025\/03\/el-entorno-luxury-attics-600x166.webp 600w, https:\/\/luxuryattics.com\/wp-content\/uploads\/2025\/03\/el-entorno-luxury-attics-300x83.webp 300w, https:\/\/luxuryattics.com\/wp-content\/uploads\/2025\/03\/el-entorno-luxury-attics-1024x283.webp 1024w, https:\/\/luxuryattics.com\/wp-content\/uploads\/2025\/03\/el-entorno-luxury-attics-768x212.webp 768w, https:\/\/luxuryattics.com\/wp-content\/uploads\/2025\/03\/el-entorno-luxury-attics-18x5.webp 18w, https:\/\/luxuryattics.com\/wp-content\/uploads\/2025\/03\/el-entorno-luxury-attics-1536x425.webp 1536w, https:\/\/luxuryattics.com\/wp-content\/uploads\/2025\/03\/el-entorno-luxury-attics-170x47.webp 170w\" sizes=\"(max-width: 1920px) 100vw, 1920px\" \/>\t\t\t\t\t\t\t\t\t\t\t\t\t\t\t<\/div>\n\t\t\t\t<\/div>\n\t\t\t\t<\/div>\n\t\t<div class=\"elementor-element elementor-element-015c873 e-con-full e-flex e-con e-parent\" data-id=\"015c873\" data-element_type=\"container\" data-settings=\"{&quot;background_background&quot;:&quot;classic&quot;}\">\n\t\t<div class=\"elementor-element elementor-element-bb3a606 e-con-full e-flex e-con e-child\" data-id=\"bb3a606\" data-element_type=\"container\">\n\t\t\t\t<div class=\"elementor-element elementor-element-28f26a6 elementor-widget elementor-widget-heading\" data-id=\"28f26a6\" data-element_type=\"widget\" data-widget_type=\"heading.default\">\n\t\t\t\t<div class=\"elementor-widget-container\">\n\t\t\t\t\t<h2 class=\"elementor-heading-title elementor-size-default\">Bef\u00f6rderungen!<\/h2>\t\t\t\t<\/div>\n\t\t\t\t<\/div>\n\t\t\t\t<div class=\"elementor-element elementor-element-820e047 elementor-widget elementor-widget-text-editor\" data-id=\"820e047\" data-element_type=\"widget\" data-widget_type=\"text-editor.default\">\n\t\t\t\t<div class=\"elementor-widget-container\">\n\t\t\t\t\t\t\t\t\tF\u00fcr weitere Informationen \u00fcber unsere aktuellen Angebote kontaktieren Sie uns bitte telefonisch per Whatsapp: +34 658 66 08 53 oder per E-Mail an: atticsluxury@gmail.com , indem Sie eine Nachricht \u00fcber unser <a style=\"color:#070B2A;\" href=\"https:\/\/luxuryattics.com\/de\/kontakt\/\"><strong>Kontakt-Formular<\/strong><\/a>.\t\t\t\t\t\t\t\t<\/div>\n\t\t\t\t<\/div>\n\t\t\t\t<div class=\"elementor-element elementor-element-05374e6 elementor-grid-3 elementor-grid-tablet-2 elementor-grid-mobile-1 elementor-posts--thumbnail-top elementor-posts--show-avatar elementor-card-shadow-yes elementor-posts__hover-gradient elementor-widget elementor-widget-posts\" data-id=\"05374e6\" data-element_type=\"widget\" data-settings=\"{&quot;cards_columns&quot;:&quot;3&quot;,&quot;cards_columns_tablet&quot;:&quot;2&quot;,&quot;cards_columns_mobile&quot;:&quot;1&quot;,&quot;cards_row_gap&quot;:{&quot;unit&quot;:&quot;px&quot;,&quot;size&quot;:35,&quot;sizes&quot;:[]},&quot;cards_row_gap_laptop&quot;:{&quot;unit&quot;:&quot;px&quot;,&quot;size&quot;:&quot;&quot;,&quot;sizes&quot;:[]},&quot;cards_row_gap_tablet_extra&quot;:{&quot;unit&quot;:&quot;px&quot;,&quot;size&quot;:&quot;&quot;,&quot;sizes&quot;:[]},&quot;cards_row_gap_tablet&quot;:{&quot;unit&quot;:&quot;px&quot;,&quot;size&quot;:&quot;&quot;,&quot;sizes&quot;:[]},&quot;cards_row_gap_mobile&quot;:{&quot;unit&quot;:&quot;px&quot;,&quot;size&quot;:&quot;&quot;,&quot;sizes&quot;:[]}}\" data-widget_type=\"posts.cards\">\n\t\t\t\t<div class=\"elementor-widget-container\">\n\t\t\t\t\t\t\t<div class=\"elementor-posts-container elementor-posts elementor-posts--skin-cards elementor-grid\">\n\t\t\t\t<article class=\"elementor-post elementor-grid-item post-2319 page type-page status-publish has-post-thumbnail hentry category-promociones\">\n\t\t\t<div class=\"elementor-post__card\">\n\t\t\t\t<a class=\"elementor-post__thumbnail__link\" href=\"https:\/\/luxuryattics.com\/de\/werbeaktionen\/el-rocio-2025-forderung\/\" tabindex=\"-1\" ><div class=\"elementor-post__thumbnail\"><img decoding=\"async\" width=\"1920\" height=\"1285\" src=\"https:\/\/luxuryattics.com\/wp-content\/uploads\/2025\/05\/Promo-Rocio-2025.jpg\" class=\"attachment-full size-full wp-image-2321\" alt=\"\" srcset=\"https:\/\/luxuryattics.com\/wp-content\/uploads\/2025\/05\/Promo-Rocio-2025.jpg 1920w, https:\/\/luxuryattics.com\/wp-content\/uploads\/2025\/05\/Promo-Rocio-2025-300x201.jpg 300w, https:\/\/luxuryattics.com\/wp-content\/uploads\/2025\/05\/Promo-Rocio-2025-1024x685.jpg 1024w, https:\/\/luxuryattics.com\/wp-content\/uploads\/2025\/05\/Promo-Rocio-2025-768x514.jpg 768w, https:\/\/luxuryattics.com\/wp-content\/uploads\/2025\/05\/Promo-Rocio-2025-18x12.jpg 18w, https:\/\/luxuryattics.com\/wp-content\/uploads\/2025\/05\/Promo-Rocio-2025-1536x1028.jpg 1536w, https:\/\/luxuryattics.com\/wp-content\/uploads\/2025\/05\/Promo-Rocio-2025-600x402.jpg 600w\" sizes=\"(max-width: 1920px) 100vw, 1920px\" \/><\/div><\/a>\n\t\t\t\t<div class=\"elementor-post__badge\">Werbeaktionen<\/div>\n\t\t\t\t<div class=\"elementor-post__avatar\">\n\t\t\t<img alt='Miguel Rodriguez' src='https:\/\/luxuryattics.com\/wp-content\/uploads\/2025\/04\/cropped-icono-luxury-1-128x128.png' srcset='https:\/\/luxuryattics.com\/wp-content\/uploads\/2025\/04\/cropped-icono-luxury-1-256x256.png 2x' class='avatar avatar-128 photo' height='128' width='128' \/>\t\t<\/div>\n\t\t\t\t<div class=\"elementor-post__text\">\n\t\t\t\t<h3 class=\"elementor-post__title\">\n\t\t\t<a href=\"https:\/\/luxuryattics.com\/de\/werbeaktionen\/el-rocio-2025-forderung\/\" >\n\t\t\t\tEl Rocio 2025 F\u00f6rderung\t\t\t<\/a>\n\t\t<\/h3>\n\t\t\t\t<div class=\"elementor-post__excerpt\">\n\t\t\t<p>Stadt Huelva Promotion El Rocio 2025 Huelva, im S\u00fcdwesten Spaniens, bietet eine reiche Geschichte, Natur und Kultur.<\/p>\n\t\t<\/div>\n\t\t\n\t\t<a class=\"elementor-post__read-more\" href=\"https:\/\/luxuryattics.com\/de\/werbeaktionen\/el-rocio-2025-forderung\/\" aria-label=\"Lesen Sie mehr \u00fcber El Rocio 2025 Promotion\" tabindex=\"-1\" >\n\t\t\tMehr Informationen \"\t\t<\/a>\n\n\t\t\t\t<\/div>\n\t\t\t\t\t<\/div>\n\t\t<\/article>\n\t\t\t\t<article class=\"elementor-post elementor-grid-item post-2317 page type-page status-publish has-post-thumbnail hentry category-promociones\">\n\t\t\t<div class=\"elementor-post__card\">\n\t\t\t\t<a class=\"elementor-post__thumbnail__link\" href=\"https:\/\/luxuryattics.com\/de\/werbeaktionen\/fruhjahrsaktion-2025\/\" tabindex=\"-1\" ><div class=\"elementor-post__thumbnail\"><img decoding=\"async\" width=\"2560\" height=\"1920\" src=\"https:\/\/luxuryattics.com\/wp-content\/uploads\/2025\/05\/una-sola-jara-en-flor-scaled.jpg\" class=\"attachment-full size-full wp-image-2323\" alt=\"\" srcset=\"https:\/\/luxuryattics.com\/wp-content\/uploads\/2025\/05\/una-sola-jara-en-flor-scaled.jpg 2560w, https:\/\/luxuryattics.com\/wp-content\/uploads\/2025\/05\/una-sola-jara-en-flor-300x225.jpg 300w, https:\/\/luxuryattics.com\/wp-content\/uploads\/2025\/05\/una-sola-jara-en-flor-1024x768.jpg 1024w, https:\/\/luxuryattics.com\/wp-content\/uploads\/2025\/05\/una-sola-jara-en-flor-768x576.jpg 768w, https:\/\/luxuryattics.com\/wp-content\/uploads\/2025\/05\/una-sola-jara-en-flor-16x12.jpg 16w, https:\/\/luxuryattics.com\/wp-content\/uploads\/2025\/05\/una-sola-jara-en-flor-1536x1152.jpg 1536w, https:\/\/luxuryattics.com\/wp-content\/uploads\/2025\/05\/una-sola-jara-en-flor-2048x1536.jpg 2048w, https:\/\/luxuryattics.com\/wp-content\/uploads\/2025\/05\/una-sola-jara-en-flor-600x450.jpg 600w\" sizes=\"(max-width: 2560px) 100vw, 2560px\" \/><\/div><\/a>\n\t\t\t\t<div class=\"elementor-post__badge\">Werbeaktionen<\/div>\n\t\t\t\t<div class=\"elementor-post__avatar\">\n\t\t\t<img alt='Miguel Rodriguez' src='https:\/\/luxuryattics.com\/wp-content\/uploads\/2025\/04\/cropped-icono-luxury-1-128x128.png' srcset='https:\/\/luxuryattics.com\/wp-content\/uploads\/2025\/04\/cropped-icono-luxury-1-256x256.png 2x' class='avatar avatar-128 photo' height='128' width='128' \/>\t\t<\/div>\n\t\t\t\t<div class=\"elementor-post__text\">\n\t\t\t\t<h3 class=\"elementor-post__title\">\n\t\t\t<a href=\"https:\/\/luxuryattics.com\/de\/werbeaktionen\/fruhjahrsaktion-2025\/\" >\n\t\t\t\tFr\u00fchling 2025 F\u00f6rderung\t\t\t<\/a>\n\t\t<\/h3>\n\t\t\t\t<div class=\"elementor-post__excerpt\">\n\t\t\t<p>Stadt Huelva Fr\u00fchling 2025 Promotion Huelva, im S\u00fcdwesten Spaniens, bietet eine reiche Geschichte, Natur und Kultur. Besuchen Sie<\/p>\n\t\t<\/div>\n\t\t\n\t\t<a class=\"elementor-post__read-more\" href=\"https:\/\/luxuryattics.com\/de\/werbeaktionen\/fruhjahrsaktion-2025\/\" aria-label=\"Lesen Sie mehr \u00fcber die Fr\u00fchjahrsaktion 2025\" tabindex=\"-1\" >\n\t\t\tMehr Informationen \"\t\t<\/a>\n\n\t\t\t\t<\/div>\n\t\t\t\t\t<\/div>\n\t\t<\/article>\n\t\t\t\t<article class=\"elementor-post elementor-grid-item post-2315 page type-page status-publish has-post-thumbnail hentry category-promociones\">\n\t\t\t<div class=\"elementor-post__card\">\n\t\t\t\t<a class=\"elementor-post__thumbnail__link\" href=\"https:\/\/luxuryattics.com\/de\/werbeaktionen\/sommer-2025-forderung\/\" tabindex=\"-1\" ><div class=\"elementor-post__thumbnail\"><img loading=\"lazy\" decoding=\"async\" width=\"1152\" height=\"896\" src=\"https:\/\/luxuryattics.com\/wp-content\/uploads\/2025\/05\/freepik__the-style-is-candid-image-photography-with-natural__12108.jpeg\" class=\"attachment-full size-full wp-image-2322\" alt=\"\" srcset=\"https:\/\/luxuryattics.com\/wp-content\/uploads\/2025\/05\/freepik__the-style-is-candid-image-photography-with-natural__12108.jpeg 1152w, https:\/\/luxuryattics.com\/wp-content\/uploads\/2025\/05\/freepik__the-style-is-candid-image-photography-with-natural__12108-300x233.jpeg 300w, https:\/\/luxuryattics.com\/wp-content\/uploads\/2025\/05\/freepik__the-style-is-candid-image-photography-with-natural__12108-1024x796.jpeg 1024w, https:\/\/luxuryattics.com\/wp-content\/uploads\/2025\/05\/freepik__the-style-is-candid-image-photography-with-natural__12108-768x597.jpeg 768w, https:\/\/luxuryattics.com\/wp-content\/uploads\/2025\/05\/freepik__the-style-is-candid-image-photography-with-natural__12108-15x12.jpeg 15w, https:\/\/luxuryattics.com\/wp-content\/uploads\/2025\/05\/freepik__the-style-is-candid-image-photography-with-natural__12108-600x467.jpeg 600w\" sizes=\"(max-width: 1152px) 100vw, 1152px\" \/><\/div><\/a>\n\t\t\t\t<div class=\"elementor-post__badge\">Werbeaktionen<\/div>\n\t\t\t\t<div class=\"elementor-post__avatar\">\n\t\t\t<img alt='Miguel Rodriguez' src='https:\/\/luxuryattics.com\/wp-content\/uploads\/2025\/04\/cropped-icono-luxury-1-128x128.png' srcset='https:\/\/luxuryattics.com\/wp-content\/uploads\/2025\/04\/cropped-icono-luxury-1-256x256.png 2x' class='avatar avatar-128 photo' height='128' width='128' \/>\t\t<\/div>\n\t\t\t\t<div class=\"elementor-post__text\">\n\t\t\t\t<h3 class=\"elementor-post__title\">\n\t\t\t<a href=\"https:\/\/luxuryattics.com\/de\/werbeaktionen\/sommer-2025-forderung\/\" >\n\t\t\t\tSommer 2025 F\u00f6rderung\t\t\t<\/a>\n\t\t<\/h3>\n\t\t\t\t<div class=\"elementor-post__excerpt\">\n\t\t\t<p>Stadt Huelva Sommerpromotion 2025 Huelva, im S\u00fcdwesten Spaniens gelegen, bietet eine reiche Geschichte, Natur und Kultur. Besuchen Sie<\/p>\n\t\t<\/div>\n\t\t\n\t\t<a class=\"elementor-post__read-more\" href=\"https:\/\/luxuryattics.com\/de\/werbeaktionen\/sommer-2025-forderung\/\" aria-label=\"Lesen Sie mehr \u00fcber die Sommer 2025 Promotion\" tabindex=\"-1\" >\n\t\t\tMehr Informationen \"\t\t<\/a>\n\n\t\t\t\t<\/div>\n\t\t\t\t\t<\/div>\n\t\t<\/article>\n\t\t\t\t<\/div>\n\t\t\n\t\t\t\t\t\t<\/div>\n\t\t\t\t<\/div>\n\t\t\t\t<\/div>\n\t\t\t\t<\/div>\n\t\t\t\t<\/div>","protected":false},"excerpt":{"rendered":"<p>Sonderangebote! F\u00fcr weitere Informationen \u00fcber unsere aktuellen Aktionen, kontaktieren Sie uns bitte per Whatsapp: [...]<\/p>","protected":false},"author":2,"featured_media":0,"parent":0,"menu_order":0,"comment_status":"closed","ping_status":"closed","template":"elementor_theme","meta":{"site-sidebar-layout":"no-sidebar","site-content-layout":"","ast-site-content-layout":"full-width-container","site-content-style":"default","site-sidebar-style":"default","ast-global-header-display":"","ast-banner-title-visibility":"","ast-main-header-display":"","ast-hfb-above-header-display":"","ast-hfb-below-header-display":"","ast-hfb-mobile-header-display":"","site-post-title":"disabled","ast-breadcrumbs-content":"","ast-featured-img":"disabled","footer-sml-layout":"","theme-transparent-header-meta":"","adv-header-id-meta":"","stick-header-meta":"","header-above-stick-meta":"","header-main-stick-meta":"","header-below-stick-meta":"","astra-migrate-meta-layouts":"default","ast-page-background-enabled":"default","ast-page-background-meta":{"desktop":{"background-color":"var(--ast-global-color-5)","background-image":"","background-repeat":"repeat","background-position":"center center","background-size":"auto","background-attachment":"scroll","background-type":"","background-media":"","overlay-type":"","overlay-color":"","overlay-opacity":"","overlay-gradient":""},"tablet":{"background-color":"","background-image":"","background-repeat":"repeat","background-position":"center center","background-size":"auto","background-attachment":"scroll","background-type":"","background-media":"","overlay-type":"","overlay-color":"","overlay-opacity":"","overlay-gradient":""},"mobile":{"background-color":"","background-image":"","background-repeat":"repeat","background-position":"center center","background-size":"auto","background-attachment":"scroll","background-type":"","background-media":"","overlay-type":"","overlay-color":"","overlay-opacity":"","overlay-gradient":""}},"ast-content-background-meta":{"desktop":{"background-color":"var(--ast-global-color-4)","background-image":"","background-repeat":"repeat","background-position":"center center","background-size":"auto","background-attachment":"scroll","background-type":"","background-media":"","overlay-type":"","overlay-color":"","overlay-opacity":"","overlay-gradient":""},"tablet":{"background-color":"var(--ast-global-color-4)","background-image":"","background-repeat":"repeat","background-position":"center center","background-size":"auto","background-attachment":"scroll","background-type":"","background-media":"","overlay-type":"","overlay-color":"","overlay-opacity":"","overlay-gradient":""},"mobile":{"background-color":"var(--ast-global-color-4)","background-image":"","background-repeat":"repeat","background-position":"center center","background-size":"auto","background-attachment":"scroll","background-type":"","background-media":"","overlay-type":"","overlay-color":"","overlay-opacity":"","overlay-gradient":""}},"footnotes":""},"categories":[],"tags":[],"class_list":["post-2303","page","type-page","status-publish","hentry"],"yoast_head":"<!-- This site is optimized with the Yoast SEO Premium plugin v25.1 (Yoast SEO v25.2) - https:\/\/yoast.com\/wordpress\/plugins\/seo\/ -->\n<title>\u00a1Promociones! - LUXURY ATTICS<\/title>\n<meta name=\"robots\" content=\"index, follow, max-snippet:-1, max-image-preview:large, max-video-preview:-1\" \/>\n<link rel=\"canonical\" href=\"https:\/\/luxuryattics.com\/de\/werbeaktionen\/\" \/>\n<meta property=\"og:locale\" content=\"de_DE\" \/>\n<meta property=\"og:type\" content=\"article\" \/>\n<meta property=\"og:title\" content=\"\u00a1Promociones!\" \/>\n<meta property=\"og:description\" content=\"\u00a1 Promociones! Para obtener m\u00e1s informaci\u00f3n sobre nuestras promociones vigentes, p\u00f3ngase en contacto a trav\u00e9s de nuestro tel\u00e9fono v\u00eda Whatsapp: [&hellip;]\" \/>\n<meta property=\"og:url\" content=\"https:\/\/luxuryattics.com\/de\/werbeaktionen\/\" \/>\n<meta property=\"og:site_name\" content=\"LUXURY ATTICS\" \/>\n<meta property=\"article:modified_time\" content=\"2025-05-03T20:43:42+00:00\" \/>\n<meta property=\"og:image\" content=\"https:\/\/luxuryattics.com\/wp-content\/uploads\/2025\/03\/el-entorno-luxury-attics.webp\" \/>\n\t<meta property=\"og:image:width\" content=\"1920\" \/>\n\t<meta property=\"og:image:height\" content=\"531\" \/>\n\t<meta property=\"og:image:type\" content=\"image\/webp\" \/>\n<meta name=\"twitter:card\" content=\"summary_large_image\" \/>\n<meta name=\"twitter:label1\" content=\"Gesch\u00e4tzte Lesezeit\" \/>\n\t<meta name=\"twitter:data1\" content=\"4\u00a0Minuten\" \/>\n<script type=\"application\/ld+json\" class=\"yoast-schema-graph\">{\"@context\":\"https:\/\/schema.org\",\"@graph\":[{\"@type\":\"WebPage\",\"@id\":\"https:\/\/luxuryattics.com\/promociones\/\",\"url\":\"https:\/\/luxuryattics.com\/promociones\/\",\"name\":\"\u00a1Promociones! - LUXURY ATTICS\",\"isPartOf\":{\"@id\":\"https:\/\/luxuryattics.com\/#website\"},\"primaryImageOfPage\":{\"@id\":\"https:\/\/luxuryattics.com\/promociones\/#primaryimage\"},\"image\":{\"@id\":\"https:\/\/luxuryattics.com\/promociones\/#primaryimage\"},\"thumbnailUrl\":\"https:\/\/luxuryattics.com\/wp-content\/uploads\/2025\/03\/el-entorno-luxury-attics.webp\",\"datePublished\":\"2025-05-03T19:39:22+00:00\",\"dateModified\":\"2025-05-03T20:43:42+00:00\",\"breadcrumb\":{\"@id\":\"https:\/\/luxuryattics.com\/promociones\/#breadcrumb\"},\"inLanguage\":\"de\",\"potentialAction\":[{\"@type\":\"ReadAction\",\"target\":[\"https:\/\/luxuryattics.com\/promociones\/\"]}]},{\"@type\":\"ImageObject\",\"inLanguage\":\"de\",\"@id\":\"https:\/\/luxuryattics.com\/promociones\/#primaryimage\",\"url\":\"https:\/\/luxuryattics.com\/wp-content\/uploads\/2025\/03\/el-entorno-luxury-attics.webp\",\"contentUrl\":\"https:\/\/luxuryattics.com\/wp-content\/uploads\/2025\/03\/el-entorno-luxury-attics.webp\"},{\"@type\":\"BreadcrumbList\",\"@id\":\"https:\/\/luxuryattics.com\/promociones\/#breadcrumb\",\"itemListElement\":[{\"@type\":\"ListItem\",\"position\":1,\"name\":\"Portada\",\"item\":\"https:\/\/luxuryattics.com\/\"},{\"@type\":\"ListItem\",\"position\":2,\"name\":\"\u00a1Promociones!\"}]},{\"@type\":\"WebSite\",\"@id\":\"https:\/\/luxuryattics.com\/#website\",\"url\":\"https:\/\/luxuryattics.com\/\",\"name\":\"LUXURY ATTICS\",\"description\":\"\",\"publisher\":{\"@id\":\"https:\/\/luxuryattics.com\/#organization\"},\"potentialAction\":[{\"@type\":\"SearchAction\",\"target\":{\"@type\":\"EntryPoint\",\"urlTemplate\":\"https:\/\/luxuryattics.com\/?s={search_term_string}\"},\"query-input\":{\"@type\":\"PropertyValueSpecification\",\"valueRequired\":true,\"valueName\":\"search_term_string\"}}],\"inLanguage\":\"de\"},{\"@type\":\"Organization\",\"@id\":\"https:\/\/luxuryattics.com\/#organization\",\"name\":\"LUXURY ATTICS\",\"url\":\"https:\/\/luxuryattics.com\/\",\"logo\":{\"@type\":\"ImageObject\",\"inLanguage\":\"de\",\"@id\":\"https:\/\/luxuryattics.com\/#\/schema\/logo\/image\/\",\"url\":\"https:\/\/luxuryattics.com\/wp-content\/uploads\/2025\/04\/logotipo2.webp\",\"contentUrl\":\"https:\/\/luxuryattics.com\/wp-content\/uploads\/2025\/04\/logotipo2.webp\",\"width\":600,\"height\":120,\"caption\":\"LUXURY ATTICS\"},\"image\":{\"@id\":\"https:\/\/luxuryattics.com\/#\/schema\/logo\/image\/\"}}]}<\/script>\n<!-- \/ Yoast SEO Premium plugin. -->","yoast_head_json":{"title":"\u00a1Promociones! - LUXURY ATTICS","robots":{"index":"index","follow":"follow","max-snippet":"max-snippet:-1","max-image-preview":"max-image-preview:large","max-video-preview":"max-video-preview:-1"},"canonical":"https:\/\/luxuryattics.com\/de\/werbeaktionen\/","og_locale":"de_DE","og_type":"article","og_title":"\u00a1Promociones!","og_description":"\u00a1 Promociones! Para obtener m\u00e1s informaci\u00f3n sobre nuestras promociones vigentes, p\u00f3ngase en contacto a trav\u00e9s de nuestro tel\u00e9fono v\u00eda Whatsapp: [&hellip;]","og_url":"https:\/\/luxuryattics.com\/de\/werbeaktionen\/","og_site_name":"LUXURY ATTICS","article_modified_time":"2025-05-03T20:43:42+00:00","og_image":[{"width":1920,"height":531,"url":"https:\/\/luxuryattics.com\/wp-content\/uploads\/2025\/03\/el-entorno-luxury-attics.webp","type":"image\/webp"}],"twitter_card":"summary_large_image","twitter_misc":{"Gesch\u00e4tzte Lesezeit":"4\u00a0Minuten"},"schema":{"@context":"https:\/\/schema.org","@graph":[{"@type":"WebPage","@id":"https:\/\/luxuryattics.com\/promociones\/","url":"https:\/\/luxuryattics.com\/promociones\/","name":"\u00a1Promociones! - LUXURY ATTICS","isPartOf":{"@id":"https:\/\/luxuryattics.com\/#website"},"primaryImageOfPage":{"@id":"https:\/\/luxuryattics.com\/promociones\/#primaryimage"},"image":{"@id":"https:\/\/luxuryattics.com\/promociones\/#primaryimage"},"thumbnailUrl":"https:\/\/luxuryattics.com\/wp-content\/uploads\/2025\/03\/el-entorno-luxury-attics.webp","datePublished":"2025-05-03T19:39:22+00:00","dateModified":"2025-05-03T20:43:42+00:00","breadcrumb":{"@id":"https:\/\/luxuryattics.com\/promociones\/#breadcrumb"},"inLanguage":"de","potentialAction":[{"@type":"ReadAction","target":["https:\/\/luxuryattics.com\/promociones\/"]}]},{"@type":"ImageObject","inLanguage":"de","@id":"https:\/\/luxuryattics.com\/promociones\/#primaryimage","url":"https:\/\/luxuryattics.com\/wp-content\/uploads\/2025\/03\/el-entorno-luxury-attics.webp","contentUrl":"https:\/\/luxuryattics.com\/wp-content\/uploads\/2025\/03\/el-entorno-luxury-attics.webp"},{"@type":"BreadcrumbList","@id":"https:\/\/luxuryattics.com\/promociones\/#breadcrumb","itemListElement":[{"@type":"ListItem","position":1,"name":"Portada","item":"https:\/\/luxuryattics.com\/"},{"@type":"ListItem","position":2,"name":"\u00a1Promociones!"}]},{"@type":"WebSite","@id":"https:\/\/luxuryattics.com\/#website","url":"https:\/\/luxuryattics.com\/","name":"LUXURY ATTICS","description":"","publisher":{"@id":"https:\/\/luxuryattics.com\/#organization"},"potentialAction":[{"@type":"SearchAction","target":{"@type":"EntryPoint","urlTemplate":"https:\/\/luxuryattics.com\/?s={search_term_string}"},"query-input":{"@type":"PropertyValueSpecification","valueRequired":true,"valueName":"search_term_string"}}],"inLanguage":"de"},{"@type":"Organization","@id":"https:\/\/luxuryattics.com\/#organization","name":"LUXURY ATTICS","url":"https:\/\/luxuryattics.com\/","logo":{"@type":"ImageObject","inLanguage":"de","@id":"https:\/\/luxuryattics.com\/#\/schema\/logo\/image\/","url":"https:\/\/luxuryattics.com\/wp-content\/uploads\/2025\/04\/logotipo2.webp","contentUrl":"https:\/\/luxuryattics.com\/wp-content\/uploads\/2025\/04\/logotipo2.webp","width":600,"height":120,"caption":"LUXURY ATTICS"},"image":{"@id":"https:\/\/luxuryattics.com\/#\/schema\/logo\/image\/"}}]}},"_links":{"self":[{"href":"https:\/\/luxuryattics.com\/de\/wp-json\/wp\/v2\/pages\/2303","targetHints":{"allow":["GET"]}}],"collection":[{"href":"https:\/\/luxuryattics.com\/de\/wp-json\/wp\/v2\/pages"}],"about":[{"href":"https:\/\/luxuryattics.com\/de\/wp-json\/wp\/v2\/types\/page"}],"author":[{"embeddable":true,"href":"https:\/\/luxuryattics.com\/de\/wp-json\/wp\/v2\/users\/2"}],"replies":[{"embeddable":true,"href":"https:\/\/luxuryattics.com\/de\/wp-json\/wp\/v2\/comments?post=2303"}],"version-history":[{"count":13,"href":"https:\/\/luxuryattics.com\/de\/wp-json\/wp\/v2\/pages\/2303\/revisions"}],"predecessor-version":[{"id":2347,"href":"https:\/\/luxuryattics.com\/de\/wp-json\/wp\/v2\/pages\/2303\/revisions\/2347"}],"wp:attachment":[{"href":"https:\/\/luxuryattics.com\/de\/wp-json\/wp\/v2\/media?parent=2303"}],"wp:term":[{"taxonomy":"category","embeddable":true,"href":"https:\/\/luxuryattics.com\/de\/wp-json\/wp\/v2\/categories?post=2303"},{"taxonomy":"post_tag","embeddable":true,"href":"https:\/\/luxuryattics.com\/de\/wp-json\/wp\/v2\/tags?post=2303"}],"curies":[{"name":"wp","href":"https:\/\/api.w.org\/{rel}","templated":true}]}}