{"id":2319,"date":"2025-05-03T19:57:12","date_gmt":"2025-05-03T19:57:12","guid":{"rendered":"https:\/\/luxuryattics.com\/?page_id=2319"},"modified":"2025-05-03T20:49:42","modified_gmt":"2025-05-03T20:49:42","slug":"promocion-el-rocio-2025","status":"publish","type":"page","link":"https:\/\/luxuryattics.com\/de\/werbeaktionen\/el-rocio-2025-forderung\/","title":{"rendered":"El Rocio 2025 F\u00f6rderung"},"content":{"rendered":"<div data-elementor-type=\"wp-page\" data-elementor-id=\"2319\" class=\"elementor elementor-2319\" data-elementor-settings=\"{&quot;element_pack_global_tooltip_width&quot;:{&quot;unit&quot;:&quot;px&quot;,&quot;size&quot;:&quot;&quot;,&quot;sizes&quot;:[]},&quot;element_pack_global_tooltip_width_laptop&quot;:{&quot;unit&quot;:&quot;px&quot;,&quot;size&quot;:&quot;&quot;,&quot;sizes&quot;:[]},&quot;element_pack_global_tooltip_width_tablet_extra&quot;:{&quot;unit&quot;:&quot;px&quot;,&quot;size&quot;:&quot;&quot;,&quot;sizes&quot;:[]},&quot;element_pack_global_tooltip_width_tablet&quot;:{&quot;unit&quot;:&quot;px&quot;,&quot;size&quot;:&quot;&quot;,&quot;sizes&quot;:[]},&quot;element_pack_global_tooltip_width_mobile&quot;:{&quot;unit&quot;:&quot;px&quot;,&quot;size&quot;:&quot;&quot;,&quot;sizes&quot;:[]},&quot;element_pack_global_tooltip_padding&quot;:{&quot;unit&quot;:&quot;px&quot;,&quot;top&quot;:&quot;&quot;,&quot;right&quot;:&quot;&quot;,&quot;bottom&quot;:&quot;&quot;,&quot;left&quot;:&quot;&quot;,&quot;isLinked&quot;:true},&quot;element_pack_global_tooltip_padding_laptop&quot;:{&quot;unit&quot;:&quot;px&quot;,&quot;top&quot;:&quot;&quot;,&quot;right&quot;:&quot;&quot;,&quot;bottom&quot;:&quot;&quot;,&quot;left&quot;:&quot;&quot;,&quot;isLinked&quot;:true},&quot;element_pack_global_tooltip_padding_tablet_extra&quot;:{&quot;unit&quot;:&quot;px&quot;,&quot;top&quot;:&quot;&quot;,&quot;right&quot;:&quot;&quot;,&quot;bottom&quot;:&quot;&quot;,&quot;left&quot;:&quot;&quot;,&quot;isLinked&quot;:true},&quot;element_pack_global_tooltip_padding_tablet&quot;:{&quot;unit&quot;:&quot;px&quot;,&quot;top&quot;:&quot;&quot;,&quot;right&quot;:&quot;&quot;,&quot;bottom&quot;:&quot;&quot;,&quot;left&quot;:&quot;&quot;,&quot;isLinked&quot;:true},&quot;element_pack_global_tooltip_padding_mobile&quot;:{&quot;unit&quot;:&quot;px&quot;,&quot;top&quot;:&quot;&quot;,&quot;right&quot;:&quot;&quot;,&quot;bottom&quot;:&quot;&quot;,&quot;left&quot;:&quot;&quot;,&quot;isLinked&quot;:true},&quot;element_pack_global_tooltip_border_radius&quot;:{&quot;unit&quot;:&quot;px&quot;,&quot;top&quot;:&quot;&quot;,&quot;right&quot;:&quot;&quot;,&quot;bottom&quot;:&quot;&quot;,&quot;left&quot;:&quot;&quot;,&quot;isLinked&quot;:true},&quot;element_pack_global_tooltip_border_radius_laptop&quot;:{&quot;unit&quot;:&quot;px&quot;,&quot;top&quot;:&quot;&quot;,&quot;right&quot;:&quot;&quot;,&quot;bottom&quot;:&quot;&quot;,&quot;left&quot;:&quot;&quot;,&quot;isLinked&quot;:true},&quot;element_pack_global_tooltip_border_radius_tablet_extra&quot;:{&quot;unit&quot;:&quot;px&quot;,&quot;top&quot;:&quot;&quot;,&quot;right&quot;:&quot;&quot;,&quot;bottom&quot;:&quot;&quot;,&quot;left&quot;:&quot;&quot;,&quot;isLinked&quot;:true},&quot;element_pack_global_tooltip_border_radius_tablet&quot;:{&quot;unit&quot;:&quot;px&quot;,&quot;top&quot;:&quot;&quot;,&quot;right&quot;:&quot;&quot;,&quot;bottom&quot;:&quot;&quot;,&quot;left&quot;:&quot;&quot;,&quot;isLinked&quot;:true},&quot;element_pack_global_tooltip_border_radius_mobile&quot;:{&quot;unit&quot;:&quot;px&quot;,&quot;top&quot;:&quot;&quot;,&quot;right&quot;:&quot;&quot;,&quot;bottom&quot;:&quot;&quot;,&quot;left&quot;:&quot;&quot;,&quot;isLinked&quot;:true}}\" data-elementor-post-type=\"page\">\n\t\t\t\t<div class=\"elementor-element elementor-element-4aeb726 e-con-full e-flex e-con e-parent\" data-id=\"4aeb726\" data-element_type=\"container\">\n\t\t\t\t<div class=\"elementor-element elementor-element-facacea elementor-widget elementor-widget-image\" data-id=\"facacea\" data-element_type=\"widget\" data-widget_type=\"image.default\">\n\t\t\t\t<div class=\"elementor-widget-container\">\n\t\t\t\t\t\t\t\t\t\t\t\t\t\t\t<img fetchpriority=\"high\" decoding=\"async\" width=\"1920\" height=\"531\" src=\"https:\/\/luxuryattics.com\/wp-content\/uploads\/2025\/03\/el-entorno-luxury-attics.webp\" class=\"attachment-full size-full wp-image-1000\" alt=\"\" srcset=\"https:\/\/luxuryattics.com\/wp-content\/uploads\/2025\/03\/el-entorno-luxury-attics.webp 1920w, https:\/\/luxuryattics.com\/wp-content\/uploads\/2025\/03\/el-entorno-luxury-attics-600x166.webp 600w, https:\/\/luxuryattics.com\/wp-content\/uploads\/2025\/03\/el-entorno-luxury-attics-300x83.webp 300w, https:\/\/luxuryattics.com\/wp-content\/uploads\/2025\/03\/el-entorno-luxury-attics-1024x283.webp 1024w, https:\/\/luxuryattics.com\/wp-content\/uploads\/2025\/03\/el-entorno-luxury-attics-768x212.webp 768w, https:\/\/luxuryattics.com\/wp-content\/uploads\/2025\/03\/el-entorno-luxury-attics-18x5.webp 18w, https:\/\/luxuryattics.com\/wp-content\/uploads\/2025\/03\/el-entorno-luxury-attics-1536x425.webp 1536w, https:\/\/luxuryattics.com\/wp-content\/uploads\/2025\/03\/el-entorno-luxury-attics-170x47.webp 170w\" sizes=\"(max-width: 1920px) 100vw, 1920px\" \/>\t\t\t\t\t\t\t\t\t\t\t\t\t\t\t<\/div>\n\t\t\t\t<\/div>\n\t\t\t\t<\/div>\n\t\t<div class=\"elementor-element elementor-element-a60e375 e-con-full e-flex e-con e-parent\" data-id=\"a60e375\" data-element_type=\"container\" data-settings=\"{&quot;background_background&quot;:&quot;classic&quot;}\">\n\t\t<div class=\"elementor-element elementor-element-82ef81a e-con-full e-flex e-con e-child\" data-id=\"82ef81a\" data-element_type=\"container\">\n\t\t<div class=\"elementor-element elementor-element-d524dde e-con-full e-flex e-con e-child\" data-id=\"d524dde\" data-element_type=\"container\">\n\t\t\t\t<div class=\"elementor-element elementor-element-1d5e229 elementor-widget elementor-widget-text-editor\" data-id=\"1d5e229\" data-element_type=\"widget\" data-widget_type=\"text-editor.default\">\n\t\t\t\t<div class=\"elementor-widget-container\">\n\t\t\t\t\t\t\t\t\tStadt Huelva\t\t\t\t\t\t\t\t<\/div>\n\t\t\t\t<\/div>\n\t\t<div class=\"elementor-element elementor-element-f3b6a07 e-con-full e-flex e-con e-child\" data-id=\"f3b6a07\" data-element_type=\"container\">\n\t\t\t\t<div class=\"elementor-element elementor-element-67ff251 elementor-widget elementor-widget-heading\" data-id=\"67ff251\" data-element_type=\"widget\" data-widget_type=\"heading.default\">\n\t\t\t\t<div class=\"elementor-widget-container\">\n\t\t\t\t\t<h1 class=\"elementor-heading-title elementor-size-default\">El Rocio 2025 F\u00f6rderung<\/h1>\t\t\t\t<\/div>\n\t\t\t\t<\/div>\n\t\t\t\t<div class=\"elementor-element elementor-element-bd5e965 elementor-widget-divider--view-line elementor-widget elementor-widget-divider\" data-id=\"bd5e965\" data-element_type=\"widget\" data-widget_type=\"divider.default\">\n\t\t\t\t<div class=\"elementor-widget-container\">\n\t\t\t\t\t\t\t<div class=\"elementor-divider\">\n\t\t\t<span class=\"elementor-divider-separator\">\n\t\t\t\t\t\t<\/span>\n\t\t<\/div>\n\t\t\t\t\t\t<\/div>\n\t\t\t\t<\/div>\n\t\t\t\t<\/div>\n\t\t\t\t<div class=\"elementor-element elementor-element-8e2f4aa elementor-widget__width-initial elementor-widget elementor-widget-text-editor\" data-id=\"8e2f4aa\" data-element_type=\"widget\" data-widget_type=\"text-editor.default\">\n\t\t\t\t<div class=\"elementor-widget-container\">\n\t\t\t\t\t\t\t\t\t<p>Huelva, im S\u00fcdwesten Spaniens, bietet eine reiche Geschichte, Natur und Kultur. Zu den Wahrzeichen der Stadt geh\u00f6ren die Kathedrale La Merced, die Muelle del Tinto und das Barrio Reina Victoria mit seiner einzigartigen Architektur. Der Moret-Park ist der perfekte Ort, um die Natur im Herzen des Stadtzentrums zu genie\u00dfen, w\u00e4hrend das Denkmal f\u00fcr den entdeckenden Glauben das Verm\u00e4chtnis der Entdeckung Amerikas w\u00fcrdigt.<\/p><p>Sehenswert sind das Museum von Huelva, in dem Geschichte und zeitgen\u00f6ssische Kunst aufeinandertreffen, und die Casa Col\u00f3n, ein wichtiges Kulturzentrum der Stadt. Au\u00dferhalb des Zentrums sind die S\u00fcmpfe von Odiel und die nahe gelegenen Str\u00e4nde, wie Punta Umbr\u00eda, ideal f\u00fcr Naturliebhaber und zum Entspannen. Auch die \u00f6rtliche Gastronomie sollte man sich nicht entgehen lassen, mit frischen Produkten auf dem Mercado del Carmen.<\/p><p>Huelva ist eine Stadt, die Tradition, Kultur und Naturr\u00e4ume miteinander verbindet. Was auch immer der Grund f\u00fcr Ihren Besuch ist, Sie werden unvergessliche Erlebnisse haben, die Sie zum Wiederkommen bewegen werden. Provinz Huelva.<\/p>\t\t\t\t\t\t\t\t<\/div>\n\t\t\t\t<\/div>\n\t\t\t\t<\/div>\n\t\t<div class=\"elementor-element elementor-element-ec80b9b e-con-full e-flex e-con e-child\" data-id=\"ec80b9b\" data-element_type=\"container\">\n\t\t\t\t<div class=\"elementor-element elementor-element-a718a38 elementor-widget elementor-widget-image\" data-id=\"a718a38\" data-element_type=\"widget\" data-widget_type=\"image.default\">\n\t\t\t\t<div class=\"elementor-widget-container\">\n\t\t\t\t\t\t\t\t\t\t\t\t\t\t\t<img decoding=\"async\" width=\"561\" height=\"701\" src=\"https:\/\/luxuryattics.com\/wp-content\/uploads\/2025\/03\/huelva-turismo-historia-cultura-naturaleza.webp\" class=\"attachment-full size-full wp-image-27\" alt=\"Panoramablick auf Huelva mit der Muelle del Tinto bei Sonnenuntergang, einem Reiseziel mit Geschichte, Kultur und Natur in Andalusien, Spanien.\" srcset=\"https:\/\/luxuryattics.com\/wp-content\/uploads\/2025\/03\/huelva-turismo-historia-cultura-naturaleza.webp 561w, https:\/\/luxuryattics.com\/wp-content\/uploads\/2025\/03\/huelva-turismo-historia-cultura-naturaleza-240x300.webp 240w, https:\/\/luxuryattics.com\/wp-content\/uploads\/2025\/03\/huelva-turismo-historia-cultura-naturaleza-136x170.webp 136w\" sizes=\"(max-width: 561px) 100vw, 561px\" \/>\t\t\t\t\t\t\t\t\t\t\t\t\t\t\t<\/div>\n\t\t\t\t<\/div>\n\t\t\t\t<\/div>\n\t\t\t\t<\/div>\n\t\t\t\t<\/div>\n\t\t\t\t<\/div>","protected":false},"excerpt":{"rendered":"<p>Ciudad de Huelva Promoci\u00f3n El Rocio 2025 Huelva, im S\u00fcdwesten Spaniens, bietet eine reiche Geschichte, Natur und Kultur. [...]<\/p>","protected":false},"author":2,"featured_media":2321,"parent":2303,"menu_order":0,"comment_status":"closed","ping_status":"closed","template":"elementor_theme","meta":{"site-sidebar-layout":"no-sidebar","site-content-layout":"","ast-site-content-layout":"full-width-container","site-content-style":"default","site-sidebar-style":"default","ast-global-header-display":"","ast-banner-title-visibility":"","ast-main-header-display":"","ast-hfb-above-header-display":"","ast-hfb-below-header-display":"","ast-hfb-mobile-header-display":"","site-post-title":"disabled","ast-breadcrumbs-content":"","ast-featured-img":"disabled","footer-sml-layout":"","theme-transparent-header-meta":"","adv-header-id-meta":"","stick-header-meta":"","header-above-stick-meta":"","header-main-stick-meta":"","header-below-stick-meta":"","astra-migrate-meta-layouts":"default","ast-page-background-enabled":"default","ast-page-background-meta":{"desktop":{"background-color":"var(--ast-global-color-5)","background-image":"","background-repeat":"repeat","background-position":"center center","background-size":"auto","background-attachment":"scroll","background-type":"","background-media":"","overlay-type":"","overlay-color":"","overlay-opacity":"","overlay-gradient":""},"tablet":{"background-color":"","background-image":"","background-repeat":"repeat","background-position":"center center","background-size":"auto","background-attachment":"scroll","background-type":"","background-media":"","overlay-type":"","overlay-color":"","overlay-opacity":"","overlay-gradient":""},"mobile":{"background-color":"","background-image":"","background-repeat":"repeat","background-position":"center center","background-size":"auto","background-attachment":"scroll","background-type":"","background-media":"","overlay-type":"","overlay-color":"","overlay-opacity":"","overlay-gradient":""}},"ast-content-background-meta":{"desktop":{"background-color":"var(--ast-global-color-4)","background-image":"","background-repeat":"repeat","background-position":"center center","background-size":"auto","background-attachment":"scroll","background-type":"","background-media":"","overlay-type":"","overlay-color":"","overlay-opacity":"","overlay-gradient":""},"tablet":{"background-color":"var(--ast-global-color-4)","background-image":"","background-repeat":"repeat","background-position":"center center","background-size":"auto","background-attachment":"scroll","background-type":"","background-media":"","overlay-type":"","overlay-color":"","overlay-opacity":"","overlay-gradient":""},"mobile":{"background-color":"var(--ast-global-color-4)","background-image":"","background-repeat":"repeat","background-position":"center center","background-size":"auto","background-attachment":"scroll","background-type":"","background-media":"","overlay-type":"","overlay-color":"","overlay-opacity":"","overlay-gradient":""}},"footnotes":""},"categories":[31],"tags":[],"class_list":["post-2319","page","type-page","status-publish","has-post-thumbnail","hentry","category-promociones"],"yoast_head":"<!-- This site is optimized with the Yoast SEO Premium plugin v25.1 (Yoast SEO v25.2) - https:\/\/yoast.com\/wordpress\/plugins\/seo\/ -->\n<title>Promoci\u00f3n El Rocio 2025 - LUXURY ATTICS<\/title>\n<meta name=\"robots\" content=\"index, follow, max-snippet:-1, max-image-preview:large, max-video-preview:-1\" \/>\n<link rel=\"canonical\" href=\"https:\/\/luxuryattics.com\/de\/werbeaktionen\/el-rocio-2025-forderung\/\" \/>\n<meta property=\"og:locale\" content=\"de_DE\" \/>\n<meta property=\"og:type\" content=\"article\" \/>\n<meta property=\"og:title\" content=\"Promoci\u00f3n El Rocio 2025\" \/>\n<meta property=\"og:description\" content=\"Ciudad de Huelva Promoci\u00f3n El Rocio 2025 Huelva, en el suroeste de Espa\u00f1a, ofrece una rica historia, naturaleza y cultura. [&hellip;]\" \/>\n<meta property=\"og:url\" content=\"https:\/\/luxuryattics.com\/de\/werbeaktionen\/el-rocio-2025-forderung\/\" \/>\n<meta property=\"og:site_name\" content=\"LUXURY ATTICS\" \/>\n<meta property=\"article:modified_time\" content=\"2025-05-03T20:49:42+00:00\" \/>\n<meta property=\"og:image\" content=\"https:\/\/luxuryattics.com\/wp-content\/uploads\/2025\/05\/Promo-Rocio-2025.jpg\" \/>\n\t<meta property=\"og:image:width\" content=\"1920\" \/>\n\t<meta property=\"og:image:height\" content=\"1285\" \/>\n\t<meta property=\"og:image:type\" content=\"image\/jpeg\" \/>\n<meta name=\"twitter:card\" content=\"summary_large_image\" \/>\n<meta name=\"twitter:label1\" content=\"Gesch\u00e4tzte Lesezeit\" \/>\n\t<meta name=\"twitter:data1\" content=\"2\u00a0Minuten\" \/>\n<script type=\"application\/ld+json\" class=\"yoast-schema-graph\">{\"@context\":\"https:\/\/schema.org\",\"@graph\":[{\"@type\":\"WebPage\",\"@id\":\"https:\/\/luxuryattics.com\/promociones\/promocion-el-rocio-2025\/\",\"url\":\"https:\/\/luxuryattics.com\/promociones\/promocion-el-rocio-2025\/\",\"name\":\"Promoci\u00f3n El Rocio 2025 - LUXURY ATTICS\",\"isPartOf\":{\"@id\":\"https:\/\/luxuryattics.com\/#website\"},\"primaryImageOfPage\":{\"@id\":\"https:\/\/luxuryattics.com\/promociones\/promocion-el-rocio-2025\/#primaryimage\"},\"image\":{\"@id\":\"https:\/\/luxuryattics.com\/promociones\/promocion-el-rocio-2025\/#primaryimage\"},\"thumbnailUrl\":\"https:\/\/luxuryattics.com\/wp-content\/uploads\/2025\/05\/Promo-Rocio-2025.jpg\",\"datePublished\":\"2025-05-03T19:57:12+00:00\",\"dateModified\":\"2025-05-03T20:49:42+00:00\",\"breadcrumb\":{\"@id\":\"https:\/\/luxuryattics.com\/promociones\/promocion-el-rocio-2025\/#breadcrumb\"},\"inLanguage\":\"de\",\"potentialAction\":[{\"@type\":\"ReadAction\",\"target\":[\"https:\/\/luxuryattics.com\/promociones\/promocion-el-rocio-2025\/\"]}]},{\"@type\":\"ImageObject\",\"inLanguage\":\"de\",\"@id\":\"https:\/\/luxuryattics.com\/promociones\/promocion-el-rocio-2025\/#primaryimage\",\"url\":\"https:\/\/luxuryattics.com\/wp-content\/uploads\/2025\/05\/Promo-Rocio-2025.jpg\",\"contentUrl\":\"https:\/\/luxuryattics.com\/wp-content\/uploads\/2025\/05\/Promo-Rocio-2025.jpg\",\"width\":1920,\"height\":1285},{\"@type\":\"BreadcrumbList\",\"@id\":\"https:\/\/luxuryattics.com\/promociones\/promocion-el-rocio-2025\/#breadcrumb\",\"itemListElement\":[{\"@type\":\"ListItem\",\"position\":1,\"name\":\"Portada\",\"item\":\"https:\/\/luxuryattics.com\/\"},{\"@type\":\"ListItem\",\"position\":2,\"name\":\"\u00a1Promociones!\",\"item\":\"https:\/\/luxuryattics.com\/promociones\/\"},{\"@type\":\"ListItem\",\"position\":3,\"name\":\"Promoci\u00f3n El Rocio 2025\"}]},{\"@type\":\"WebSite\",\"@id\":\"https:\/\/luxuryattics.com\/#website\",\"url\":\"https:\/\/luxuryattics.com\/\",\"name\":\"LUXURY ATTICS\",\"description\":\"\",\"publisher\":{\"@id\":\"https:\/\/luxuryattics.com\/#organization\"},\"potentialAction\":[{\"@type\":\"SearchAction\",\"target\":{\"@type\":\"EntryPoint\",\"urlTemplate\":\"https:\/\/luxuryattics.com\/?s={search_term_string}\"},\"query-input\":{\"@type\":\"PropertyValueSpecification\",\"valueRequired\":true,\"valueName\":\"search_term_string\"}}],\"inLanguage\":\"de\"},{\"@type\":\"Organization\",\"@id\":\"https:\/\/luxuryattics.com\/#organization\",\"name\":\"LUXURY ATTICS\",\"url\":\"https:\/\/luxuryattics.com\/\",\"logo\":{\"@type\":\"ImageObject\",\"inLanguage\":\"de\",\"@id\":\"https:\/\/luxuryattics.com\/#\/schema\/logo\/image\/\",\"url\":\"https:\/\/luxuryattics.com\/wp-content\/uploads\/2025\/04\/logotipo2.webp\",\"contentUrl\":\"https:\/\/luxuryattics.com\/wp-content\/uploads\/2025\/04\/logotipo2.webp\",\"width\":600,\"height\":120,\"caption\":\"LUXURY ATTICS\"},\"image\":{\"@id\":\"https:\/\/luxuryattics.com\/#\/schema\/logo\/image\/\"}}]}<\/script>\n<!-- \/ Yoast SEO Premium plugin. -->","yoast_head_json":{"title":"Promoci\u00f3n El Rocio 2025 - LUXURY ATTICS","robots":{"index":"index","follow":"follow","max-snippet":"max-snippet:-1","max-image-preview":"max-image-preview:large","max-video-preview":"max-video-preview:-1"},"canonical":"https:\/\/luxuryattics.com\/de\/werbeaktionen\/el-rocio-2025-forderung\/","og_locale":"de_DE","og_type":"article","og_title":"Promoci\u00f3n El Rocio 2025","og_description":"Ciudad de Huelva Promoci\u00f3n El Rocio 2025 Huelva, en el suroeste de Espa\u00f1a, ofrece una rica historia, naturaleza y cultura. [&hellip;]","og_url":"https:\/\/luxuryattics.com\/de\/werbeaktionen\/el-rocio-2025-forderung\/","og_site_name":"LUXURY ATTICS","article_modified_time":"2025-05-03T20:49:42+00:00","og_image":[{"width":1920,"height":1285,"url":"https:\/\/luxuryattics.com\/wp-content\/uploads\/2025\/05\/Promo-Rocio-2025.jpg","type":"image\/jpeg"}],"twitter_card":"summary_large_image","twitter_misc":{"Gesch\u00e4tzte Lesezeit":"2\u00a0Minuten"},"schema":{"@context":"https:\/\/schema.org","@graph":[{"@type":"WebPage","@id":"https:\/\/luxuryattics.com\/promociones\/promocion-el-rocio-2025\/","url":"https:\/\/luxuryattics.com\/promociones\/promocion-el-rocio-2025\/","name":"Promoci\u00f3n El Rocio 2025 - LUXURY ATTICS","isPartOf":{"@id":"https:\/\/luxuryattics.com\/#website"},"primaryImageOfPage":{"@id":"https:\/\/luxuryattics.com\/promociones\/promocion-el-rocio-2025\/#primaryimage"},"image":{"@id":"https:\/\/luxuryattics.com\/promociones\/promocion-el-rocio-2025\/#primaryimage"},"thumbnailUrl":"https:\/\/luxuryattics.com\/wp-content\/uploads\/2025\/05\/Promo-Rocio-2025.jpg","datePublished":"2025-05-03T19:57:12+00:00","dateModified":"2025-05-03T20:49:42+00:00","breadcrumb":{"@id":"https:\/\/luxuryattics.com\/promociones\/promocion-el-rocio-2025\/#breadcrumb"},"inLanguage":"de","potentialAction":[{"@type":"ReadAction","target":["https:\/\/luxuryattics.com\/promociones\/promocion-el-rocio-2025\/"]}]},{"@type":"ImageObject","inLanguage":"de","@id":"https:\/\/luxuryattics.com\/promociones\/promocion-el-rocio-2025\/#primaryimage","url":"https:\/\/luxuryattics.com\/wp-content\/uploads\/2025\/05\/Promo-Rocio-2025.jpg","contentUrl":"https:\/\/luxuryattics.com\/wp-content\/uploads\/2025\/05\/Promo-Rocio-2025.jpg","width":1920,"height":1285},{"@type":"BreadcrumbList","@id":"https:\/\/luxuryattics.com\/promociones\/promocion-el-rocio-2025\/#breadcrumb","itemListElement":[{"@type":"ListItem","position":1,"name":"Portada","item":"https:\/\/luxuryattics.com\/"},{"@type":"ListItem","position":2,"name":"\u00a1Promociones!","item":"https:\/\/luxuryattics.com\/promociones\/"},{"@type":"ListItem","position":3,"name":"Promoci\u00f3n El Rocio 2025"}]},{"@type":"WebSite","@id":"https:\/\/luxuryattics.com\/#website","url":"https:\/\/luxuryattics.com\/","name":"LUXURY ATTICS","description":"","publisher":{"@id":"https:\/\/luxuryattics.com\/#organization"},"potentialAction":[{"@type":"SearchAction","target":{"@type":"EntryPoint","urlTemplate":"https:\/\/luxuryattics.com\/?s={search_term_string}"},"query-input":{"@type":"PropertyValueSpecification","valueRequired":true,"valueName":"search_term_string"}}],"inLanguage":"de"},{"@type":"Organization","@id":"https:\/\/luxuryattics.com\/#organization","name":"LUXURY ATTICS","url":"https:\/\/luxuryattics.com\/","logo":{"@type":"ImageObject","inLanguage":"de","@id":"https:\/\/luxuryattics.com\/#\/schema\/logo\/image\/","url":"https:\/\/luxuryattics.com\/wp-content\/uploads\/2025\/04\/logotipo2.webp","contentUrl":"https:\/\/luxuryattics.com\/wp-content\/uploads\/2025\/04\/logotipo2.webp","width":600,"height":120,"caption":"LUXURY ATTICS"},"image":{"@id":"https:\/\/luxuryattics.com\/#\/schema\/logo\/image\/"}}]}},"_links":{"self":[{"href":"https:\/\/luxuryattics.com\/de\/wp-json\/wp\/v2\/pages\/2319","targetHints":{"allow":["GET"]}}],"collection":[{"href":"https:\/\/luxuryattics.com\/de\/wp-json\/wp\/v2\/pages"}],"about":[{"href":"https:\/\/luxuryattics.com\/de\/wp-json\/wp\/v2\/types\/page"}],"author":[{"embeddable":true,"href":"https:\/\/luxuryattics.com\/de\/wp-json\/wp\/v2\/users\/2"}],"replies":[{"embeddable":true,"href":"https:\/\/luxuryattics.com\/de\/wp-json\/wp\/v2\/comments?post=2319"}],"version-history":[{"count":4,"href":"https:\/\/luxuryattics.com\/de\/wp-json\/wp\/v2\/pages\/2319\/revisions"}],"predecessor-version":[{"id":2365,"href":"https:\/\/luxuryattics.com\/de\/wp-json\/wp\/v2\/pages\/2319\/revisions\/2365"}],"up":[{"embeddable":true,"href":"https:\/\/luxuryattics.com\/de\/wp-json\/wp\/v2\/pages\/2303"}],"wp:featuredmedia":[{"embeddable":true,"href":"https:\/\/luxuryattics.com\/de\/wp-json\/wp\/v2\/media\/2321"}],"wp:attachment":[{"href":"https:\/\/luxuryattics.com\/de\/wp-json\/wp\/v2\/media?parent=2319"}],"wp:term":[{"taxonomy":"category","embeddable":true,"href":"https:\/\/luxuryattics.com\/de\/wp-json\/wp\/v2\/categories?post=2319"},{"taxonomy":"post_tag","embeddable":true,"href":"https:\/\/luxuryattics.com\/de\/wp-json\/wp\/v2\/tags?post=2319"}],"curies":[{"name":"wp","href":"https:\/\/api.w.org\/{rel}","templated":true}]}}