{"id":2279,"date":"2025-05-03T19:03:27","date_gmt":"2025-05-03T19:03:27","guid":{"rendered":"https:\/\/luxuryattics.com\/?page_id=2279"},"modified":"2025-05-03T20:24:10","modified_gmt":"2025-05-03T20:24:10","slug":"politica-de-cookies","status":"publish","type":"page","link":"https:\/\/luxuryattics.com\/en\/cookies-policy\/","title":{"rendered":"Cookie Policy"},"content":{"rendered":"<div data-elementor-type=\"wp-page\" data-elementor-id=\"2279\" class=\"elementor elementor-2279\" data-elementor-settings=\"{&quot;element_pack_global_tooltip_width&quot;:{&quot;unit&quot;:&quot;px&quot;,&quot;size&quot;:&quot;&quot;,&quot;sizes&quot;:[]},&quot;element_pack_global_tooltip_width_laptop&quot;:{&quot;unit&quot;:&quot;px&quot;,&quot;size&quot;:&quot;&quot;,&quot;sizes&quot;:[]},&quot;element_pack_global_tooltip_width_tablet_extra&quot;:{&quot;unit&quot;:&quot;px&quot;,&quot;size&quot;:&quot;&quot;,&quot;sizes&quot;:[]},&quot;element_pack_global_tooltip_width_tablet&quot;:{&quot;unit&quot;:&quot;px&quot;,&quot;size&quot;:&quot;&quot;,&quot;sizes&quot;:[]},&quot;element_pack_global_tooltip_width_mobile&quot;:{&quot;unit&quot;:&quot;px&quot;,&quot;size&quot;:&quot;&quot;,&quot;sizes&quot;:[]},&quot;element_pack_global_tooltip_padding&quot;:{&quot;unit&quot;:&quot;px&quot;,&quot;top&quot;:&quot;&quot;,&quot;right&quot;:&quot;&quot;,&quot;bottom&quot;:&quot;&quot;,&quot;left&quot;:&quot;&quot;,&quot;isLinked&quot;:true},&quot;element_pack_global_tooltip_padding_laptop&quot;:{&quot;unit&quot;:&quot;px&quot;,&quot;top&quot;:&quot;&quot;,&quot;right&quot;:&quot;&quot;,&quot;bottom&quot;:&quot;&quot;,&quot;left&quot;:&quot;&quot;,&quot;isLinked&quot;:true},&quot;element_pack_global_tooltip_padding_tablet_extra&quot;:{&quot;unit&quot;:&quot;px&quot;,&quot;top&quot;:&quot;&quot;,&quot;right&quot;:&quot;&quot;,&quot;bottom&quot;:&quot;&quot;,&quot;left&quot;:&quot;&quot;,&quot;isLinked&quot;:true},&quot;element_pack_global_tooltip_padding_tablet&quot;:{&quot;unit&quot;:&quot;px&quot;,&quot;top&quot;:&quot;&quot;,&quot;right&quot;:&quot;&quot;,&quot;bottom&quot;:&quot;&quot;,&quot;left&quot;:&quot;&quot;,&quot;isLinked&quot;:true},&quot;element_pack_global_tooltip_padding_mobile&quot;:{&quot;unit&quot;:&quot;px&quot;,&quot;top&quot;:&quot;&quot;,&quot;right&quot;:&quot;&quot;,&quot;bottom&quot;:&quot;&quot;,&quot;left&quot;:&quot;&quot;,&quot;isLinked&quot;:true},&quot;element_pack_global_tooltip_border_radius&quot;:{&quot;unit&quot;:&quot;px&quot;,&quot;top&quot;:&quot;&quot;,&quot;right&quot;:&quot;&quot;,&quot;bottom&quot;:&quot;&quot;,&quot;left&quot;:&quot;&quot;,&quot;isLinked&quot;:true},&quot;element_pack_global_tooltip_border_radius_laptop&quot;:{&quot;unit&quot;:&quot;px&quot;,&quot;top&quot;:&quot;&quot;,&quot;right&quot;:&quot;&quot;,&quot;bottom&quot;:&quot;&quot;,&quot;left&quot;:&quot;&quot;,&quot;isLinked&quot;:true},&quot;element_pack_global_tooltip_border_radius_tablet_extra&quot;:{&quot;unit&quot;:&quot;px&quot;,&quot;top&quot;:&quot;&quot;,&quot;right&quot;:&quot;&quot;,&quot;bottom&quot;:&quot;&quot;,&quot;left&quot;:&quot;&quot;,&quot;isLinked&quot;:true},&quot;element_pack_global_tooltip_border_radius_tablet&quot;:{&quot;unit&quot;:&quot;px&quot;,&quot;top&quot;:&quot;&quot;,&quot;right&quot;:&quot;&quot;,&quot;bottom&quot;:&quot;&quot;,&quot;left&quot;:&quot;&quot;,&quot;isLinked&quot;:true},&quot;element_pack_global_tooltip_border_radius_mobile&quot;:{&quot;unit&quot;:&quot;px&quot;,&quot;top&quot;:&quot;&quot;,&quot;right&quot;:&quot;&quot;,&quot;bottom&quot;:&quot;&quot;,&quot;left&quot;:&quot;&quot;,&quot;isLinked&quot;:true}}\" data-elementor-post-type=\"page\">\n\t\t\t\t<div class=\"elementor-element elementor-element-ea91f27 e-con-full e-flex e-con e-parent\" data-id=\"ea91f27\" data-element_type=\"container\">\n\t\t\t\t<div class=\"elementor-element elementor-element-a7cceed elementor-widget elementor-widget-image\" data-id=\"a7cceed\" data-element_type=\"widget\" data-widget_type=\"image.default\">\n\t\t\t\t<div class=\"elementor-widget-container\">\n\t\t\t\t\t\t\t\t\t\t\t\t\t\t\t<img fetchpriority=\"high\" decoding=\"async\" width=\"1920\" height=\"260\" src=\"https:\/\/luxuryattics.com\/wp-content\/uploads\/2025\/03\/contacto-luxury-attics.webp\" class=\"attachment-full size-full wp-image-1035\" alt=\"\" srcset=\"https:\/\/luxuryattics.com\/wp-content\/uploads\/2025\/03\/contacto-luxury-attics.webp 1920w, https:\/\/luxuryattics.com\/wp-content\/uploads\/2025\/03\/contacto-luxury-attics-600x81.webp 600w, https:\/\/luxuryattics.com\/wp-content\/uploads\/2025\/03\/contacto-luxury-attics-300x41.webp 300w, https:\/\/luxuryattics.com\/wp-content\/uploads\/2025\/03\/contacto-luxury-attics-1024x139.webp 1024w, https:\/\/luxuryattics.com\/wp-content\/uploads\/2025\/03\/contacto-luxury-attics-768x104.webp 768w, https:\/\/luxuryattics.com\/wp-content\/uploads\/2025\/03\/contacto-luxury-attics-18x2.webp 18w, https:\/\/luxuryattics.com\/wp-content\/uploads\/2025\/03\/contacto-luxury-attics-1536x208.webp 1536w, https:\/\/luxuryattics.com\/wp-content\/uploads\/2025\/03\/contacto-luxury-attics-170x23.webp 170w\" sizes=\"(max-width: 1920px) 100vw, 1920px\" \/>\t\t\t\t\t\t\t\t\t\t\t\t\t\t\t<\/div>\n\t\t\t\t<\/div>\n\t\t\t\t<\/div>\n\t\t<div class=\"elementor-element elementor-element-015c873 e-flex e-con-boxed e-con e-parent\" data-id=\"015c873\" data-element_type=\"container\" data-settings=\"{&quot;background_background&quot;:&quot;classic&quot;}\">\n\t\t\t\t\t<div class=\"e-con-inner\">\n\t\t<div class=\"elementor-element elementor-element-bb3a606 e-con-full e-flex e-con e-child\" data-id=\"bb3a606\" data-element_type=\"container\">\n\t\t\t\t<div class=\"elementor-element elementor-element-28f26a6 elementor-widget elementor-widget-heading\" data-id=\"28f26a6\" data-element_type=\"widget\" data-widget_type=\"heading.default\">\n\t\t\t\t<div class=\"elementor-widget-container\">\n\t\t\t\t\t<h2 class=\"elementor-heading-title elementor-size-default\">Cookie Policy<\/h2>\t\t\t\t<\/div>\n\t\t\t\t<\/div>\n\t\t\t\t<div class=\"elementor-element elementor-element-7293aef elementor-widget elementor-widget-text-editor\" data-id=\"7293aef\" data-element_type=\"widget\" data-widget_type=\"text-editor.default\">\n\t\t\t\t<div class=\"elementor-widget-container\">\n\t\t\t\t\t\t\t\t\t<p>This website, like most sites on the Internet, uses Cookies to improve and optimize the user experience. Below, you will find detailed information on what \"Cookies\" are, what type this website uses, how you can disable them in your browser and how to specifically block the installation of third-party Cookies.<\/p><p><strong>Responsible for the site:<\/strong><\/p><p>-Company Name: Rodrigo Delgado Diez<\/p><p>-NIF: 44216020S<\/p><p>-Commercial Name: Rodrigo Delgado Diez<\/p><p>-Registered Office: Av. Italia n\u00ba7, Huelva, 21001<\/p><p>-Safety Officer: Rodrigo Delgado Diez<\/p><p><strong>Contact Information:<\/strong><\/p><p>- Phone: +34 658 66 08 53<\/p><p>- Email:\u00a0<a href=\"mailto:juancarlos.marquez@soypecha.es\"><span class=\"elementor-icon-list-text\">info@luxuryattics.com<\/span><\/a><\/p><p>- Contact form: https:\/\/luxuryattics.com\/contacto<\/p><p>Records:<\/p><p>-Registration of Treatments in accordance with the RGPD: Customers, Suppliers, Employees and Web Users.<\/p><p>-Domain name (website): https:\/\/luxuryattics.com<\/p><p><strong>What are Cookies?<\/strong><\/p><p>Cookies are data files that are downloaded to your computer or mobile device when you visit a website or application. Cookies are tools that play an essential role in the provision of many information society services. Among others, they allow a website to store and retrieve information about the browsing habits of a user or their equipment and, depending on the information obtained, they can be used to recognize the user and improve the service offered.<\/p><p><strong>What types of cookies are there?<\/strong><\/p><p>Depending on the entity, the term or the purpose for which the data obtained through cookies are processed, these may be:<\/p><p><strong>Depending on the entity that manages the domain:<\/strong><\/p><p><strong>Own Cookies<\/strong>Those that are sent to the user's terminal equipment from a computer or domain managed by the editor itself and from which the service requested by the user is provided.<\/p><p><strong>Third party cookies<\/strong>Cookies: Those that are sent to the user's terminal equipment from a computer or domain that is not managed by the editor, but by another entity that processes the data obtained through the cookies. In the event that cookies are installed from a computer or domain managed by the editor itself but the information collected through these is managed by a third party, they cannot be considered as own cookies.<\/p><p><strong>Depending on the length of time they remain in storage:<\/strong><\/p><p><strong>Session Cookies<\/strong>Designed to collect and store data while the user accesses a web page. They are usually used to store information that is only interesting to keep for the provision of the service requested by the user on a single occasion (e.g. a list of products purchased).<\/p><p><strong>Persistent Cookies<\/strong>The data remains stored in the terminal and can be accessed and processed for a period defined by the cookie manager, which can range from a few minutes to several years.<\/p><p><strong>According to purpose<\/strong>:<\/p><p><strong>Technical Cookies<\/strong>Those that allow the user to navigate through a web page, platform or application and the use of the different options or services that exist in it such as, for example, control traffic and data communication, identify the session, access parts of restricted access, remember the elements that make up an order, make the buying process of an order, make the application for registration or participation in an event, use security features while browsing, store content for broadcast video or sound or share content through social networks.<\/p><p><strong>Personalization cookies<\/strong>They allow the user to access the service with some general characteristics predefined according to a series of criteria in the user's terminal, such as the language, the type of browser used to access the service, the regional configuration from which the service is accessed, etc.<\/p><p><strong>Analytics Cookies<\/strong>Allow the responsible for them, monitoring and analyzing the behavior of users of the websites to which they are linked. The information collected through this type of cookies is used to measure the activity of the websites, application or platform and for the elaboration of browsing profiles of the users of these sites, applications and platforms, in order to introduce improvements based on the analysis of the usage data of the users of the service.<\/p><p><strong>Advertising Cookies<\/strong>They allow the management, in the most efficient way possible, of advertising spaces. They store information on the behavior of users obtained through the continuous observation of their browsing habits, which allows the development of a specific profile to display advertising based on it.<\/p><p><strong>Cookies from external social networks<\/strong>Cookies: They are used so that visitors can interact with the content of different social platforms (facebook, youtube, twitter, linkedIn, etc..) and are generated only for users of these social networks. The conditions of use of these cookies and the information collected are regulated by the privacy policy of the corresponding social platform.<\/p><p>How do Luxury Attics (luxuryattics.com) websites use them?<\/p><p><span style=\"color: rgba(0, 0, 0, 0.7); font-family: 'Source Sans Pro', sans-serif; font-size: 17px;\">[wcc_cookies_audit_table].<\/span><\/p><p>\u00a0<\/p><p><strong>Disabling and deleting cookies<\/strong>:<\/p><p>Although our cookie management system allows you to enable and disable all cookies from luxuryattics.com, it will not stop all cookies from other websites. To do this, you can change your settings from your browser. The way to disable cookies is different for each browser, and may change from time to time as new versions are released, but can usually be done from the Tools or Options menu. You can also consult the browser's Help menu where you can find instructions. The user may at any time choose which cookies he\/she wants to operate on this website. Here are some links to instructions for the most common browsers:<\/p><p>Microsoft Internet Explorer or Microsoft Edge: http:\/\/windows.microsoft.com\/es-es\/windows-vista\/Block-or-allow-cookies<\/p><p>Mozilla Firefox: http:\/\/support.mozilla.org\/es\/kb\/impedir-que-los-sitios-web-guarden-sus-preferencia<\/p><p>Chrome: https:\/\/support.google.com\/accounts\/answer\/61416?hl=es<\/p><p>Safari: http:\/\/safari.helpmax.net\/es\/privacidad-y-seguridad\/como-gestionar-las-cookies\/<\/p><p>Opera: http:\/\/help.opera.com\/Linux\/10.60\/es-ES\/cookies.html<\/p><p>In addition, you can also manage the cookie store in your browser through tools such as the following: Ghostery: www.ghostery.com\/ Your Online Choices: www.youronlinechoices.com\/es\/ For other browsers, try searching for \"manage cookies in (browser name)\".<\/p><p><strong>Did we update our Cookie Policy?<\/strong><\/p><p>We may update the Cookie Policy of our Website, so we recommend that you review this policy each time you access our Website in order to be properly informed about how and what we use cookies for. The Cookie Policy was last updated on [03 May 2025].<\/p>\t\t\t\t\t\t\t\t<\/div>\n\t\t\t\t<\/div>\n\t\t\t\t<\/div>\n\t\t\t\t\t<\/div>\n\t\t\t\t<\/div>\n\t\t\t\t<\/div>","protected":false},"excerpt":{"rendered":"<p>Cookie Policy This website, like most sites on the Internet, uses cookies to improve [...]<\/p>","protected":false},"author":2,"featured_media":0,"parent":0,"menu_order":0,"comment_status":"closed","ping_status":"closed","template":"elementor_theme","meta":{"site-sidebar-layout":"no-sidebar","site-content-layout":"","ast-site-content-layout":"full-width-container","site-content-style":"default","site-sidebar-style":"default","ast-global-header-display":"","ast-banner-title-visibility":"","ast-main-header-display":"","ast-hfb-above-header-display":"","ast-hfb-below-header-display":"","ast-hfb-mobile-header-display":"","site-post-title":"disabled","ast-breadcrumbs-content":"","ast-featured-img":"disabled","footer-sml-layout":"","theme-transparent-header-meta":"","adv-header-id-meta":"","stick-header-meta":"","header-above-stick-meta":"","header-main-stick-meta":"","header-below-stick-meta":"","astra-migrate-meta-layouts":"default","ast-page-background-enabled":"default","ast-page-background-meta":{"desktop":{"background-color":"var(--ast-global-color-5)","background-image":"","background-repeat":"repeat","background-position":"center center","background-size":"auto","background-attachment":"scroll","background-type":"","background-media":"","overlay-type":"","overlay-color":"","overlay-opacity":"","overlay-gradient":""},"tablet":{"background-color":"","background-image":"","background-repeat":"repeat","background-position":"center center","background-size":"auto","background-attachment":"scroll","background-type":"","background-media":"","overlay-type":"","overlay-color":"","overlay-opacity":"","overlay-gradient":""},"mobile":{"background-color":"","background-image":"","background-repeat":"repeat","background-position":"center center","background-size":"auto","background-attachment":"scroll","background-type":"","background-media":"","overlay-type":"","overlay-color":"","overlay-opacity":"","overlay-gradient":""}},"ast-content-background-meta":{"desktop":{"background-color":"var(--ast-global-color-4)","background-image":"","background-repeat":"repeat","background-position":"center center","background-size":"auto","background-attachment":"scroll","background-type":"","background-media":"","overlay-type":"","overlay-color":"","overlay-opacity":"","overlay-gradient":""},"tablet":{"background-color":"var(--ast-global-color-4)","background-image":"","background-repeat":"repeat","background-position":"center center","background-size":"auto","background-attachment":"scroll","background-type":"","background-media":"","overlay-type":"","overlay-color":"","overlay-opacity":"","overlay-gradient":""},"mobile":{"background-color":"var(--ast-global-color-4)","background-image":"","background-repeat":"repeat","background-position":"center center","background-size":"auto","background-attachment":"scroll","background-type":"","background-media":"","overlay-type":"","overlay-color":"","overlay-opacity":"","overlay-gradient":""}},"footnotes":""},"categories":[],"tags":[],"class_list":["post-2279","page","type-page","status-publish","hentry"],"yoast_head":"<!-- This site is optimized with the Yoast SEO Premium plugin v25.1 (Yoast SEO v25.2) - https:\/\/yoast.com\/wordpress\/plugins\/seo\/ -->\n<title>Pol\u00edtica de cookies - LUXURY ATTICS<\/title>\n<meta name=\"robots\" content=\"index, follow, max-snippet:-1, max-image-preview:large, max-video-preview:-1\" \/>\n<link rel=\"canonical\" href=\"https:\/\/luxuryattics.com\/en\/cookies-policy\/\" \/>\n<meta property=\"og:locale\" content=\"en_US\" \/>\n<meta property=\"og:type\" content=\"article\" \/>\n<meta property=\"og:title\" content=\"Pol\u00edtica de cookies\" \/>\n<meta property=\"og:description\" content=\"Pol\u00edtica de cookies Este sitio web, al igual que la mayor\u00eda de los sitios en Internet, usa Cookies para mejorar [&hellip;]\" \/>\n<meta property=\"og:url\" content=\"https:\/\/luxuryattics.com\/en\/cookies-policy\/\" \/>\n<meta property=\"og:site_name\" content=\"LUXURY ATTICS\" \/>\n<meta property=\"article:modified_time\" content=\"2025-05-03T20:24:10+00:00\" \/>\n<meta property=\"og:image\" content=\"https:\/\/luxuryattics.com\/wp-content\/uploads\/2025\/03\/contacto-luxury-attics.webp\" \/>\n\t<meta property=\"og:image:width\" content=\"1920\" \/>\n\t<meta property=\"og:image:height\" content=\"260\" \/>\n\t<meta property=\"og:image:type\" content=\"image\/webp\" \/>\n<meta name=\"twitter:card\" content=\"summary_large_image\" \/>\n<meta name=\"twitter:label1\" content=\"Est. reading time\" \/>\n\t<meta name=\"twitter:data1\" content=\"5 minutes\" \/>\n<script type=\"application\/ld+json\" class=\"yoast-schema-graph\">{\"@context\":\"https:\/\/schema.org\",\"@graph\":[{\"@type\":\"WebPage\",\"@id\":\"https:\/\/luxuryattics.com\/politica-de-cookies\/\",\"url\":\"https:\/\/luxuryattics.com\/politica-de-cookies\/\",\"name\":\"Pol\u00edtica de cookies - LUXURY ATTICS\",\"isPartOf\":{\"@id\":\"https:\/\/luxuryattics.com\/#website\"},\"primaryImageOfPage\":{\"@id\":\"https:\/\/luxuryattics.com\/politica-de-cookies\/#primaryimage\"},\"image\":{\"@id\":\"https:\/\/luxuryattics.com\/politica-de-cookies\/#primaryimage\"},\"thumbnailUrl\":\"https:\/\/luxuryattics.com\/wp-content\/uploads\/2025\/03\/contacto-luxury-attics.webp\",\"datePublished\":\"2025-05-03T19:03:27+00:00\",\"dateModified\":\"2025-05-03T20:24:10+00:00\",\"breadcrumb\":{\"@id\":\"https:\/\/luxuryattics.com\/politica-de-cookies\/#breadcrumb\"},\"inLanguage\":\"en-US\",\"potentialAction\":[{\"@type\":\"ReadAction\",\"target\":[\"https:\/\/luxuryattics.com\/politica-de-cookies\/\"]}]},{\"@type\":\"ImageObject\",\"inLanguage\":\"en-US\",\"@id\":\"https:\/\/luxuryattics.com\/politica-de-cookies\/#primaryimage\",\"url\":\"https:\/\/luxuryattics.com\/wp-content\/uploads\/2025\/03\/contacto-luxury-attics.webp\",\"contentUrl\":\"https:\/\/luxuryattics.com\/wp-content\/uploads\/2025\/03\/contacto-luxury-attics.webp\"},{\"@type\":\"BreadcrumbList\",\"@id\":\"https:\/\/luxuryattics.com\/politica-de-cookies\/#breadcrumb\",\"itemListElement\":[{\"@type\":\"ListItem\",\"position\":1,\"name\":\"Portada\",\"item\":\"https:\/\/luxuryattics.com\/\"},{\"@type\":\"ListItem\",\"position\":2,\"name\":\"Pol\u00edtica de cookies\"}]},{\"@type\":\"WebSite\",\"@id\":\"https:\/\/luxuryattics.com\/#website\",\"url\":\"https:\/\/luxuryattics.com\/\",\"name\":\"LUXURY ATTICS\",\"description\":\"\",\"publisher\":{\"@id\":\"https:\/\/luxuryattics.com\/#organization\"},\"potentialAction\":[{\"@type\":\"SearchAction\",\"target\":{\"@type\":\"EntryPoint\",\"urlTemplate\":\"https:\/\/luxuryattics.com\/?s={search_term_string}\"},\"query-input\":{\"@type\":\"PropertyValueSpecification\",\"valueRequired\":true,\"valueName\":\"search_term_string\"}}],\"inLanguage\":\"en-US\"},{\"@type\":\"Organization\",\"@id\":\"https:\/\/luxuryattics.com\/#organization\",\"name\":\"LUXURY ATTICS\",\"url\":\"https:\/\/luxuryattics.com\/\",\"logo\":{\"@type\":\"ImageObject\",\"inLanguage\":\"en-US\",\"@id\":\"https:\/\/luxuryattics.com\/#\/schema\/logo\/image\/\",\"url\":\"https:\/\/luxuryattics.com\/wp-content\/uploads\/2025\/04\/logotipo2.webp\",\"contentUrl\":\"https:\/\/luxuryattics.com\/wp-content\/uploads\/2025\/04\/logotipo2.webp\",\"width\":600,\"height\":120,\"caption\":\"LUXURY ATTICS\"},\"image\":{\"@id\":\"https:\/\/luxuryattics.com\/#\/schema\/logo\/image\/\"}}]}<\/script>\n<!-- \/ Yoast SEO Premium plugin. -->","yoast_head_json":{"title":"Pol\u00edtica de cookies - LUXURY ATTICS","robots":{"index":"index","follow":"follow","max-snippet":"max-snippet:-1","max-image-preview":"max-image-preview:large","max-video-preview":"max-video-preview:-1"},"canonical":"https:\/\/luxuryattics.com\/en\/cookies-policy\/","og_locale":"en_US","og_type":"article","og_title":"Pol\u00edtica de cookies","og_description":"Pol\u00edtica de cookies Este sitio web, al igual que la mayor\u00eda de los sitios en Internet, usa Cookies para mejorar [&hellip;]","og_url":"https:\/\/luxuryattics.com\/en\/cookies-policy\/","og_site_name":"LUXURY ATTICS","article_modified_time":"2025-05-03T20:24:10+00:00","og_image":[{"width":1920,"height":260,"url":"https:\/\/luxuryattics.com\/wp-content\/uploads\/2025\/03\/contacto-luxury-attics.webp","type":"image\/webp"}],"twitter_card":"summary_large_image","twitter_misc":{"Est. reading time":"5 minutes"},"schema":{"@context":"https:\/\/schema.org","@graph":[{"@type":"WebPage","@id":"https:\/\/luxuryattics.com\/politica-de-cookies\/","url":"https:\/\/luxuryattics.com\/politica-de-cookies\/","name":"Pol\u00edtica de cookies - LUXURY ATTICS","isPartOf":{"@id":"https:\/\/luxuryattics.com\/#website"},"primaryImageOfPage":{"@id":"https:\/\/luxuryattics.com\/politica-de-cookies\/#primaryimage"},"image":{"@id":"https:\/\/luxuryattics.com\/politica-de-cookies\/#primaryimage"},"thumbnailUrl":"https:\/\/luxuryattics.com\/wp-content\/uploads\/2025\/03\/contacto-luxury-attics.webp","datePublished":"2025-05-03T19:03:27+00:00","dateModified":"2025-05-03T20:24:10+00:00","breadcrumb":{"@id":"https:\/\/luxuryattics.com\/politica-de-cookies\/#breadcrumb"},"inLanguage":"en-US","potentialAction":[{"@type":"ReadAction","target":["https:\/\/luxuryattics.com\/politica-de-cookies\/"]}]},{"@type":"ImageObject","inLanguage":"en-US","@id":"https:\/\/luxuryattics.com\/politica-de-cookies\/#primaryimage","url":"https:\/\/luxuryattics.com\/wp-content\/uploads\/2025\/03\/contacto-luxury-attics.webp","contentUrl":"https:\/\/luxuryattics.com\/wp-content\/uploads\/2025\/03\/contacto-luxury-attics.webp"},{"@type":"BreadcrumbList","@id":"https:\/\/luxuryattics.com\/politica-de-cookies\/#breadcrumb","itemListElement":[{"@type":"ListItem","position":1,"name":"Portada","item":"https:\/\/luxuryattics.com\/"},{"@type":"ListItem","position":2,"name":"Pol\u00edtica de cookies"}]},{"@type":"WebSite","@id":"https:\/\/luxuryattics.com\/#website","url":"https:\/\/luxuryattics.com\/","name":"LUXURY ATTICS","description":"","publisher":{"@id":"https:\/\/luxuryattics.com\/#organization"},"potentialAction":[{"@type":"SearchAction","target":{"@type":"EntryPoint","urlTemplate":"https:\/\/luxuryattics.com\/?s={search_term_string}"},"query-input":{"@type":"PropertyValueSpecification","valueRequired":true,"valueName":"search_term_string"}}],"inLanguage":"en-US"},{"@type":"Organization","@id":"https:\/\/luxuryattics.com\/#organization","name":"LUXURY ATTICS","url":"https:\/\/luxuryattics.com\/","logo":{"@type":"ImageObject","inLanguage":"en-US","@id":"https:\/\/luxuryattics.com\/#\/schema\/logo\/image\/","url":"https:\/\/luxuryattics.com\/wp-content\/uploads\/2025\/04\/logotipo2.webp","contentUrl":"https:\/\/luxuryattics.com\/wp-content\/uploads\/2025\/04\/logotipo2.webp","width":600,"height":120,"caption":"LUXURY ATTICS"},"image":{"@id":"https:\/\/luxuryattics.com\/#\/schema\/logo\/image\/"}}]}},"_links":{"self":[{"href":"https:\/\/luxuryattics.com\/en\/wp-json\/wp\/v2\/pages\/2279","targetHints":{"allow":["GET"]}}],"collection":[{"href":"https:\/\/luxuryattics.com\/en\/wp-json\/wp\/v2\/pages"}],"about":[{"href":"https:\/\/luxuryattics.com\/en\/wp-json\/wp\/v2\/types\/page"}],"author":[{"embeddable":true,"href":"https:\/\/luxuryattics.com\/en\/wp-json\/wp\/v2\/users\/2"}],"replies":[{"embeddable":true,"href":"https:\/\/luxuryattics.com\/en\/wp-json\/wp\/v2\/comments?post=2279"}],"version-history":[{"count":11,"href":"https:\/\/luxuryattics.com\/en\/wp-json\/wp\/v2\/pages\/2279\/revisions"}],"predecessor-version":[{"id":2627,"href":"https:\/\/luxuryattics.com\/en\/wp-json\/wp\/v2\/pages\/2279\/revisions\/2627"}],"wp:attachment":[{"href":"https:\/\/luxuryattics.com\/en\/wp-json\/wp\/v2\/media?parent=2279"}],"wp:term":[{"taxonomy":"category","embeddable":true,"href":"https:\/\/luxuryattics.com\/en\/wp-json\/wp\/v2\/categories?post=2279"},{"taxonomy":"post_tag","embeddable":true,"href":"https:\/\/luxuryattics.com\/en\/wp-json\/wp\/v2\/tags?post=2279"}],"curies":[{"name":"wp","href":"https:\/\/api.w.org\/{rel}","templated":true}]}}