{"id":2319,"date":"2025-05-03T19:57:12","date_gmt":"2025-05-03T19:57:12","guid":{"rendered":"https:\/\/luxuryattics.com\/?page_id=2319"},"modified":"2025-05-03T20:49:42","modified_gmt":"2025-05-03T20:49:42","slug":"promocion-el-rocio-2025","status":"publish","type":"page","link":"https:\/\/luxuryattics.com\/en\/promotions\/el-rocio-2025-promotion\/","title":{"rendered":"El Rocio 2025 Promotion"},"content":{"rendered":"<div data-elementor-type=\"wp-page\" data-elementor-id=\"2319\" class=\"elementor elementor-2319\" data-elementor-settings=\"{&quot;element_pack_global_tooltip_width&quot;:{&quot;unit&quot;:&quot;px&quot;,&quot;size&quot;:&quot;&quot;,&quot;sizes&quot;:[]},&quot;element_pack_global_tooltip_width_laptop&quot;:{&quot;unit&quot;:&quot;px&quot;,&quot;size&quot;:&quot;&quot;,&quot;sizes&quot;:[]},&quot;element_pack_global_tooltip_width_tablet_extra&quot;:{&quot;unit&quot;:&quot;px&quot;,&quot;size&quot;:&quot;&quot;,&quot;sizes&quot;:[]},&quot;element_pack_global_tooltip_width_tablet&quot;:{&quot;unit&quot;:&quot;px&quot;,&quot;size&quot;:&quot;&quot;,&quot;sizes&quot;:[]},&quot;element_pack_global_tooltip_width_mobile&quot;:{&quot;unit&quot;:&quot;px&quot;,&quot;size&quot;:&quot;&quot;,&quot;sizes&quot;:[]},&quot;element_pack_global_tooltip_padding&quot;:{&quot;unit&quot;:&quot;px&quot;,&quot;top&quot;:&quot;&quot;,&quot;right&quot;:&quot;&quot;,&quot;bottom&quot;:&quot;&quot;,&quot;left&quot;:&quot;&quot;,&quot;isLinked&quot;:true},&quot;element_pack_global_tooltip_padding_laptop&quot;:{&quot;unit&quot;:&quot;px&quot;,&quot;top&quot;:&quot;&quot;,&quot;right&quot;:&quot;&quot;,&quot;bottom&quot;:&quot;&quot;,&quot;left&quot;:&quot;&quot;,&quot;isLinked&quot;:true},&quot;element_pack_global_tooltip_padding_tablet_extra&quot;:{&quot;unit&quot;:&quot;px&quot;,&quot;top&quot;:&quot;&quot;,&quot;right&quot;:&quot;&quot;,&quot;bottom&quot;:&quot;&quot;,&quot;left&quot;:&quot;&quot;,&quot;isLinked&quot;:true},&quot;element_pack_global_tooltip_padding_tablet&quot;:{&quot;unit&quot;:&quot;px&quot;,&quot;top&quot;:&quot;&quot;,&quot;right&quot;:&quot;&quot;,&quot;bottom&quot;:&quot;&quot;,&quot;left&quot;:&quot;&quot;,&quot;isLinked&quot;:true},&quot;element_pack_global_tooltip_padding_mobile&quot;:{&quot;unit&quot;:&quot;px&quot;,&quot;top&quot;:&quot;&quot;,&quot;right&quot;:&quot;&quot;,&quot;bottom&quot;:&quot;&quot;,&quot;left&quot;:&quot;&quot;,&quot;isLinked&quot;:true},&quot;element_pack_global_tooltip_border_radius&quot;:{&quot;unit&quot;:&quot;px&quot;,&quot;top&quot;:&quot;&quot;,&quot;right&quot;:&quot;&quot;,&quot;bottom&quot;:&quot;&quot;,&quot;left&quot;:&quot;&quot;,&quot;isLinked&quot;:true},&quot;element_pack_global_tooltip_border_radius_laptop&quot;:{&quot;unit&quot;:&quot;px&quot;,&quot;top&quot;:&quot;&quot;,&quot;right&quot;:&quot;&quot;,&quot;bottom&quot;:&quot;&quot;,&quot;left&quot;:&quot;&quot;,&quot;isLinked&quot;:true},&quot;element_pack_global_tooltip_border_radius_tablet_extra&quot;:{&quot;unit&quot;:&quot;px&quot;,&quot;top&quot;:&quot;&quot;,&quot;right&quot;:&quot;&quot;,&quot;bottom&quot;:&quot;&quot;,&quot;left&quot;:&quot;&quot;,&quot;isLinked&quot;:true},&quot;element_pack_global_tooltip_border_radius_tablet&quot;:{&quot;unit&quot;:&quot;px&quot;,&quot;top&quot;:&quot;&quot;,&quot;right&quot;:&quot;&quot;,&quot;bottom&quot;:&quot;&quot;,&quot;left&quot;:&quot;&quot;,&quot;isLinked&quot;:true},&quot;element_pack_global_tooltip_border_radius_mobile&quot;:{&quot;unit&quot;:&quot;px&quot;,&quot;top&quot;:&quot;&quot;,&quot;right&quot;:&quot;&quot;,&quot;bottom&quot;:&quot;&quot;,&quot;left&quot;:&quot;&quot;,&quot;isLinked&quot;:true}}\" data-elementor-post-type=\"page\">\n\t\t\t\t<div class=\"elementor-element elementor-element-4aeb726 e-con-full e-flex e-con e-parent\" data-id=\"4aeb726\" data-element_type=\"container\">\n\t\t\t\t<div class=\"elementor-element elementor-element-facacea elementor-widget elementor-widget-image\" data-id=\"facacea\" data-element_type=\"widget\" data-widget_type=\"image.default\">\n\t\t\t\t<div class=\"elementor-widget-container\">\n\t\t\t\t\t\t\t\t\t\t\t\t\t\t\t<img fetchpriority=\"high\" decoding=\"async\" width=\"1920\" height=\"531\" src=\"https:\/\/luxuryattics.com\/wp-content\/uploads\/2025\/03\/el-entorno-luxury-attics.webp\" class=\"attachment-full size-full wp-image-1000\" alt=\"\" srcset=\"https:\/\/luxuryattics.com\/wp-content\/uploads\/2025\/03\/el-entorno-luxury-attics.webp 1920w, https:\/\/luxuryattics.com\/wp-content\/uploads\/2025\/03\/el-entorno-luxury-attics-600x166.webp 600w, https:\/\/luxuryattics.com\/wp-content\/uploads\/2025\/03\/el-entorno-luxury-attics-300x83.webp 300w, https:\/\/luxuryattics.com\/wp-content\/uploads\/2025\/03\/el-entorno-luxury-attics-1024x283.webp 1024w, https:\/\/luxuryattics.com\/wp-content\/uploads\/2025\/03\/el-entorno-luxury-attics-768x212.webp 768w, https:\/\/luxuryattics.com\/wp-content\/uploads\/2025\/03\/el-entorno-luxury-attics-18x5.webp 18w, https:\/\/luxuryattics.com\/wp-content\/uploads\/2025\/03\/el-entorno-luxury-attics-1536x425.webp 1536w, https:\/\/luxuryattics.com\/wp-content\/uploads\/2025\/03\/el-entorno-luxury-attics-170x47.webp 170w\" sizes=\"(max-width: 1920px) 100vw, 1920px\" \/>\t\t\t\t\t\t\t\t\t\t\t\t\t\t\t<\/div>\n\t\t\t\t<\/div>\n\t\t\t\t<\/div>\n\t\t<div class=\"elementor-element elementor-element-a60e375 e-con-full e-flex e-con e-parent\" data-id=\"a60e375\" data-element_type=\"container\" data-settings=\"{&quot;background_background&quot;:&quot;classic&quot;}\">\n\t\t<div class=\"elementor-element elementor-element-82ef81a e-con-full e-flex e-con e-child\" data-id=\"82ef81a\" data-element_type=\"container\">\n\t\t<div class=\"elementor-element elementor-element-d524dde e-con-full e-flex e-con e-child\" data-id=\"d524dde\" data-element_type=\"container\">\n\t\t\t\t<div class=\"elementor-element elementor-element-1d5e229 elementor-widget elementor-widget-text-editor\" data-id=\"1d5e229\" data-element_type=\"widget\" data-widget_type=\"text-editor.default\">\n\t\t\t\t<div class=\"elementor-widget-container\">\n\t\t\t\t\t\t\t\t\tCity of Huelva\t\t\t\t\t\t\t\t<\/div>\n\t\t\t\t<\/div>\n\t\t<div class=\"elementor-element elementor-element-f3b6a07 e-con-full e-flex e-con e-child\" data-id=\"f3b6a07\" data-element_type=\"container\">\n\t\t\t\t<div class=\"elementor-element elementor-element-67ff251 elementor-widget elementor-widget-heading\" data-id=\"67ff251\" data-element_type=\"widget\" data-widget_type=\"heading.default\">\n\t\t\t\t<div class=\"elementor-widget-container\">\n\t\t\t\t\t<h1 class=\"elementor-heading-title elementor-size-default\">El Rocio 2025 Promotion<\/h1>\t\t\t\t<\/div>\n\t\t\t\t<\/div>\n\t\t\t\t<div class=\"elementor-element elementor-element-bd5e965 elementor-widget-divider--view-line elementor-widget elementor-widget-divider\" data-id=\"bd5e965\" data-element_type=\"widget\" data-widget_type=\"divider.default\">\n\t\t\t\t<div class=\"elementor-widget-container\">\n\t\t\t\t\t\t\t<div class=\"elementor-divider\">\n\t\t\t<span class=\"elementor-divider-separator\">\n\t\t\t\t\t\t<\/span>\n\t\t<\/div>\n\t\t\t\t\t\t<\/div>\n\t\t\t\t<\/div>\n\t\t\t\t<\/div>\n\t\t\t\t<div class=\"elementor-element elementor-element-8e2f4aa elementor-widget__width-initial elementor-widget elementor-widget-text-editor\" data-id=\"8e2f4aa\" data-element_type=\"widget\" data-widget_type=\"text-editor.default\">\n\t\t\t\t<div class=\"elementor-widget-container\">\n\t\t\t\t\t\t\t\t\t<p>Huelva, in southwestern Spain, offers a rich history, nature and culture. Among its most outstanding icons are the Cathedral of La Merced, the Muelle del Tinto and the Barrio Reina Victoria, with its unique architecture. Moret Park is the perfect place to enjoy nature in the heart of the city center, while the Monument to the Discovering Faith pays homage to the legacy of the Discovery of America.<\/p><p>You can't miss the Museum of Huelva, where history and contemporary art converge, or the Casa Col\u00f3n, a key cultural center in the city. Outside the center, the Odiel Marshes and nearby beaches, such as Punta Umbr\u00eda, are ideal for nature lovers and relaxation. The local gastronomy is also not to be missed, with fresh produce at the Mercado del Carmen.<\/p><p>Huelva is a city that combines tradition, culture and natural spaces. Whatever the reason for your visit, you will find unforgettable experiences that will make you want to return. Province of Huelva.<\/p>\t\t\t\t\t\t\t\t<\/div>\n\t\t\t\t<\/div>\n\t\t\t\t<\/div>\n\t\t<div class=\"elementor-element elementor-element-ec80b9b e-con-full e-flex e-con e-child\" data-id=\"ec80b9b\" data-element_type=\"container\">\n\t\t\t\t<div class=\"elementor-element elementor-element-a718a38 elementor-widget elementor-widget-image\" data-id=\"a718a38\" data-element_type=\"widget\" data-widget_type=\"image.default\">\n\t\t\t\t<div class=\"elementor-widget-container\">\n\t\t\t\t\t\t\t\t\t\t\t\t\t\t\t<img decoding=\"async\" width=\"561\" height=\"701\" src=\"https:\/\/luxuryattics.com\/wp-content\/uploads\/2025\/03\/huelva-turismo-historia-cultura-naturaleza.webp\" class=\"attachment-full size-full wp-image-27\" alt=\"Panoramic view of Huelva with the Muelle del Tinto at sunset, a tourist destination with history, culture and nature in Andalusia, Spain.\" srcset=\"https:\/\/luxuryattics.com\/wp-content\/uploads\/2025\/03\/huelva-turismo-historia-cultura-naturaleza.webp 561w, https:\/\/luxuryattics.com\/wp-content\/uploads\/2025\/03\/huelva-turismo-historia-cultura-naturaleza-240x300.webp 240w, https:\/\/luxuryattics.com\/wp-content\/uploads\/2025\/03\/huelva-turismo-historia-cultura-naturaleza-136x170.webp 136w\" sizes=\"(max-width: 561px) 100vw, 561px\" \/>\t\t\t\t\t\t\t\t\t\t\t\t\t\t\t<\/div>\n\t\t\t\t<\/div>\n\t\t\t\t<\/div>\n\t\t\t\t<\/div>\n\t\t\t\t<\/div>\n\t\t\t\t<\/div>","protected":false},"excerpt":{"rendered":"<p>City of Huelva Promotion El Rocio 2025 Huelva, in southwestern Spain, offers a rich history, nature and culture. [...]<\/p>","protected":false},"author":2,"featured_media":2321,"parent":2303,"menu_order":0,"comment_status":"closed","ping_status":"closed","template":"elementor_theme","meta":{"site-sidebar-layout":"no-sidebar","site-content-layout":"","ast-site-content-layout":"full-width-container","site-content-style":"default","site-sidebar-style":"default","ast-global-header-display":"","ast-banner-title-visibility":"","ast-main-header-display":"","ast-hfb-above-header-display":"","ast-hfb-below-header-display":"","ast-hfb-mobile-header-display":"","site-post-title":"disabled","ast-breadcrumbs-content":"","ast-featured-img":"disabled","footer-sml-layout":"","theme-transparent-header-meta":"","adv-header-id-meta":"","stick-header-meta":"","header-above-stick-meta":"","header-main-stick-meta":"","header-below-stick-meta":"","astra-migrate-meta-layouts":"default","ast-page-background-enabled":"default","ast-page-background-meta":{"desktop":{"background-color":"var(--ast-global-color-5)","background-image":"","background-repeat":"repeat","background-position":"center center","background-size":"auto","background-attachment":"scroll","background-type":"","background-media":"","overlay-type":"","overlay-color":"","overlay-opacity":"","overlay-gradient":""},"tablet":{"background-color":"","background-image":"","background-repeat":"repeat","background-position":"center center","background-size":"auto","background-attachment":"scroll","background-type":"","background-media":"","overlay-type":"","overlay-color":"","overlay-opacity":"","overlay-gradient":""},"mobile":{"background-color":"","background-image":"","background-repeat":"repeat","background-position":"center center","background-size":"auto","background-attachment":"scroll","background-type":"","background-media":"","overlay-type":"","overlay-color":"","overlay-opacity":"","overlay-gradient":""}},"ast-content-background-meta":{"desktop":{"background-color":"var(--ast-global-color-4)","background-image":"","background-repeat":"repeat","background-position":"center center","background-size":"auto","background-attachment":"scroll","background-type":"","background-media":"","overlay-type":"","overlay-color":"","overlay-opacity":"","overlay-gradient":""},"tablet":{"background-color":"var(--ast-global-color-4)","background-image":"","background-repeat":"repeat","background-position":"center center","background-size":"auto","background-attachment":"scroll","background-type":"","background-media":"","overlay-type":"","overlay-color":"","overlay-opacity":"","overlay-gradient":""},"mobile":{"background-color":"var(--ast-global-color-4)","background-image":"","background-repeat":"repeat","background-position":"center center","background-size":"auto","background-attachment":"scroll","background-type":"","background-media":"","overlay-type":"","overlay-color":"","overlay-opacity":"","overlay-gradient":""}},"footnotes":""},"categories":[31],"tags":[],"class_list":["post-2319","page","type-page","status-publish","has-post-thumbnail","hentry","category-promociones"],"yoast_head":"<!-- This site is optimized with the Yoast SEO Premium plugin v25.1 (Yoast SEO v25.2) - https:\/\/yoast.com\/wordpress\/plugins\/seo\/ -->\n<title>Promoci\u00f3n El Rocio 2025 - LUXURY ATTICS<\/title>\n<meta name=\"robots\" content=\"index, follow, max-snippet:-1, max-image-preview:large, max-video-preview:-1\" \/>\n<link rel=\"canonical\" href=\"https:\/\/luxuryattics.com\/en\/promotions\/el-rocio-2025-promotion\/\" \/>\n<meta property=\"og:locale\" content=\"en_US\" \/>\n<meta property=\"og:type\" content=\"article\" \/>\n<meta property=\"og:title\" content=\"Promoci\u00f3n El Rocio 2025\" \/>\n<meta property=\"og:description\" content=\"Ciudad de Huelva Promoci\u00f3n El Rocio 2025 Huelva, en el suroeste de Espa\u00f1a, ofrece una rica historia, naturaleza y cultura. [&hellip;]\" \/>\n<meta property=\"og:url\" content=\"https:\/\/luxuryattics.com\/en\/promotions\/el-rocio-2025-promotion\/\" \/>\n<meta property=\"og:site_name\" content=\"LUXURY ATTICS\" \/>\n<meta property=\"article:modified_time\" content=\"2025-05-03T20:49:42+00:00\" \/>\n<meta property=\"og:image\" content=\"https:\/\/luxuryattics.com\/wp-content\/uploads\/2025\/05\/Promo-Rocio-2025.jpg\" \/>\n\t<meta property=\"og:image:width\" content=\"1920\" \/>\n\t<meta property=\"og:image:height\" content=\"1285\" \/>\n\t<meta property=\"og:image:type\" content=\"image\/jpeg\" \/>\n<meta name=\"twitter:card\" content=\"summary_large_image\" \/>\n<meta name=\"twitter:label1\" content=\"Est. reading time\" \/>\n\t<meta name=\"twitter:data1\" content=\"2 minutes\" \/>\n<script type=\"application\/ld+json\" class=\"yoast-schema-graph\">{\"@context\":\"https:\/\/schema.org\",\"@graph\":[{\"@type\":\"WebPage\",\"@id\":\"https:\/\/luxuryattics.com\/promociones\/promocion-el-rocio-2025\/\",\"url\":\"https:\/\/luxuryattics.com\/promociones\/promocion-el-rocio-2025\/\",\"name\":\"Promoci\u00f3n El Rocio 2025 - LUXURY ATTICS\",\"isPartOf\":{\"@id\":\"https:\/\/luxuryattics.com\/#website\"},\"primaryImageOfPage\":{\"@id\":\"https:\/\/luxuryattics.com\/promociones\/promocion-el-rocio-2025\/#primaryimage\"},\"image\":{\"@id\":\"https:\/\/luxuryattics.com\/promociones\/promocion-el-rocio-2025\/#primaryimage\"},\"thumbnailUrl\":\"https:\/\/luxuryattics.com\/wp-content\/uploads\/2025\/05\/Promo-Rocio-2025.jpg\",\"datePublished\":\"2025-05-03T19:57:12+00:00\",\"dateModified\":\"2025-05-03T20:49:42+00:00\",\"breadcrumb\":{\"@id\":\"https:\/\/luxuryattics.com\/promociones\/promocion-el-rocio-2025\/#breadcrumb\"},\"inLanguage\":\"en-US\",\"potentialAction\":[{\"@type\":\"ReadAction\",\"target\":[\"https:\/\/luxuryattics.com\/promociones\/promocion-el-rocio-2025\/\"]}]},{\"@type\":\"ImageObject\",\"inLanguage\":\"en-US\",\"@id\":\"https:\/\/luxuryattics.com\/promociones\/promocion-el-rocio-2025\/#primaryimage\",\"url\":\"https:\/\/luxuryattics.com\/wp-content\/uploads\/2025\/05\/Promo-Rocio-2025.jpg\",\"contentUrl\":\"https:\/\/luxuryattics.com\/wp-content\/uploads\/2025\/05\/Promo-Rocio-2025.jpg\",\"width\":1920,\"height\":1285},{\"@type\":\"BreadcrumbList\",\"@id\":\"https:\/\/luxuryattics.com\/promociones\/promocion-el-rocio-2025\/#breadcrumb\",\"itemListElement\":[{\"@type\":\"ListItem\",\"position\":1,\"name\":\"Portada\",\"item\":\"https:\/\/luxuryattics.com\/\"},{\"@type\":\"ListItem\",\"position\":2,\"name\":\"\u00a1Promociones!\",\"item\":\"https:\/\/luxuryattics.com\/promociones\/\"},{\"@type\":\"ListItem\",\"position\":3,\"name\":\"Promoci\u00f3n El Rocio 2025\"}]},{\"@type\":\"WebSite\",\"@id\":\"https:\/\/luxuryattics.com\/#website\",\"url\":\"https:\/\/luxuryattics.com\/\",\"name\":\"LUXURY ATTICS\",\"description\":\"\",\"publisher\":{\"@id\":\"https:\/\/luxuryattics.com\/#organization\"},\"potentialAction\":[{\"@type\":\"SearchAction\",\"target\":{\"@type\":\"EntryPoint\",\"urlTemplate\":\"https:\/\/luxuryattics.com\/?s={search_term_string}\"},\"query-input\":{\"@type\":\"PropertyValueSpecification\",\"valueRequired\":true,\"valueName\":\"search_term_string\"}}],\"inLanguage\":\"en-US\"},{\"@type\":\"Organization\",\"@id\":\"https:\/\/luxuryattics.com\/#organization\",\"name\":\"LUXURY ATTICS\",\"url\":\"https:\/\/luxuryattics.com\/\",\"logo\":{\"@type\":\"ImageObject\",\"inLanguage\":\"en-US\",\"@id\":\"https:\/\/luxuryattics.com\/#\/schema\/logo\/image\/\",\"url\":\"https:\/\/luxuryattics.com\/wp-content\/uploads\/2025\/04\/logotipo2.webp\",\"contentUrl\":\"https:\/\/luxuryattics.com\/wp-content\/uploads\/2025\/04\/logotipo2.webp\",\"width\":600,\"height\":120,\"caption\":\"LUXURY ATTICS\"},\"image\":{\"@id\":\"https:\/\/luxuryattics.com\/#\/schema\/logo\/image\/\"}}]}<\/script>\n<!-- \/ Yoast SEO Premium plugin. -->","yoast_head_json":{"title":"Promoci\u00f3n El Rocio 2025 - LUXURY ATTICS","robots":{"index":"index","follow":"follow","max-snippet":"max-snippet:-1","max-image-preview":"max-image-preview:large","max-video-preview":"max-video-preview:-1"},"canonical":"https:\/\/luxuryattics.com\/en\/promotions\/el-rocio-2025-promotion\/","og_locale":"en_US","og_type":"article","og_title":"Promoci\u00f3n El Rocio 2025","og_description":"Ciudad de Huelva Promoci\u00f3n El Rocio 2025 Huelva, en el suroeste de Espa\u00f1a, ofrece una rica historia, naturaleza y cultura. [&hellip;]","og_url":"https:\/\/luxuryattics.com\/en\/promotions\/el-rocio-2025-promotion\/","og_site_name":"LUXURY ATTICS","article_modified_time":"2025-05-03T20:49:42+00:00","og_image":[{"width":1920,"height":1285,"url":"https:\/\/luxuryattics.com\/wp-content\/uploads\/2025\/05\/Promo-Rocio-2025.jpg","type":"image\/jpeg"}],"twitter_card":"summary_large_image","twitter_misc":{"Est. reading time":"2 minutes"},"schema":{"@context":"https:\/\/schema.org","@graph":[{"@type":"WebPage","@id":"https:\/\/luxuryattics.com\/promociones\/promocion-el-rocio-2025\/","url":"https:\/\/luxuryattics.com\/promociones\/promocion-el-rocio-2025\/","name":"Promoci\u00f3n El Rocio 2025 - LUXURY ATTICS","isPartOf":{"@id":"https:\/\/luxuryattics.com\/#website"},"primaryImageOfPage":{"@id":"https:\/\/luxuryattics.com\/promociones\/promocion-el-rocio-2025\/#primaryimage"},"image":{"@id":"https:\/\/luxuryattics.com\/promociones\/promocion-el-rocio-2025\/#primaryimage"},"thumbnailUrl":"https:\/\/luxuryattics.com\/wp-content\/uploads\/2025\/05\/Promo-Rocio-2025.jpg","datePublished":"2025-05-03T19:57:12+00:00","dateModified":"2025-05-03T20:49:42+00:00","breadcrumb":{"@id":"https:\/\/luxuryattics.com\/promociones\/promocion-el-rocio-2025\/#breadcrumb"},"inLanguage":"en-US","potentialAction":[{"@type":"ReadAction","target":["https:\/\/luxuryattics.com\/promociones\/promocion-el-rocio-2025\/"]}]},{"@type":"ImageObject","inLanguage":"en-US","@id":"https:\/\/luxuryattics.com\/promociones\/promocion-el-rocio-2025\/#primaryimage","url":"https:\/\/luxuryattics.com\/wp-content\/uploads\/2025\/05\/Promo-Rocio-2025.jpg","contentUrl":"https:\/\/luxuryattics.com\/wp-content\/uploads\/2025\/05\/Promo-Rocio-2025.jpg","width":1920,"height":1285},{"@type":"BreadcrumbList","@id":"https:\/\/luxuryattics.com\/promociones\/promocion-el-rocio-2025\/#breadcrumb","itemListElement":[{"@type":"ListItem","position":1,"name":"Portada","item":"https:\/\/luxuryattics.com\/"},{"@type":"ListItem","position":2,"name":"\u00a1Promociones!","item":"https:\/\/luxuryattics.com\/promociones\/"},{"@type":"ListItem","position":3,"name":"Promoci\u00f3n El Rocio 2025"}]},{"@type":"WebSite","@id":"https:\/\/luxuryattics.com\/#website","url":"https:\/\/luxuryattics.com\/","name":"LUXURY ATTICS","description":"","publisher":{"@id":"https:\/\/luxuryattics.com\/#organization"},"potentialAction":[{"@type":"SearchAction","target":{"@type":"EntryPoint","urlTemplate":"https:\/\/luxuryattics.com\/?s={search_term_string}"},"query-input":{"@type":"PropertyValueSpecification","valueRequired":true,"valueName":"search_term_string"}}],"inLanguage":"en-US"},{"@type":"Organization","@id":"https:\/\/luxuryattics.com\/#organization","name":"LUXURY ATTICS","url":"https:\/\/luxuryattics.com\/","logo":{"@type":"ImageObject","inLanguage":"en-US","@id":"https:\/\/luxuryattics.com\/#\/schema\/logo\/image\/","url":"https:\/\/luxuryattics.com\/wp-content\/uploads\/2025\/04\/logotipo2.webp","contentUrl":"https:\/\/luxuryattics.com\/wp-content\/uploads\/2025\/04\/logotipo2.webp","width":600,"height":120,"caption":"LUXURY ATTICS"},"image":{"@id":"https:\/\/luxuryattics.com\/#\/schema\/logo\/image\/"}}]}},"_links":{"self":[{"href":"https:\/\/luxuryattics.com\/en\/wp-json\/wp\/v2\/pages\/2319","targetHints":{"allow":["GET"]}}],"collection":[{"href":"https:\/\/luxuryattics.com\/en\/wp-json\/wp\/v2\/pages"}],"about":[{"href":"https:\/\/luxuryattics.com\/en\/wp-json\/wp\/v2\/types\/page"}],"author":[{"embeddable":true,"href":"https:\/\/luxuryattics.com\/en\/wp-json\/wp\/v2\/users\/2"}],"replies":[{"embeddable":true,"href":"https:\/\/luxuryattics.com\/en\/wp-json\/wp\/v2\/comments?post=2319"}],"version-history":[{"count":4,"href":"https:\/\/luxuryattics.com\/en\/wp-json\/wp\/v2\/pages\/2319\/revisions"}],"predecessor-version":[{"id":2365,"href":"https:\/\/luxuryattics.com\/en\/wp-json\/wp\/v2\/pages\/2319\/revisions\/2365"}],"up":[{"embeddable":true,"href":"https:\/\/luxuryattics.com\/en\/wp-json\/wp\/v2\/pages\/2303"}],"wp:featuredmedia":[{"embeddable":true,"href":"https:\/\/luxuryattics.com\/en\/wp-json\/wp\/v2\/media\/2321"}],"wp:attachment":[{"href":"https:\/\/luxuryattics.com\/en\/wp-json\/wp\/v2\/media?parent=2319"}],"wp:term":[{"taxonomy":"category","embeddable":true,"href":"https:\/\/luxuryattics.com\/en\/wp-json\/wp\/v2\/categories?post=2319"},{"taxonomy":"post_tag","embeddable":true,"href":"https:\/\/luxuryattics.com\/en\/wp-json\/wp\/v2\/tags?post=2319"}],"curies":[{"name":"wp","href":"https:\/\/api.w.org\/{rel}","templated":true}]}}