{"id":2500,"date":"2025-05-04T20:35:40","date_gmt":"2025-05-04T20:35:40","guid":{"rendered":"https:\/\/luxuryattics.com\/?page_id=2500"},"modified":"2025-05-28T18:58:00","modified_gmt":"2025-05-28T18:58:00","slug":"condiciones-de-reserva","status":"publish","type":"page","link":"https:\/\/luxuryattics.com\/en\/booking-conditions\/","title":{"rendered":"Booking and cancellation conditions"},"content":{"rendered":"<div data-elementor-type=\"wp-page\" data-elementor-id=\"2500\" class=\"elementor elementor-2500\" data-elementor-settings=\"{&quot;element_pack_global_tooltip_width&quot;:{&quot;unit&quot;:&quot;px&quot;,&quot;size&quot;:&quot;&quot;,&quot;sizes&quot;:[]},&quot;element_pack_global_tooltip_width_laptop&quot;:{&quot;unit&quot;:&quot;px&quot;,&quot;size&quot;:&quot;&quot;,&quot;sizes&quot;:[]},&quot;element_pack_global_tooltip_width_tablet_extra&quot;:{&quot;unit&quot;:&quot;px&quot;,&quot;size&quot;:&quot;&quot;,&quot;sizes&quot;:[]},&quot;element_pack_global_tooltip_width_tablet&quot;:{&quot;unit&quot;:&quot;px&quot;,&quot;size&quot;:&quot;&quot;,&quot;sizes&quot;:[]},&quot;element_pack_global_tooltip_width_mobile&quot;:{&quot;unit&quot;:&quot;px&quot;,&quot;size&quot;:&quot;&quot;,&quot;sizes&quot;:[]},&quot;element_pack_global_tooltip_padding&quot;:{&quot;unit&quot;:&quot;px&quot;,&quot;top&quot;:&quot;&quot;,&quot;right&quot;:&quot;&quot;,&quot;bottom&quot;:&quot;&quot;,&quot;left&quot;:&quot;&quot;,&quot;isLinked&quot;:true},&quot;element_pack_global_tooltip_padding_laptop&quot;:{&quot;unit&quot;:&quot;px&quot;,&quot;top&quot;:&quot;&quot;,&quot;right&quot;:&quot;&quot;,&quot;bottom&quot;:&quot;&quot;,&quot;left&quot;:&quot;&quot;,&quot;isLinked&quot;:true},&quot;element_pack_global_tooltip_padding_tablet_extra&quot;:{&quot;unit&quot;:&quot;px&quot;,&quot;top&quot;:&quot;&quot;,&quot;right&quot;:&quot;&quot;,&quot;bottom&quot;:&quot;&quot;,&quot;left&quot;:&quot;&quot;,&quot;isLinked&quot;:true},&quot;element_pack_global_tooltip_padding_tablet&quot;:{&quot;unit&quot;:&quot;px&quot;,&quot;top&quot;:&quot;&quot;,&quot;right&quot;:&quot;&quot;,&quot;bottom&quot;:&quot;&quot;,&quot;left&quot;:&quot;&quot;,&quot;isLinked&quot;:true},&quot;element_pack_global_tooltip_padding_mobile&quot;:{&quot;unit&quot;:&quot;px&quot;,&quot;top&quot;:&quot;&quot;,&quot;right&quot;:&quot;&quot;,&quot;bottom&quot;:&quot;&quot;,&quot;left&quot;:&quot;&quot;,&quot;isLinked&quot;:true},&quot;element_pack_global_tooltip_border_radius&quot;:{&quot;unit&quot;:&quot;px&quot;,&quot;top&quot;:&quot;&quot;,&quot;right&quot;:&quot;&quot;,&quot;bottom&quot;:&quot;&quot;,&quot;left&quot;:&quot;&quot;,&quot;isLinked&quot;:true},&quot;element_pack_global_tooltip_border_radius_laptop&quot;:{&quot;unit&quot;:&quot;px&quot;,&quot;top&quot;:&quot;&quot;,&quot;right&quot;:&quot;&quot;,&quot;bottom&quot;:&quot;&quot;,&quot;left&quot;:&quot;&quot;,&quot;isLinked&quot;:true},&quot;element_pack_global_tooltip_border_radius_tablet_extra&quot;:{&quot;unit&quot;:&quot;px&quot;,&quot;top&quot;:&quot;&quot;,&quot;right&quot;:&quot;&quot;,&quot;bottom&quot;:&quot;&quot;,&quot;left&quot;:&quot;&quot;,&quot;isLinked&quot;:true},&quot;element_pack_global_tooltip_border_radius_tablet&quot;:{&quot;unit&quot;:&quot;px&quot;,&quot;top&quot;:&quot;&quot;,&quot;right&quot;:&quot;&quot;,&quot;bottom&quot;:&quot;&quot;,&quot;left&quot;:&quot;&quot;,&quot;isLinked&quot;:true},&quot;element_pack_global_tooltip_border_radius_mobile&quot;:{&quot;unit&quot;:&quot;px&quot;,&quot;top&quot;:&quot;&quot;,&quot;right&quot;:&quot;&quot;,&quot;bottom&quot;:&quot;&quot;,&quot;left&quot;:&quot;&quot;,&quot;isLinked&quot;:true}}\" data-elementor-post-type=\"page\">\n\t\t\t\t<div class=\"elementor-element elementor-element-ea91f27 e-con-full e-flex e-con e-parent\" data-id=\"ea91f27\" data-element_type=\"container\">\n\t\t\t\t<div class=\"elementor-element elementor-element-a7cceed elementor-widget elementor-widget-image\" data-id=\"a7cceed\" data-element_type=\"widget\" data-widget_type=\"image.default\">\n\t\t\t\t<div class=\"elementor-widget-container\">\n\t\t\t\t\t\t\t\t\t\t\t\t\t\t\t<img fetchpriority=\"high\" decoding=\"async\" width=\"1920\" height=\"260\" src=\"https:\/\/luxuryattics.com\/wp-content\/uploads\/2025\/03\/contacto-luxury-attics.webp\" class=\"attachment-full size-full wp-image-1035\" alt=\"\" srcset=\"https:\/\/luxuryattics.com\/wp-content\/uploads\/2025\/03\/contacto-luxury-attics.webp 1920w, https:\/\/luxuryattics.com\/wp-content\/uploads\/2025\/03\/contacto-luxury-attics-600x81.webp 600w, https:\/\/luxuryattics.com\/wp-content\/uploads\/2025\/03\/contacto-luxury-attics-300x41.webp 300w, https:\/\/luxuryattics.com\/wp-content\/uploads\/2025\/03\/contacto-luxury-attics-1024x139.webp 1024w, https:\/\/luxuryattics.com\/wp-content\/uploads\/2025\/03\/contacto-luxury-attics-768x104.webp 768w, https:\/\/luxuryattics.com\/wp-content\/uploads\/2025\/03\/contacto-luxury-attics-18x2.webp 18w, https:\/\/luxuryattics.com\/wp-content\/uploads\/2025\/03\/contacto-luxury-attics-1536x208.webp 1536w, https:\/\/luxuryattics.com\/wp-content\/uploads\/2025\/03\/contacto-luxury-attics-170x23.webp 170w\" sizes=\"(max-width: 1920px) 100vw, 1920px\" \/>\t\t\t\t\t\t\t\t\t\t\t\t\t\t\t<\/div>\n\t\t\t\t<\/div>\n\t\t\t\t<\/div>\n\t\t<div class=\"elementor-element elementor-element-65af668 e-flex e-con-boxed e-con e-parent\" data-id=\"65af668\" data-element_type=\"container\" data-settings=\"{&quot;background_background&quot;:&quot;classic&quot;}\">\n\t\t\t\t\t<div class=\"e-con-inner\">\n\t\t<div class=\"elementor-element elementor-element-cddb744 e-con-full e-flex e-con e-child\" data-id=\"cddb744\" data-element_type=\"container\">\n\t\t\t\t<div class=\"elementor-element elementor-element-ec10e68 elementor-widget elementor-widget-heading\" data-id=\"ec10e68\" data-element_type=\"widget\" data-widget_type=\"heading.default\">\n\t\t\t\t<div class=\"elementor-widget-container\">\n\t\t\t\t\t<h2 class=\"elementor-heading-title elementor-size-default\">Booking and cancellation conditions<\/h2>\t\t\t\t<\/div>\n\t\t\t\t<\/div>\n\t\t\t\t<div class=\"elementor-element elementor-element-e40e4d8 elementor-widget elementor-widget-text-editor\" data-id=\"e40e4d8\" data-element_type=\"widget\" data-widget_type=\"text-editor.default\">\n\t\t\t\t<div class=\"elementor-widget-container\">\n\t\t\t\t\t\t\t\t\t<p>In the event that the reservation has been made with <strong>Right of Cancellation<\/strong>the amount of the <strong>100% of the amount paid<\/strong>provided that the cancellation is effected with a <strong>at least 5 calendar days in advance<\/strong> with respect to the date of entry foreseen in the reservation.<\/p><p>If the cancellation is made <strong>within the previous 5 days<\/strong> at the date of entry, <strong>no reimbursement will be made<\/strong>whatever the reason for the cancellation.<\/p><p>To cancel a reservation, the user must access his\/her account through our website: <a href=\"https:\/\/luxuryattics.com\/en\/\">www.luxuryattics.com<\/a> and cancel from your profile. Alternatively, you can also request cancellation by sending an email to: <strong>info@luxuryattics.com<\/strong>.<\/p><p><strong>Important:<\/strong> These cancellation conditions <strong>not applicable during the months of July and August.<\/strong>in which <strong>reservation with cancellation option is not allowed<\/strong>. During this period, all bookings will be considered as <strong>non-refundable<\/strong>.<\/p>\t\t\t\t\t\t\t\t<\/div>\n\t\t\t\t<\/div>\n\t\t\t\t<\/div>\n\t\t\t\t\t<\/div>\n\t\t\t\t<\/div>\n\t\t\t\t<\/div>","protected":false},"excerpt":{"rendered":"<p>Booking and cancellation conditions In the event that the reservation has been made with the Right of Cancellation, [...]<\/p>","protected":false},"author":2,"featured_media":0,"parent":0,"menu_order":0,"comment_status":"closed","ping_status":"closed","template":"elementor_theme","meta":{"site-sidebar-layout":"no-sidebar","site-content-layout":"","ast-site-content-layout":"full-width-container","site-content-style":"default","site-sidebar-style":"default","ast-global-header-display":"","ast-banner-title-visibility":"","ast-main-header-display":"","ast-hfb-above-header-display":"","ast-hfb-below-header-display":"","ast-hfb-mobile-header-display":"","site-post-title":"disabled","ast-breadcrumbs-content":"","ast-featured-img":"disabled","footer-sml-layout":"","theme-transparent-header-meta":"","adv-header-id-meta":"","stick-header-meta":"","header-above-stick-meta":"","header-main-stick-meta":"","header-below-stick-meta":"","astra-migrate-meta-layouts":"default","ast-page-background-enabled":"default","ast-page-background-meta":{"desktop":{"background-color":"var(--ast-global-color-5)","background-image":"","background-repeat":"repeat","background-position":"center center","background-size":"auto","background-attachment":"scroll","background-type":"","background-media":"","overlay-type":"","overlay-color":"","overlay-opacity":"","overlay-gradient":""},"tablet":{"background-color":"","background-image":"","background-repeat":"repeat","background-position":"center center","background-size":"auto","background-attachment":"scroll","background-type":"","background-media":"","overlay-type":"","overlay-color":"","overlay-opacity":"","overlay-gradient":""},"mobile":{"background-color":"","background-image":"","background-repeat":"repeat","background-position":"center center","background-size":"auto","background-attachment":"scroll","background-type":"","background-media":"","overlay-type":"","overlay-color":"","overlay-opacity":"","overlay-gradient":""}},"ast-content-background-meta":{"desktop":{"background-color":"var(--ast-global-color-4)","background-image":"","background-repeat":"repeat","background-position":"center center","background-size":"auto","background-attachment":"scroll","background-type":"","background-media":"","overlay-type":"","overlay-color":"","overlay-opacity":"","overlay-gradient":""},"tablet":{"background-color":"var(--ast-global-color-4)","background-image":"","background-repeat":"repeat","background-position":"center center","background-size":"auto","background-attachment":"scroll","background-type":"","background-media":"","overlay-type":"","overlay-color":"","overlay-opacity":"","overlay-gradient":""},"mobile":{"background-color":"var(--ast-global-color-4)","background-image":"","background-repeat":"repeat","background-position":"center center","background-size":"auto","background-attachment":"scroll","background-type":"","background-media":"","overlay-type":"","overlay-color":"","overlay-opacity":"","overlay-gradient":""}},"footnotes":""},"categories":[],"tags":[],"class_list":["post-2500","page","type-page","status-publish","hentry"],"yoast_head":"<!-- This site is optimized with the Yoast SEO Premium plugin v25.1 (Yoast SEO v25.2) - https:\/\/yoast.com\/wordpress\/plugins\/seo\/ -->\n<title>Condiciones de reserva y cancelaci\u00f3n - LUXURY ATTICS<\/title>\n<meta name=\"robots\" content=\"index, follow, max-snippet:-1, max-image-preview:large, max-video-preview:-1\" \/>\n<link rel=\"canonical\" href=\"https:\/\/luxuryattics.com\/en\/booking-conditions\/\" \/>\n<meta property=\"og:locale\" content=\"en_US\" \/>\n<meta property=\"og:type\" content=\"article\" \/>\n<meta property=\"og:title\" content=\"Condiciones de reserva y cancelaci\u00f3n\" \/>\n<meta property=\"og:description\" content=\"Condiciones de reserva y cancelaci\u00f3n En el caso de que la reserva se haya realizado con Derecho a Cancelaci\u00f3n, se [&hellip;]\" \/>\n<meta property=\"og:url\" content=\"https:\/\/luxuryattics.com\/en\/booking-conditions\/\" \/>\n<meta property=\"og:site_name\" content=\"LUXURY ATTICS\" \/>\n<meta property=\"article:modified_time\" content=\"2025-05-28T18:58:00+00:00\" \/>\n<meta property=\"og:image\" content=\"https:\/\/luxuryattics.com\/wp-content\/uploads\/2025\/03\/contacto-luxury-attics.webp\" \/>\n\t<meta property=\"og:image:width\" content=\"1920\" \/>\n\t<meta property=\"og:image:height\" content=\"260\" \/>\n\t<meta property=\"og:image:type\" content=\"image\/webp\" \/>\n<meta name=\"twitter:card\" content=\"summary_large_image\" \/>\n<meta name=\"twitter:label1\" content=\"Est. reading time\" \/>\n\t<meta name=\"twitter:data1\" content=\"1 minute\" \/>\n<script type=\"application\/ld+json\" class=\"yoast-schema-graph\">{\"@context\":\"https:\/\/schema.org\",\"@graph\":[{\"@type\":\"WebPage\",\"@id\":\"https:\/\/luxuryattics.com\/condiciones-de-reserva\/\",\"url\":\"https:\/\/luxuryattics.com\/condiciones-de-reserva\/\",\"name\":\"Condiciones de reserva y cancelaci\u00f3n - LUXURY ATTICS\",\"isPartOf\":{\"@id\":\"https:\/\/luxuryattics.com\/#website\"},\"primaryImageOfPage\":{\"@id\":\"https:\/\/luxuryattics.com\/condiciones-de-reserva\/#primaryimage\"},\"image\":{\"@id\":\"https:\/\/luxuryattics.com\/condiciones-de-reserva\/#primaryimage\"},\"thumbnailUrl\":\"https:\/\/luxuryattics.com\/wp-content\/uploads\/2025\/03\/contacto-luxury-attics.webp\",\"datePublished\":\"2025-05-04T20:35:40+00:00\",\"dateModified\":\"2025-05-28T18:58:00+00:00\",\"breadcrumb\":{\"@id\":\"https:\/\/luxuryattics.com\/condiciones-de-reserva\/#breadcrumb\"},\"inLanguage\":\"en-US\",\"potentialAction\":[{\"@type\":\"ReadAction\",\"target\":[\"https:\/\/luxuryattics.com\/condiciones-de-reserva\/\"]}]},{\"@type\":\"ImageObject\",\"inLanguage\":\"en-US\",\"@id\":\"https:\/\/luxuryattics.com\/condiciones-de-reserva\/#primaryimage\",\"url\":\"https:\/\/luxuryattics.com\/wp-content\/uploads\/2025\/03\/contacto-luxury-attics.webp\",\"contentUrl\":\"https:\/\/luxuryattics.com\/wp-content\/uploads\/2025\/03\/contacto-luxury-attics.webp\"},{\"@type\":\"BreadcrumbList\",\"@id\":\"https:\/\/luxuryattics.com\/condiciones-de-reserva\/#breadcrumb\",\"itemListElement\":[{\"@type\":\"ListItem\",\"position\":1,\"name\":\"Portada\",\"item\":\"https:\/\/luxuryattics.com\/\"},{\"@type\":\"ListItem\",\"position\":2,\"name\":\"Condiciones de reserva y cancelaci\u00f3n\"}]},{\"@type\":\"WebSite\",\"@id\":\"https:\/\/luxuryattics.com\/#website\",\"url\":\"https:\/\/luxuryattics.com\/\",\"name\":\"LUXURY ATTICS\",\"description\":\"\",\"publisher\":{\"@id\":\"https:\/\/luxuryattics.com\/#organization\"},\"potentialAction\":[{\"@type\":\"SearchAction\",\"target\":{\"@type\":\"EntryPoint\",\"urlTemplate\":\"https:\/\/luxuryattics.com\/?s={search_term_string}\"},\"query-input\":{\"@type\":\"PropertyValueSpecification\",\"valueRequired\":true,\"valueName\":\"search_term_string\"}}],\"inLanguage\":\"en-US\"},{\"@type\":\"Organization\",\"@id\":\"https:\/\/luxuryattics.com\/#organization\",\"name\":\"LUXURY ATTICS\",\"url\":\"https:\/\/luxuryattics.com\/\",\"logo\":{\"@type\":\"ImageObject\",\"inLanguage\":\"en-US\",\"@id\":\"https:\/\/luxuryattics.com\/#\/schema\/logo\/image\/\",\"url\":\"https:\/\/luxuryattics.com\/wp-content\/uploads\/2025\/04\/logotipo2.webp\",\"contentUrl\":\"https:\/\/luxuryattics.com\/wp-content\/uploads\/2025\/04\/logotipo2.webp\",\"width\":600,\"height\":120,\"caption\":\"LUXURY ATTICS\"},\"image\":{\"@id\":\"https:\/\/luxuryattics.com\/#\/schema\/logo\/image\/\"}}]}<\/script>\n<!-- \/ Yoast SEO Premium plugin. -->","yoast_head_json":{"title":"Condiciones de reserva y cancelaci\u00f3n - LUXURY ATTICS","robots":{"index":"index","follow":"follow","max-snippet":"max-snippet:-1","max-image-preview":"max-image-preview:large","max-video-preview":"max-video-preview:-1"},"canonical":"https:\/\/luxuryattics.com\/en\/booking-conditions\/","og_locale":"en_US","og_type":"article","og_title":"Condiciones de reserva y cancelaci\u00f3n","og_description":"Condiciones de reserva y cancelaci\u00f3n En el caso de que la reserva se haya realizado con Derecho a Cancelaci\u00f3n, se [&hellip;]","og_url":"https:\/\/luxuryattics.com\/en\/booking-conditions\/","og_site_name":"LUXURY ATTICS","article_modified_time":"2025-05-28T18:58:00+00:00","og_image":[{"width":1920,"height":260,"url":"https:\/\/luxuryattics.com\/wp-content\/uploads\/2025\/03\/contacto-luxury-attics.webp","type":"image\/webp"}],"twitter_card":"summary_large_image","twitter_misc":{"Est. reading time":"1 minute"},"schema":{"@context":"https:\/\/schema.org","@graph":[{"@type":"WebPage","@id":"https:\/\/luxuryattics.com\/condiciones-de-reserva\/","url":"https:\/\/luxuryattics.com\/condiciones-de-reserva\/","name":"Condiciones de reserva y cancelaci\u00f3n - LUXURY ATTICS","isPartOf":{"@id":"https:\/\/luxuryattics.com\/#website"},"primaryImageOfPage":{"@id":"https:\/\/luxuryattics.com\/condiciones-de-reserva\/#primaryimage"},"image":{"@id":"https:\/\/luxuryattics.com\/condiciones-de-reserva\/#primaryimage"},"thumbnailUrl":"https:\/\/luxuryattics.com\/wp-content\/uploads\/2025\/03\/contacto-luxury-attics.webp","datePublished":"2025-05-04T20:35:40+00:00","dateModified":"2025-05-28T18:58:00+00:00","breadcrumb":{"@id":"https:\/\/luxuryattics.com\/condiciones-de-reserva\/#breadcrumb"},"inLanguage":"en-US","potentialAction":[{"@type":"ReadAction","target":["https:\/\/luxuryattics.com\/condiciones-de-reserva\/"]}]},{"@type":"ImageObject","inLanguage":"en-US","@id":"https:\/\/luxuryattics.com\/condiciones-de-reserva\/#primaryimage","url":"https:\/\/luxuryattics.com\/wp-content\/uploads\/2025\/03\/contacto-luxury-attics.webp","contentUrl":"https:\/\/luxuryattics.com\/wp-content\/uploads\/2025\/03\/contacto-luxury-attics.webp"},{"@type":"BreadcrumbList","@id":"https:\/\/luxuryattics.com\/condiciones-de-reserva\/#breadcrumb","itemListElement":[{"@type":"ListItem","position":1,"name":"Portada","item":"https:\/\/luxuryattics.com\/"},{"@type":"ListItem","position":2,"name":"Condiciones de reserva y cancelaci\u00f3n"}]},{"@type":"WebSite","@id":"https:\/\/luxuryattics.com\/#website","url":"https:\/\/luxuryattics.com\/","name":"LUXURY ATTICS","description":"","publisher":{"@id":"https:\/\/luxuryattics.com\/#organization"},"potentialAction":[{"@type":"SearchAction","target":{"@type":"EntryPoint","urlTemplate":"https:\/\/luxuryattics.com\/?s={search_term_string}"},"query-input":{"@type":"PropertyValueSpecification","valueRequired":true,"valueName":"search_term_string"}}],"inLanguage":"en-US"},{"@type":"Organization","@id":"https:\/\/luxuryattics.com\/#organization","name":"LUXURY ATTICS","url":"https:\/\/luxuryattics.com\/","logo":{"@type":"ImageObject","inLanguage":"en-US","@id":"https:\/\/luxuryattics.com\/#\/schema\/logo\/image\/","url":"https:\/\/luxuryattics.com\/wp-content\/uploads\/2025\/04\/logotipo2.webp","contentUrl":"https:\/\/luxuryattics.com\/wp-content\/uploads\/2025\/04\/logotipo2.webp","width":600,"height":120,"caption":"LUXURY ATTICS"},"image":{"@id":"https:\/\/luxuryattics.com\/#\/schema\/logo\/image\/"}}]}},"_links":{"self":[{"href":"https:\/\/luxuryattics.com\/en\/wp-json\/wp\/v2\/pages\/2500","targetHints":{"allow":["GET"]}}],"collection":[{"href":"https:\/\/luxuryattics.com\/en\/wp-json\/wp\/v2\/pages"}],"about":[{"href":"https:\/\/luxuryattics.com\/en\/wp-json\/wp\/v2\/types\/page"}],"author":[{"embeddable":true,"href":"https:\/\/luxuryattics.com\/en\/wp-json\/wp\/v2\/users\/2"}],"replies":[{"embeddable":true,"href":"https:\/\/luxuryattics.com\/en\/wp-json\/wp\/v2\/comments?post=2500"}],"version-history":[{"count":5,"href":"https:\/\/luxuryattics.com\/en\/wp-json\/wp\/v2\/pages\/2500\/revisions"}],"predecessor-version":[{"id":2643,"href":"https:\/\/luxuryattics.com\/en\/wp-json\/wp\/v2\/pages\/2500\/revisions\/2643"}],"wp:attachment":[{"href":"https:\/\/luxuryattics.com\/en\/wp-json\/wp\/v2\/media?parent=2500"}],"wp:term":[{"taxonomy":"category","embeddable":true,"href":"https:\/\/luxuryattics.com\/en\/wp-json\/wp\/v2\/categories?post=2500"},{"taxonomy":"post_tag","embeddable":true,"href":"https:\/\/luxuryattics.com\/en\/wp-json\/wp\/v2\/tags?post=2500"}],"curies":[{"name":"wp","href":"https:\/\/api.w.org\/{rel}","templated":true}]}}