{"id":2317,"date":"2025-05-03T19:54:49","date_gmt":"2025-05-03T19:54:49","guid":{"rendered":"https:\/\/luxuryattics.com\/?page_id=2317"},"modified":"2025-05-03T20:48:59","modified_gmt":"2025-05-03T20:48:59","slug":"promocion-pimavera-2025","status":"publish","type":"page","link":"https:\/\/luxuryattics.com\/fr\/promotions\/promotion-printemps-2025\/","title":{"rendered":"Promotion du printemps 2025"},"content":{"rendered":"<div data-elementor-type=\"wp-page\" data-elementor-id=\"2317\" class=\"elementor elementor-2317\" data-elementor-settings=\"{&quot;element_pack_global_tooltip_width&quot;:{&quot;unit&quot;:&quot;px&quot;,&quot;size&quot;:&quot;&quot;,&quot;sizes&quot;:[]},&quot;element_pack_global_tooltip_width_laptop&quot;:{&quot;unit&quot;:&quot;px&quot;,&quot;size&quot;:&quot;&quot;,&quot;sizes&quot;:[]},&quot;element_pack_global_tooltip_width_tablet_extra&quot;:{&quot;unit&quot;:&quot;px&quot;,&quot;size&quot;:&quot;&quot;,&quot;sizes&quot;:[]},&quot;element_pack_global_tooltip_width_tablet&quot;:{&quot;unit&quot;:&quot;px&quot;,&quot;size&quot;:&quot;&quot;,&quot;sizes&quot;:[]},&quot;element_pack_global_tooltip_width_mobile&quot;:{&quot;unit&quot;:&quot;px&quot;,&quot;size&quot;:&quot;&quot;,&quot;sizes&quot;:[]},&quot;element_pack_global_tooltip_padding&quot;:{&quot;unit&quot;:&quot;px&quot;,&quot;top&quot;:&quot;&quot;,&quot;right&quot;:&quot;&quot;,&quot;bottom&quot;:&quot;&quot;,&quot;left&quot;:&quot;&quot;,&quot;isLinked&quot;:true},&quot;element_pack_global_tooltip_padding_laptop&quot;:{&quot;unit&quot;:&quot;px&quot;,&quot;top&quot;:&quot;&quot;,&quot;right&quot;:&quot;&quot;,&quot;bottom&quot;:&quot;&quot;,&quot;left&quot;:&quot;&quot;,&quot;isLinked&quot;:true},&quot;element_pack_global_tooltip_padding_tablet_extra&quot;:{&quot;unit&quot;:&quot;px&quot;,&quot;top&quot;:&quot;&quot;,&quot;right&quot;:&quot;&quot;,&quot;bottom&quot;:&quot;&quot;,&quot;left&quot;:&quot;&quot;,&quot;isLinked&quot;:true},&quot;element_pack_global_tooltip_padding_tablet&quot;:{&quot;unit&quot;:&quot;px&quot;,&quot;top&quot;:&quot;&quot;,&quot;right&quot;:&quot;&quot;,&quot;bottom&quot;:&quot;&quot;,&quot;left&quot;:&quot;&quot;,&quot;isLinked&quot;:true},&quot;element_pack_global_tooltip_padding_mobile&quot;:{&quot;unit&quot;:&quot;px&quot;,&quot;top&quot;:&quot;&quot;,&quot;right&quot;:&quot;&quot;,&quot;bottom&quot;:&quot;&quot;,&quot;left&quot;:&quot;&quot;,&quot;isLinked&quot;:true},&quot;element_pack_global_tooltip_border_radius&quot;:{&quot;unit&quot;:&quot;px&quot;,&quot;top&quot;:&quot;&quot;,&quot;right&quot;:&quot;&quot;,&quot;bottom&quot;:&quot;&quot;,&quot;left&quot;:&quot;&quot;,&quot;isLinked&quot;:true},&quot;element_pack_global_tooltip_border_radius_laptop&quot;:{&quot;unit&quot;:&quot;px&quot;,&quot;top&quot;:&quot;&quot;,&quot;right&quot;:&quot;&quot;,&quot;bottom&quot;:&quot;&quot;,&quot;left&quot;:&quot;&quot;,&quot;isLinked&quot;:true},&quot;element_pack_global_tooltip_border_radius_tablet_extra&quot;:{&quot;unit&quot;:&quot;px&quot;,&quot;top&quot;:&quot;&quot;,&quot;right&quot;:&quot;&quot;,&quot;bottom&quot;:&quot;&quot;,&quot;left&quot;:&quot;&quot;,&quot;isLinked&quot;:true},&quot;element_pack_global_tooltip_border_radius_tablet&quot;:{&quot;unit&quot;:&quot;px&quot;,&quot;top&quot;:&quot;&quot;,&quot;right&quot;:&quot;&quot;,&quot;bottom&quot;:&quot;&quot;,&quot;left&quot;:&quot;&quot;,&quot;isLinked&quot;:true},&quot;element_pack_global_tooltip_border_radius_mobile&quot;:{&quot;unit&quot;:&quot;px&quot;,&quot;top&quot;:&quot;&quot;,&quot;right&quot;:&quot;&quot;,&quot;bottom&quot;:&quot;&quot;,&quot;left&quot;:&quot;&quot;,&quot;isLinked&quot;:true}}\" data-elementor-post-type=\"page\">\n\t\t\t\t<div class=\"elementor-element elementor-element-ac4c13a e-con-full e-flex e-con e-parent\" data-id=\"ac4c13a\" data-element_type=\"container\">\n\t\t\t\t<div class=\"elementor-element elementor-element-e4e6cb2 elementor-widget elementor-widget-image\" data-id=\"e4e6cb2\" data-element_type=\"widget\" data-widget_type=\"image.default\">\n\t\t\t\t<div class=\"elementor-widget-container\">\n\t\t\t\t\t\t\t\t\t\t\t\t\t\t\t<img fetchpriority=\"high\" decoding=\"async\" width=\"1920\" height=\"531\" src=\"https:\/\/luxuryattics.com\/wp-content\/uploads\/2025\/03\/el-entorno-luxury-attics.webp\" class=\"attachment-full size-full wp-image-1000\" alt=\"\" srcset=\"https:\/\/luxuryattics.com\/wp-content\/uploads\/2025\/03\/el-entorno-luxury-attics.webp 1920w, https:\/\/luxuryattics.com\/wp-content\/uploads\/2025\/03\/el-entorno-luxury-attics-600x166.webp 600w, https:\/\/luxuryattics.com\/wp-content\/uploads\/2025\/03\/el-entorno-luxury-attics-300x83.webp 300w, https:\/\/luxuryattics.com\/wp-content\/uploads\/2025\/03\/el-entorno-luxury-attics-1024x283.webp 1024w, https:\/\/luxuryattics.com\/wp-content\/uploads\/2025\/03\/el-entorno-luxury-attics-768x212.webp 768w, https:\/\/luxuryattics.com\/wp-content\/uploads\/2025\/03\/el-entorno-luxury-attics-18x5.webp 18w, https:\/\/luxuryattics.com\/wp-content\/uploads\/2025\/03\/el-entorno-luxury-attics-1536x425.webp 1536w, https:\/\/luxuryattics.com\/wp-content\/uploads\/2025\/03\/el-entorno-luxury-attics-170x47.webp 170w\" sizes=\"(max-width: 1920px) 100vw, 1920px\" \/>\t\t\t\t\t\t\t\t\t\t\t\t\t\t\t<\/div>\n\t\t\t\t<\/div>\n\t\t\t\t<\/div>\n\t\t<div class=\"elementor-element elementor-element-4f3a9ac e-con-full e-flex e-con e-parent\" data-id=\"4f3a9ac\" data-element_type=\"container\" data-settings=\"{&quot;background_background&quot;:&quot;classic&quot;}\">\n\t\t<div class=\"elementor-element elementor-element-cdcb55f e-con-full e-flex e-con e-child\" data-id=\"cdcb55f\" data-element_type=\"container\">\n\t\t<div class=\"elementor-element elementor-element-3715956 e-con-full e-flex e-con e-child\" data-id=\"3715956\" data-element_type=\"container\">\n\t\t\t\t<div class=\"elementor-element elementor-element-43ccf57 elementor-widget elementor-widget-text-editor\" data-id=\"43ccf57\" data-element_type=\"widget\" data-widget_type=\"text-editor.default\">\n\t\t\t\t<div class=\"elementor-widget-container\">\n\t\t\t\t\t\t\t\t\tVille de Huelva\t\t\t\t\t\t\t\t<\/div>\n\t\t\t\t<\/div>\n\t\t<div class=\"elementor-element elementor-element-680b0e3 e-con-full e-flex e-con e-child\" data-id=\"680b0e3\" data-element_type=\"container\">\n\t\t\t\t<div class=\"elementor-element elementor-element-b24d3f3 elementor-widget elementor-widget-heading\" data-id=\"b24d3f3\" data-element_type=\"widget\" data-widget_type=\"heading.default\">\n\t\t\t\t<div class=\"elementor-widget-container\">\n\t\t\t\t\t<h1 class=\"elementor-heading-title elementor-size-default\">Promotion du printemps 2025<\/h1>\t\t\t\t<\/div>\n\t\t\t\t<\/div>\n\t\t\t\t<div class=\"elementor-element elementor-element-64c2ff7 elementor-widget-divider--view-line elementor-widget elementor-widget-divider\" data-id=\"64c2ff7\" data-element_type=\"widget\" data-widget_type=\"divider.default\">\n\t\t\t\t<div class=\"elementor-widget-container\">\n\t\t\t\t\t\t\t<div class=\"elementor-divider\">\n\t\t\t<span class=\"elementor-divider-separator\">\n\t\t\t\t\t\t<\/span>\n\t\t<\/div>\n\t\t\t\t\t\t<\/div>\n\t\t\t\t<\/div>\n\t\t\t\t<\/div>\n\t\t\t\t<div class=\"elementor-element elementor-element-caab023 elementor-widget__width-initial elementor-widget elementor-widget-text-editor\" data-id=\"caab023\" data-element_type=\"widget\" data-widget_type=\"text-editor.default\">\n\t\t\t\t<div class=\"elementor-widget-container\">\n\t\t\t\t\t\t\t\t\t<p>Huelva, dans le sud-ouest de l'Espagne, offre une histoire, une nature et une culture riches. Ses sites embl\u00e9matiques comprennent la cath\u00e9drale de La Merced, le Muelle del Tinto et le Barrio Reina Victoria, \u00e0 l'architecture unique. Le parc Moret est l'endroit id\u00e9al pour profiter de la nature au c\u0153ur du centre-ville, tandis que le monument \u00e0 la foi d\u00e9couvreuse rend hommage \u00e0 l'h\u00e9ritage de la d\u00e9couverte de l'Am\u00e9rique.<\/p><p>Ne manquez pas le mus\u00e9e de Huelva, o\u00f9 convergent l'histoire et l'art contemporain, et la Casa Col\u00f3n, un centre culturel cl\u00e9 de la ville. \u00c0 l'ext\u00e9rieur du centre, les marais d'Odiel et les plages voisines, comme celle de Punta Umbr\u00eda, sont id\u00e9ales pour les amoureux de la nature et de la d\u00e9tente. La gastronomie locale est \u00e9galement \u00e0 ne pas manquer, avec des produits frais au Mercado del Carmen.<\/p><p>Huelva est une ville qui allie tradition, culture et espaces naturels. Quelle que soit la raison de votre visite, vous y trouverez des exp\u00e9riences inoubliables qui vous donneront envie de revenir. Province de Huelva.<\/p>\t\t\t\t\t\t\t\t<\/div>\n\t\t\t\t<\/div>\n\t\t\t\t<\/div>\n\t\t<div class=\"elementor-element elementor-element-e3d6909 e-con-full e-flex e-con e-child\" data-id=\"e3d6909\" data-element_type=\"container\">\n\t\t\t\t<div class=\"elementor-element elementor-element-6a000e8 elementor-widget elementor-widget-image\" data-id=\"6a000e8\" data-element_type=\"widget\" data-widget_type=\"image.default\">\n\t\t\t\t<div class=\"elementor-widget-container\">\n\t\t\t\t\t\t\t\t\t\t\t\t\t\t\t<img decoding=\"async\" width=\"561\" height=\"701\" src=\"https:\/\/luxuryattics.com\/wp-content\/uploads\/2025\/03\/huelva-turismo-historia-cultura-naturaleza.webp\" class=\"attachment-full size-full wp-image-27\" alt=\"Vue panoramique de Huelva avec le Muelle del Tinto au coucher du soleil, une destination touristique avec son histoire, sa culture et sa nature en Andalousie, Espagne.\" srcset=\"https:\/\/luxuryattics.com\/wp-content\/uploads\/2025\/03\/huelva-turismo-historia-cultura-naturaleza.webp 561w, https:\/\/luxuryattics.com\/wp-content\/uploads\/2025\/03\/huelva-turismo-historia-cultura-naturaleza-240x300.webp 240w, https:\/\/luxuryattics.com\/wp-content\/uploads\/2025\/03\/huelva-turismo-historia-cultura-naturaleza-136x170.webp 136w\" sizes=\"(max-width: 561px) 100vw, 561px\" \/>\t\t\t\t\t\t\t\t\t\t\t\t\t\t\t<\/div>\n\t\t\t\t<\/div>\n\t\t\t\t<\/div>\n\t\t\t\t<\/div>\n\t\t\t\t<\/div>\n\t\t\t\t<\/div>","protected":false},"excerpt":{"rendered":"<p>Ville de Huelva Printemps 2025 Promotion Huelva, dans le sud-ouest de l'Espagne, offre une histoire, une nature et une culture riches. Parmi [...]<\/p>","protected":false},"author":2,"featured_media":2323,"parent":2303,"menu_order":0,"comment_status":"closed","ping_status":"closed","template":"elementor_theme","meta":{"site-sidebar-layout":"no-sidebar","site-content-layout":"","ast-site-content-layout":"full-width-container","site-content-style":"default","site-sidebar-style":"default","ast-global-header-display":"","ast-banner-title-visibility":"","ast-main-header-display":"","ast-hfb-above-header-display":"","ast-hfb-below-header-display":"","ast-hfb-mobile-header-display":"","site-post-title":"disabled","ast-breadcrumbs-content":"","ast-featured-img":"disabled","footer-sml-layout":"","theme-transparent-header-meta":"","adv-header-id-meta":"","stick-header-meta":"","header-above-stick-meta":"","header-main-stick-meta":"","header-below-stick-meta":"","astra-migrate-meta-layouts":"default","ast-page-background-enabled":"default","ast-page-background-meta":{"desktop":{"background-color":"var(--ast-global-color-5)","background-image":"","background-repeat":"repeat","background-position":"center center","background-size":"auto","background-attachment":"scroll","background-type":"","background-media":"","overlay-type":"","overlay-color":"","overlay-opacity":"","overlay-gradient":""},"tablet":{"background-color":"","background-image":"","background-repeat":"repeat","background-position":"center center","background-size":"auto","background-attachment":"scroll","background-type":"","background-media":"","overlay-type":"","overlay-color":"","overlay-opacity":"","overlay-gradient":""},"mobile":{"background-color":"","background-image":"","background-repeat":"repeat","background-position":"center center","background-size":"auto","background-attachment":"scroll","background-type":"","background-media":"","overlay-type":"","overlay-color":"","overlay-opacity":"","overlay-gradient":""}},"ast-content-background-meta":{"desktop":{"background-color":"var(--ast-global-color-4)","background-image":"","background-repeat":"repeat","background-position":"center center","background-size":"auto","background-attachment":"scroll","background-type":"","background-media":"","overlay-type":"","overlay-color":"","overlay-opacity":"","overlay-gradient":""},"tablet":{"background-color":"var(--ast-global-color-4)","background-image":"","background-repeat":"repeat","background-position":"center center","background-size":"auto","background-attachment":"scroll","background-type":"","background-media":"","overlay-type":"","overlay-color":"","overlay-opacity":"","overlay-gradient":""},"mobile":{"background-color":"var(--ast-global-color-4)","background-image":"","background-repeat":"repeat","background-position":"center center","background-size":"auto","background-attachment":"scroll","background-type":"","background-media":"","overlay-type":"","overlay-color":"","overlay-opacity":"","overlay-gradient":""}},"footnotes":""},"categories":[31],"tags":[],"class_list":["post-2317","page","type-page","status-publish","has-post-thumbnail","hentry","category-promociones"],"yoast_head":"<!-- This site is optimized with the Yoast SEO Premium plugin v25.1 (Yoast SEO v25.2) - https:\/\/yoast.com\/wordpress\/plugins\/seo\/ -->\n<title>Promoci\u00f3n Primavera 2025 - LUXURY ATTICS<\/title>\n<meta name=\"robots\" content=\"index, follow, max-snippet:-1, max-image-preview:large, max-video-preview:-1\" \/>\n<link rel=\"canonical\" href=\"https:\/\/luxuryattics.com\/fr\/promotions\/promotion-printemps-2025\/\" \/>\n<meta property=\"og:locale\" content=\"fr_FR\" \/>\n<meta property=\"og:type\" content=\"article\" \/>\n<meta property=\"og:title\" content=\"Promoci\u00f3n Primavera 2025\" \/>\n<meta property=\"og:description\" content=\"Ciudad de Huelva Promoci\u00f3n Primavera 2025 Huelva, en el suroeste de Espa\u00f1a, ofrece una rica historia, naturaleza y cultura. Entre [&hellip;]\" \/>\n<meta property=\"og:url\" content=\"https:\/\/luxuryattics.com\/fr\/promotions\/promotion-printemps-2025\/\" \/>\n<meta property=\"og:site_name\" content=\"LUXURY ATTICS\" \/>\n<meta property=\"article:modified_time\" content=\"2025-05-03T20:48:59+00:00\" \/>\n<meta property=\"og:image\" content=\"https:\/\/luxuryattics.com\/wp-content\/uploads\/2025\/05\/una-sola-jara-en-flor-scaled.jpg\" \/>\n\t<meta property=\"og:image:width\" content=\"2560\" \/>\n\t<meta property=\"og:image:height\" content=\"1920\" \/>\n\t<meta property=\"og:image:type\" content=\"image\/jpeg\" \/>\n<meta name=\"twitter:card\" content=\"summary_large_image\" \/>\n<meta name=\"twitter:label1\" content=\"Dur\u00e9e de lecture estim\u00e9e\" \/>\n\t<meta name=\"twitter:data1\" content=\"2 minutes\" \/>\n<script type=\"application\/ld+json\" class=\"yoast-schema-graph\">{\"@context\":\"https:\/\/schema.org\",\"@graph\":[{\"@type\":\"WebPage\",\"@id\":\"https:\/\/luxuryattics.com\/promociones\/promocion-pimavera-2025\/\",\"url\":\"https:\/\/luxuryattics.com\/promociones\/promocion-pimavera-2025\/\",\"name\":\"Promoci\u00f3n Primavera 2025 - LUXURY ATTICS\",\"isPartOf\":{\"@id\":\"https:\/\/luxuryattics.com\/#website\"},\"primaryImageOfPage\":{\"@id\":\"https:\/\/luxuryattics.com\/promociones\/promocion-pimavera-2025\/#primaryimage\"},\"image\":{\"@id\":\"https:\/\/luxuryattics.com\/promociones\/promocion-pimavera-2025\/#primaryimage\"},\"thumbnailUrl\":\"https:\/\/luxuryattics.com\/wp-content\/uploads\/2025\/05\/una-sola-jara-en-flor-scaled.jpg\",\"datePublished\":\"2025-05-03T19:54:49+00:00\",\"dateModified\":\"2025-05-03T20:48:59+00:00\",\"breadcrumb\":{\"@id\":\"https:\/\/luxuryattics.com\/promociones\/promocion-pimavera-2025\/#breadcrumb\"},\"inLanguage\":\"fr-FR\",\"potentialAction\":[{\"@type\":\"ReadAction\",\"target\":[\"https:\/\/luxuryattics.com\/promociones\/promocion-pimavera-2025\/\"]}]},{\"@type\":\"ImageObject\",\"inLanguage\":\"fr-FR\",\"@id\":\"https:\/\/luxuryattics.com\/promociones\/promocion-pimavera-2025\/#primaryimage\",\"url\":\"https:\/\/luxuryattics.com\/wp-content\/uploads\/2025\/05\/una-sola-jara-en-flor-scaled.jpg\",\"contentUrl\":\"https:\/\/luxuryattics.com\/wp-content\/uploads\/2025\/05\/una-sola-jara-en-flor-scaled.jpg\",\"width\":2560,\"height\":1920,\"caption\":\"Una sola jara en flor\"},{\"@type\":\"BreadcrumbList\",\"@id\":\"https:\/\/luxuryattics.com\/promociones\/promocion-pimavera-2025\/#breadcrumb\",\"itemListElement\":[{\"@type\":\"ListItem\",\"position\":1,\"name\":\"Portada\",\"item\":\"https:\/\/luxuryattics.com\/\"},{\"@type\":\"ListItem\",\"position\":2,\"name\":\"\u00a1Promociones!\",\"item\":\"https:\/\/luxuryattics.com\/promociones\/\"},{\"@type\":\"ListItem\",\"position\":3,\"name\":\"Promoci\u00f3n Primavera 2025\"}]},{\"@type\":\"WebSite\",\"@id\":\"https:\/\/luxuryattics.com\/#website\",\"url\":\"https:\/\/luxuryattics.com\/\",\"name\":\"LUXURY ATTICS\",\"description\":\"\",\"publisher\":{\"@id\":\"https:\/\/luxuryattics.com\/#organization\"},\"potentialAction\":[{\"@type\":\"SearchAction\",\"target\":{\"@type\":\"EntryPoint\",\"urlTemplate\":\"https:\/\/luxuryattics.com\/?s={search_term_string}\"},\"query-input\":{\"@type\":\"PropertyValueSpecification\",\"valueRequired\":true,\"valueName\":\"search_term_string\"}}],\"inLanguage\":\"fr-FR\"},{\"@type\":\"Organization\",\"@id\":\"https:\/\/luxuryattics.com\/#organization\",\"name\":\"LUXURY ATTICS\",\"url\":\"https:\/\/luxuryattics.com\/\",\"logo\":{\"@type\":\"ImageObject\",\"inLanguage\":\"fr-FR\",\"@id\":\"https:\/\/luxuryattics.com\/#\/schema\/logo\/image\/\",\"url\":\"https:\/\/luxuryattics.com\/wp-content\/uploads\/2025\/04\/logotipo2.webp\",\"contentUrl\":\"https:\/\/luxuryattics.com\/wp-content\/uploads\/2025\/04\/logotipo2.webp\",\"width\":600,\"height\":120,\"caption\":\"LUXURY ATTICS\"},\"image\":{\"@id\":\"https:\/\/luxuryattics.com\/#\/schema\/logo\/image\/\"}}]}<\/script>\n<!-- \/ Yoast SEO Premium plugin. -->","yoast_head_json":{"title":"Promoci\u00f3n Primavera 2025 - LUXURY ATTICS","robots":{"index":"index","follow":"follow","max-snippet":"max-snippet:-1","max-image-preview":"max-image-preview:large","max-video-preview":"max-video-preview:-1"},"canonical":"https:\/\/luxuryattics.com\/fr\/promotions\/promotion-printemps-2025\/","og_locale":"fr_FR","og_type":"article","og_title":"Promoci\u00f3n Primavera 2025","og_description":"Ciudad de Huelva Promoci\u00f3n Primavera 2025 Huelva, en el suroeste de Espa\u00f1a, ofrece una rica historia, naturaleza y cultura. Entre [&hellip;]","og_url":"https:\/\/luxuryattics.com\/fr\/promotions\/promotion-printemps-2025\/","og_site_name":"LUXURY ATTICS","article_modified_time":"2025-05-03T20:48:59+00:00","og_image":[{"width":2560,"height":1920,"url":"https:\/\/luxuryattics.com\/wp-content\/uploads\/2025\/05\/una-sola-jara-en-flor-scaled.jpg","type":"image\/jpeg"}],"twitter_card":"summary_large_image","twitter_misc":{"Dur\u00e9e de lecture estim\u00e9e":"2 minutes"},"schema":{"@context":"https:\/\/schema.org","@graph":[{"@type":"WebPage","@id":"https:\/\/luxuryattics.com\/promociones\/promocion-pimavera-2025\/","url":"https:\/\/luxuryattics.com\/promociones\/promocion-pimavera-2025\/","name":"Promoci\u00f3n Primavera 2025 - LUXURY ATTICS","isPartOf":{"@id":"https:\/\/luxuryattics.com\/#website"},"primaryImageOfPage":{"@id":"https:\/\/luxuryattics.com\/promociones\/promocion-pimavera-2025\/#primaryimage"},"image":{"@id":"https:\/\/luxuryattics.com\/promociones\/promocion-pimavera-2025\/#primaryimage"},"thumbnailUrl":"https:\/\/luxuryattics.com\/wp-content\/uploads\/2025\/05\/una-sola-jara-en-flor-scaled.jpg","datePublished":"2025-05-03T19:54:49+00:00","dateModified":"2025-05-03T20:48:59+00:00","breadcrumb":{"@id":"https:\/\/luxuryattics.com\/promociones\/promocion-pimavera-2025\/#breadcrumb"},"inLanguage":"fr-FR","potentialAction":[{"@type":"ReadAction","target":["https:\/\/luxuryattics.com\/promociones\/promocion-pimavera-2025\/"]}]},{"@type":"ImageObject","inLanguage":"fr-FR","@id":"https:\/\/luxuryattics.com\/promociones\/promocion-pimavera-2025\/#primaryimage","url":"https:\/\/luxuryattics.com\/wp-content\/uploads\/2025\/05\/una-sola-jara-en-flor-scaled.jpg","contentUrl":"https:\/\/luxuryattics.com\/wp-content\/uploads\/2025\/05\/una-sola-jara-en-flor-scaled.jpg","width":2560,"height":1920,"caption":"Una sola jara en flor"},{"@type":"BreadcrumbList","@id":"https:\/\/luxuryattics.com\/promociones\/promocion-pimavera-2025\/#breadcrumb","itemListElement":[{"@type":"ListItem","position":1,"name":"Portada","item":"https:\/\/luxuryattics.com\/"},{"@type":"ListItem","position":2,"name":"\u00a1Promociones!","item":"https:\/\/luxuryattics.com\/promociones\/"},{"@type":"ListItem","position":3,"name":"Promoci\u00f3n Primavera 2025"}]},{"@type":"WebSite","@id":"https:\/\/luxuryattics.com\/#website","url":"https:\/\/luxuryattics.com\/","name":"LUXURY ATTICS","description":"","publisher":{"@id":"https:\/\/luxuryattics.com\/#organization"},"potentialAction":[{"@type":"SearchAction","target":{"@type":"EntryPoint","urlTemplate":"https:\/\/luxuryattics.com\/?s={search_term_string}"},"query-input":{"@type":"PropertyValueSpecification","valueRequired":true,"valueName":"search_term_string"}}],"inLanguage":"fr-FR"},{"@type":"Organization","@id":"https:\/\/luxuryattics.com\/#organization","name":"LUXURY ATTICS","url":"https:\/\/luxuryattics.com\/","logo":{"@type":"ImageObject","inLanguage":"fr-FR","@id":"https:\/\/luxuryattics.com\/#\/schema\/logo\/image\/","url":"https:\/\/luxuryattics.com\/wp-content\/uploads\/2025\/04\/logotipo2.webp","contentUrl":"https:\/\/luxuryattics.com\/wp-content\/uploads\/2025\/04\/logotipo2.webp","width":600,"height":120,"caption":"LUXURY ATTICS"},"image":{"@id":"https:\/\/luxuryattics.com\/#\/schema\/logo\/image\/"}}]}},"_links":{"self":[{"href":"https:\/\/luxuryattics.com\/fr\/wp-json\/wp\/v2\/pages\/2317","targetHints":{"allow":["GET"]}}],"collection":[{"href":"https:\/\/luxuryattics.com\/fr\/wp-json\/wp\/v2\/pages"}],"about":[{"href":"https:\/\/luxuryattics.com\/fr\/wp-json\/wp\/v2\/types\/page"}],"author":[{"embeddable":true,"href":"https:\/\/luxuryattics.com\/fr\/wp-json\/wp\/v2\/users\/2"}],"replies":[{"embeddable":true,"href":"https:\/\/luxuryattics.com\/fr\/wp-json\/wp\/v2\/comments?post=2317"}],"version-history":[{"count":10,"href":"https:\/\/luxuryattics.com\/fr\/wp-json\/wp\/v2\/pages\/2317\/revisions"}],"predecessor-version":[{"id":2362,"href":"https:\/\/luxuryattics.com\/fr\/wp-json\/wp\/v2\/pages\/2317\/revisions\/2362"}],"up":[{"embeddable":true,"href":"https:\/\/luxuryattics.com\/fr\/wp-json\/wp\/v2\/pages\/2303"}],"wp:featuredmedia":[{"embeddable":true,"href":"https:\/\/luxuryattics.com\/fr\/wp-json\/wp\/v2\/media\/2323"}],"wp:attachment":[{"href":"https:\/\/luxuryattics.com\/fr\/wp-json\/wp\/v2\/media?parent=2317"}],"wp:term":[{"taxonomy":"category","embeddable":true,"href":"https:\/\/luxuryattics.com\/fr\/wp-json\/wp\/v2\/categories?post=2317"},{"taxonomy":"post_tag","embeddable":true,"href":"https:\/\/luxuryattics.com\/fr\/wp-json\/wp\/v2\/tags?post=2317"}],"curies":[{"name":"wp","href":"https:\/\/api.w.org\/{rel}","templated":true}]}}