{"id":2199,"date":"2025-05-03T12:57:23","date_gmt":"2025-05-03T12:57:23","guid":{"rendered":"https:\/\/luxuryattics.com\/?post_type=product&#038;p=2199"},"modified":"2025-05-28T21:00:07","modified_gmt":"2025-05-28T21:00:07","slug":"atico-avenida-italia","status":"publish","type":"product","link":"https:\/\/luxuryattics.com\/fr\/reservation-huelva\/atico-avenida-italia\/","title":{"rendered":"Penthouse Avenida Italia"},"content":{"rendered":"<p>Penthouse avec 90m2 de terrasse, totalement r\u00e9nov\u00e9 en 2019 et situ\u00e9 dans le centre de Huelva (en face du March\u00e9) et \u00e0 quelques pas des zones commerciales et touristiques. Id\u00e9al pour les courts s\u00e9jours, tant pour le travail que pour les loisirs, en raison de sa proximit\u00e9 avec des plages impressionnantes, Portugal, Do\u00f1ana, etc. Acc\u00e8s facile en voiture et parking public \u00e0 seulement 50 m.<br \/>\nNous souhaitons que les visiteurs de notre ville vivent une exp\u00e9rience unique et se sentent chez eux, tout en profitant des merveilles de notre province et de notre ville.<br \/>\nLa propri\u00e9t\u00e9 est situ\u00e9e au c\u0153ur du centre-ville, en face du march\u00e9 municipal.<\/p>\n<p>Num\u00e9ro de licence\/enregistrement : VTF\/HU\/02474<\/p>","protected":false},"excerpt":{"rendered":"<div data-src=\"https:\/\/cdn.trustindex.io\/loader.js?1b92e544501f75441c56d0aeb53\"><\/div>","protected":false},"featured_media":2269,"comment_status":"open","ping_status":"closed","template":"","meta":{"site-sidebar-layout":"default","site-content-layout":"","ast-site-content-layout":"default","site-content-style":"default","site-sidebar-style":"default","ast-global-header-display":"","ast-banner-title-visibility":"","ast-main-header-display":"","ast-hfb-above-header-display":"","ast-hfb-below-header-display":"","ast-hfb-mobile-header-display":"","site-post-title":"","ast-breadcrumbs-content":"","ast-featured-img":"","footer-sml-layout":"","theme-transparent-header-meta":"default","adv-header-id-meta":"","stick-header-meta":"","header-above-stick-meta":"","header-main-stick-meta":"","header-below-stick-meta":"","astra-migrate-meta-layouts":"set","ast-page-background-enabled":"default","ast-page-background-meta":{"desktop":{"background-color":"var(--ast-global-color-5)","background-image":"","background-repeat":"repeat","background-position":"center center","background-size":"auto","background-attachment":"scroll","background-type":"","background-media":"","overlay-type":"","overlay-color":"","overlay-opacity":"","overlay-gradient":""},"tablet":{"background-color":"","background-image":"","background-repeat":"repeat","background-position":"center center","background-size":"auto","background-attachment":"scroll","background-type":"","background-media":"","overlay-type":"","overlay-color":"","overlay-opacity":"","overlay-gradient":""},"mobile":{"background-color":"","background-image":"","background-repeat":"repeat","background-position":"center center","background-size":"auto","background-attachment":"scroll","background-type":"","background-media":"","overlay-type":"","overlay-color":"","overlay-opacity":"","overlay-gradient":""}},"ast-content-background-meta":{"desktop":{"background-color":"var(--ast-global-color-4)","background-image":"","background-repeat":"repeat","background-position":"center center","background-size":"auto","background-attachment":"scroll","background-type":"","background-media":"","overlay-type":"","overlay-color":"","overlay-opacity":"","overlay-gradient":""},"tablet":{"background-color":"var(--ast-global-color-4)","background-image":"","background-repeat":"repeat","background-position":"center center","background-size":"auto","background-attachment":"scroll","background-type":"","background-media":"","overlay-type":"","overlay-color":"","overlay-opacity":"","overlay-gradient":""},"mobile":{"background-color":"var(--ast-global-color-4)","background-image":"","background-repeat":"repeat","background-position":"center center","background-size":"auto","background-attachment":"scroll","background-type":"","background-media":"","overlay-type":"","overlay-color":"","overlay-opacity":"","overlay-gradient":""}}},"product_brand":[],"product_cat":[24],"product_tag":[],"class_list":{"0":"post-2199","1":"product","2":"type-product","3":"status-publish","4":"has-post-thumbnail","6":"product_cat-atico-av-italia","7":"desktop-align-left","8":"tablet-align-left","9":"mobile-align-left","11":"first","12":"instock","13":"virtual","14":"sold-individually","15":"purchasable","16":"product-type-booking"},"yoast_head":"<!-- This site is optimized with the Yoast SEO Premium plugin v25.1 (Yoast SEO v25.2) - https:\/\/yoast.com\/wordpress\/plugins\/seo\/ -->\n<title>\u00c1tico Avenida Italia - LUXURY ATTICS<\/title>\n<meta name=\"robots\" content=\"index, follow, max-snippet:-1, max-image-preview:large, max-video-preview:-1\" \/>\n<link rel=\"canonical\" href=\"https:\/\/luxuryattics.com\/fr\/reservation-huelva\/atico-avenida-italia\/\" \/>\n<meta property=\"og:locale\" content=\"fr_FR\" \/>\n<meta property=\"og:type\" content=\"article\" \/>\n<meta property=\"og:title\" content=\"\u00c1tico Avenida Italia\" \/>\n<meta property=\"og:url\" content=\"https:\/\/luxuryattics.com\/fr\/reservation-huelva\/atico-avenida-italia\/\" \/>\n<meta property=\"og:site_name\" content=\"LUXURY ATTICS\" \/>\n<meta property=\"article:modified_time\" content=\"2025-05-28T21:00:07+00:00\" \/>\n<meta property=\"og:image\" content=\"https:\/\/luxuryattics.com\/wp-content\/uploads\/2025\/05\/AV-Italia-Foto-principal.jpg\" \/>\n\t<meta property=\"og:image:width\" content=\"1920\" \/>\n\t<meta property=\"og:image:height\" content=\"540\" \/>\n\t<meta property=\"og:image:type\" content=\"image\/jpeg\" \/>\n<meta name=\"twitter:card\" content=\"summary_large_image\" \/>\n<meta name=\"twitter:description\" content=\"[trustindex data-widget-id=1b92e544501f75441c56d0aeb53]\" \/>\n<meta name=\"twitter:label1\" content=\"Dur\u00e9e de lecture estim\u00e9e\" \/>\n\t<meta name=\"twitter:data1\" content=\"1 minute\" \/>\n<script type=\"application\/ld+json\" class=\"yoast-schema-graph\">{\"@context\":\"https:\/\/schema.org\",\"@graph\":[{\"@type\":\"WebPage\",\"@id\":\"https:\/\/luxuryattics.com\/booking-huelva\/atico-avenida-italia\/\",\"url\":\"https:\/\/luxuryattics.com\/booking-huelva\/atico-avenida-italia\/\",\"name\":\"\u00c1tico Avenida Italia - LUXURY ATTICS\",\"isPartOf\":{\"@id\":\"https:\/\/luxuryattics.com\/#website\"},\"primaryImageOfPage\":{\"@id\":\"https:\/\/luxuryattics.com\/booking-huelva\/atico-avenida-italia\/#primaryimage\"},\"image\":{\"@id\":\"https:\/\/luxuryattics.com\/booking-huelva\/atico-avenida-italia\/#primaryimage\"},\"thumbnailUrl\":\"https:\/\/luxuryattics.com\/wp-content\/uploads\/2025\/05\/AV-Italia-Foto-principal.jpg\",\"datePublished\":\"2025-05-03T12:57:23+00:00\",\"dateModified\":\"2025-05-28T21:00:07+00:00\",\"breadcrumb\":{\"@id\":\"https:\/\/luxuryattics.com\/booking-huelva\/atico-avenida-italia\/#breadcrumb\"},\"inLanguage\":\"fr-FR\",\"potentialAction\":[{\"@type\":\"ReadAction\",\"target\":[\"https:\/\/luxuryattics.com\/booking-huelva\/atico-avenida-italia\/\"]}]},{\"@type\":\"ImageObject\",\"inLanguage\":\"fr-FR\",\"@id\":\"https:\/\/luxuryattics.com\/booking-huelva\/atico-avenida-italia\/#primaryimage\",\"url\":\"https:\/\/luxuryattics.com\/wp-content\/uploads\/2025\/05\/AV-Italia-Foto-principal.jpg\",\"contentUrl\":\"https:\/\/luxuryattics.com\/wp-content\/uploads\/2025\/05\/AV-Italia-Foto-principal.jpg\",\"width\":1920,\"height\":540},{\"@type\":\"BreadcrumbList\",\"@id\":\"https:\/\/luxuryattics.com\/booking-huelva\/atico-avenida-italia\/#breadcrumb\",\"itemListElement\":[{\"@type\":\"ListItem\",\"position\":1,\"name\":\"Portada\",\"item\":\"https:\/\/luxuryattics.com\/\"},{\"@type\":\"ListItem\",\"position\":2,\"name\":\"Tienda\",\"item\":\"https:\/\/luxuryattics.com\/tienda\/\"},{\"@type\":\"ListItem\",\"position\":3,\"name\":\"\u00c1tico Avenida Italia\"}]},{\"@type\":\"WebSite\",\"@id\":\"https:\/\/luxuryattics.com\/#website\",\"url\":\"https:\/\/luxuryattics.com\/\",\"name\":\"LUXURY ATTICS\",\"description\":\"\",\"publisher\":{\"@id\":\"https:\/\/luxuryattics.com\/#organization\"},\"potentialAction\":[{\"@type\":\"SearchAction\",\"target\":{\"@type\":\"EntryPoint\",\"urlTemplate\":\"https:\/\/luxuryattics.com\/?s={search_term_string}\"},\"query-input\":{\"@type\":\"PropertyValueSpecification\",\"valueRequired\":true,\"valueName\":\"search_term_string\"}}],\"inLanguage\":\"fr-FR\"},{\"@type\":\"Organization\",\"@id\":\"https:\/\/luxuryattics.com\/#organization\",\"name\":\"LUXURY ATTICS\",\"url\":\"https:\/\/luxuryattics.com\/\",\"logo\":{\"@type\":\"ImageObject\",\"inLanguage\":\"fr-FR\",\"@id\":\"https:\/\/luxuryattics.com\/#\/schema\/logo\/image\/\",\"url\":\"https:\/\/luxuryattics.com\/wp-content\/uploads\/2025\/04\/logotipo2.webp\",\"contentUrl\":\"https:\/\/luxuryattics.com\/wp-content\/uploads\/2025\/04\/logotipo2.webp\",\"width\":600,\"height\":120,\"caption\":\"LUXURY ATTICS\"},\"image\":{\"@id\":\"https:\/\/luxuryattics.com\/#\/schema\/logo\/image\/\"}}]}<\/script>\n<!-- \/ Yoast SEO Premium plugin. -->","yoast_head_json":{"title":"\u00c1tico Avenida Italia - LUXURY ATTICS","robots":{"index":"index","follow":"follow","max-snippet":"max-snippet:-1","max-image-preview":"max-image-preview:large","max-video-preview":"max-video-preview:-1"},"canonical":"https:\/\/luxuryattics.com\/fr\/reservation-huelva\/atico-avenida-italia\/","og_locale":"fr_FR","og_type":"article","og_title":"\u00c1tico Avenida Italia","og_url":"https:\/\/luxuryattics.com\/fr\/reservation-huelva\/atico-avenida-italia\/","og_site_name":"LUXURY ATTICS","article_modified_time":"2025-05-28T21:00:07+00:00","og_image":[{"width":1920,"height":540,"url":"https:\/\/luxuryattics.com\/wp-content\/uploads\/2025\/05\/AV-Italia-Foto-principal.jpg","type":"image\/jpeg"}],"twitter_card":"summary_large_image","twitter_description":"[trustindex data-widget-id=1b92e544501f75441c56d0aeb53]","twitter_misc":{"Dur\u00e9e de lecture estim\u00e9e":"1 minute"},"schema":{"@context":"https:\/\/schema.org","@graph":[{"@type":"WebPage","@id":"https:\/\/luxuryattics.com\/booking-huelva\/atico-avenida-italia\/","url":"https:\/\/luxuryattics.com\/booking-huelva\/atico-avenida-italia\/","name":"\u00c1tico Avenida Italia - LUXURY ATTICS","isPartOf":{"@id":"https:\/\/luxuryattics.com\/#website"},"primaryImageOfPage":{"@id":"https:\/\/luxuryattics.com\/booking-huelva\/atico-avenida-italia\/#primaryimage"},"image":{"@id":"https:\/\/luxuryattics.com\/booking-huelva\/atico-avenida-italia\/#primaryimage"},"thumbnailUrl":"https:\/\/luxuryattics.com\/wp-content\/uploads\/2025\/05\/AV-Italia-Foto-principal.jpg","datePublished":"2025-05-03T12:57:23+00:00","dateModified":"2025-05-28T21:00:07+00:00","breadcrumb":{"@id":"https:\/\/luxuryattics.com\/booking-huelva\/atico-avenida-italia\/#breadcrumb"},"inLanguage":"fr-FR","potentialAction":[{"@type":"ReadAction","target":["https:\/\/luxuryattics.com\/booking-huelva\/atico-avenida-italia\/"]}]},{"@type":"ImageObject","inLanguage":"fr-FR","@id":"https:\/\/luxuryattics.com\/booking-huelva\/atico-avenida-italia\/#primaryimage","url":"https:\/\/luxuryattics.com\/wp-content\/uploads\/2025\/05\/AV-Italia-Foto-principal.jpg","contentUrl":"https:\/\/luxuryattics.com\/wp-content\/uploads\/2025\/05\/AV-Italia-Foto-principal.jpg","width":1920,"height":540},{"@type":"BreadcrumbList","@id":"https:\/\/luxuryattics.com\/booking-huelva\/atico-avenida-italia\/#breadcrumb","itemListElement":[{"@type":"ListItem","position":1,"name":"Portada","item":"https:\/\/luxuryattics.com\/"},{"@type":"ListItem","position":2,"name":"Tienda","item":"https:\/\/luxuryattics.com\/tienda\/"},{"@type":"ListItem","position":3,"name":"\u00c1tico Avenida Italia"}]},{"@type":"WebSite","@id":"https:\/\/luxuryattics.com\/#website","url":"https:\/\/luxuryattics.com\/","name":"LUXURY ATTICS","description":"","publisher":{"@id":"https:\/\/luxuryattics.com\/#organization"},"potentialAction":[{"@type":"SearchAction","target":{"@type":"EntryPoint","urlTemplate":"https:\/\/luxuryattics.com\/?s={search_term_string}"},"query-input":{"@type":"PropertyValueSpecification","valueRequired":true,"valueName":"search_term_string"}}],"inLanguage":"fr-FR"},{"@type":"Organization","@id":"https:\/\/luxuryattics.com\/#organization","name":"LUXURY ATTICS","url":"https:\/\/luxuryattics.com\/","logo":{"@type":"ImageObject","inLanguage":"fr-FR","@id":"https:\/\/luxuryattics.com\/#\/schema\/logo\/image\/","url":"https:\/\/luxuryattics.com\/wp-content\/uploads\/2025\/04\/logotipo2.webp","contentUrl":"https:\/\/luxuryattics.com\/wp-content\/uploads\/2025\/04\/logotipo2.webp","width":600,"height":120,"caption":"LUXURY ATTICS"},"image":{"@id":"https:\/\/luxuryattics.com\/#\/schema\/logo\/image\/"}}]}},"_links":{"self":[{"href":"https:\/\/luxuryattics.com\/fr\/wp-json\/wp\/v2\/product\/2199","targetHints":{"allow":["GET"]}}],"collection":[{"href":"https:\/\/luxuryattics.com\/fr\/wp-json\/wp\/v2\/product"}],"about":[{"href":"https:\/\/luxuryattics.com\/fr\/wp-json\/wp\/v2\/types\/product"}],"replies":[{"embeddable":true,"href":"https:\/\/luxuryattics.com\/fr\/wp-json\/wp\/v2\/comments?post=2199"}],"version-history":[{"count":4,"href":"https:\/\/luxuryattics.com\/fr\/wp-json\/wp\/v2\/product\/2199\/revisions"}],"predecessor-version":[{"id":2610,"href":"https:\/\/luxuryattics.com\/fr\/wp-json\/wp\/v2\/product\/2199\/revisions\/2610"}],"wp:featuredmedia":[{"embeddable":true,"href":"https:\/\/luxuryattics.com\/fr\/wp-json\/wp\/v2\/media\/2269"}],"wp:attachment":[{"href":"https:\/\/luxuryattics.com\/fr\/wp-json\/wp\/v2\/media?parent=2199"}],"wp:term":[{"taxonomy":"product_brand","embeddable":true,"href":"https:\/\/luxuryattics.com\/fr\/wp-json\/wp\/v2\/product_brand?post=2199"},{"taxonomy":"product_cat","embeddable":true,"href":"https:\/\/luxuryattics.com\/fr\/wp-json\/wp\/v2\/product_cat?post=2199"},{"taxonomy":"product_tag","embeddable":true,"href":"https:\/\/luxuryattics.com\/fr\/wp-json\/wp\/v2\/product_tag?post=2199"}],"curies":[{"name":"wp","href":"https:\/\/api.w.org\/{rel}","templated":true}]}}